{"id":77394,"date":"2023-11-23T17:49:20","date_gmt":"2023-11-23T16:49:20","guid":{"rendered":"https:\/\/hempions.com\/?post_type=product&#038;p=77394"},"modified":"2026-01-19T16:00:48","modified_gmt":"2026-01-19T15:00:48","slug":"hanf-retterpakete","status":"publish","type":"product","link":"https:\/\/staging.hempions.com\/ch\/sale\/hanf-retterpakete\/","title":{"rendered":"Hanf Retterpakete"},"content":{"rendered":"<h2><strong>Entdecke unser Hanf Retterpakete<\/strong><\/h2>\n<p><span style=\"font-weight: 400;\">Perfekt f\u00fcr alle, die Wert auf gesunde Ern\u00e4hrung legen und gleichzeitig wertvolle Lebensmittel retten wollen.\u00a0<\/span><span style=\"font-weight: 400;\">Bei diesem Paket dreht sich alles um K\u00f6stlichkeiten mit einem hohen Gehalt an Omega-3 Fetts\u00e4uren (Omega-3 Retterpaket) oder pflanzlichem Protein (Protein Retterpaket), um deinen K\u00f6rper optimal zu unterst\u00fctzen.\u00a0<\/span><\/p>\n<p><span style=\"font-weight: 400;\">Bitte beachte, dass dieses Paket ein <strong>kurzes Haltbarkeitsdatum<\/strong> hat, weshalb wir es zu einem unschlagbaren Rabattpreis anbieten. <\/span><span style=\"font-weight: 400;\">Die Produkte im Paket sind <strong>mindestens \u20ac 15<\/strong>, oft aber mehr wert.<\/span><\/p>\n<p><span style=\"font-weight: 400;\">Alle Lebensmittel im Paket sind<strong> vegan <\/strong>und\u00a0weisen\u00a0<strong>keine berauschende Wirkung<\/strong> auf, bei gewissen Proudkten k\u00f6nnen erntebedingt Spuren von Gluten enthalten sein.<\/span><\/p>\n<h2><b>Lagerung<\/b><\/h2>\n<p><span style=\"font-weight: 400;\">Gut verschlossen, trocken und vor W\u00e4rme gesch\u00fctzt lagern.<\/span><\/p>\n<h2><b>Hinweise<\/b><\/h2>\n<p><span style=\"font-weight: 400;\">THC-Gehalt: &lt;0,01%<br \/>\n<\/span><span style=\"font-weight: 400;\">CBD-Gehalt: &lt;0,01%<br \/>\n<\/span><span style=\"font-weight: 400;\">Erntebedingt k\u00f6nnen Spuren von Cannabinoiden enthalten sein.<\/span><\/p>","protected":false},"excerpt":{"rendered":"<p>Produkte retten und viel sparen<\/p>","protected":false},"featured_media":79083,"comment_status":"open","ping_status":"closed","template":"","meta":{"CBBTypography":[],"editor_plus_copied_stylings":"{}","site-sidebar-layout":"no-sidebar","site-content-layout":"default","ast-site-content-layout":"default","site-content-style":"default","site-sidebar-style":"default","ast-global-header-display":"","ast-banner-title-visibility":"","ast-main-header-display":"","ast-hfb-above-header-display":"","ast-hfb-below-header-display":"","ast-hfb-mobile-header-display":"","site-post-title":"","ast-breadcrumbs-content":"","ast-featured-img":"","footer-sml-layout":"","ast-disable-related-posts":"","theme-transparent-header-meta":"default","adv-header-id-meta":"","stick-header-meta":"default","header-above-stick-meta":"","header-main-stick-meta":"","header-below-stick-meta":"","astra-migrate-meta-layouts":"set","ast-page-background-enabled":"default","ast-page-background-meta":{"desktop":{"background-color":"","background-image":"","background-repeat":"repeat","background-position":"center center","background-size":"auto","background-attachment":"scroll","background-type":"","background-media":"","overlay-type":"","overlay-color":"","overlay-opacity":"","overlay-gradient":""},"tablet":{"background-color":"","background-image":"","background-repeat":"repeat","background-position":"center center","background-size":"auto","background-attachment":"scroll","background-type":"","background-media":"","overlay-type":"","overlay-color":"","overlay-opacity":"","overlay-gradient":""},"mobile":{"background-color":"","background-image":"","background-repeat":"repeat","background-position":"center center","background-size":"auto","background-attachment":"scroll","background-type":"","background-media":"","overlay-type":"","overlay-color":"","overlay-opacity":"","overlay-gradient":""}},"ast-content-background-meta":{"desktop":{"background-color":"var(--ast-global-color-5)","background-image":"","background-repeat":"repeat","background-position":"center center","background-size":"auto","background-attachment":"scroll","background-type":"","background-media":"","overlay-type":"","overlay-color":"","overlay-opacity":"","overlay-gradient":""},"tablet":{"background-color":"var(--ast-global-color-5)","background-image":"","background-repeat":"repeat","background-position":"center center","background-size":"auto","background-attachment":"scroll","background-type":"","background-media":"","overlay-type":"","overlay-color":"","overlay-opacity":"","overlay-gradient":""},"mobile":{"background-color":"var(--ast-global-color-5)","background-image":"","background-repeat":"repeat","background-position":"center center","background-size":"auto","background-attachment":"scroll","background-type":"","background-media":"","overlay-type":"","overlay-color":"","overlay-opacity":"","overlay-gradient":""}}},"product_brand":[],"product_cat":[4482],"product_tag":[457],"class_list":{"0":"post-77394","1":"product","2":"type-product","3":"status-publish","4":"has-post-thumbnail","6":"product_cat-sale","7":"product_tag-lebensmittel","8":"desktop-align-left","9":"tablet-align-left","10":"mobile-align-left","11":"ast-product-gallery-layout-horizontal-slider","12":"ast-product-gallery-with-no-image","13":"ast-magnify-disabled","14":"ast-product-single-variable","15":"ast-product-tabs-layout-horizontal","17":"first","18":"instock","19":"sale","20":"taxable","21":"shipping-taxable","22":"purchasable","23":"product-type-variable","24":"has-default-attributes"},"_links":{"self":[{"href":"https:\/\/staging.hempions.com\/ch\/wp-json\/wp\/v2\/product\/77394","targetHints":{"allow":["GET"]}}],"collection":[{"href":"https:\/\/staging.hempions.com\/ch\/wp-json\/wp\/v2\/product"}],"about":[{"href":"https:\/\/staging.hempions.com\/ch\/wp-json\/wp\/v2\/types\/product"}],"replies":[{"embeddable":true,"href":"https:\/\/staging.hempions.com\/ch\/wp-json\/wp\/v2\/comments?post=77394"}],"wp:featuredmedia":[{"embeddable":true,"href":"https:\/\/staging.hempions.com\/ch\/wp-json\/wp\/v2\/media\/79083"}],"wp:attachment":[{"href":"https:\/\/staging.hempions.com\/ch\/wp-json\/wp\/v2\/media?parent=77394"}],"wp:term":[{"taxonomy":"product_brand","embeddable":true,"href":"https:\/\/staging.hempions.com\/ch\/wp-json\/wp\/v2\/product_brand?post=77394"},{"taxonomy":"product_cat","embeddable":true,"href":"https:\/\/staging.hempions.com\/ch\/wp-json\/wp\/v2\/product_cat?post=77394"},{"taxonomy":"product_tag","embeddable":true,"href":"https:\/\/staging.hempions.com\/ch\/wp-json\/wp\/v2\/product_tag?post=77394"}],"curies":[{"name":"wp","href":"https:\/\/api.w.org\/{rel}","templated":true}]}}