{"id":73861,"date":"2022-10-18T13:43:41","date_gmt":"2022-10-18T11:43:41","guid":{"rendered":"https:\/\/hempions.com\/?post_type=product&#038;p=73861"},"modified":"2025-12-09T14:38:47","modified_gmt":"2025-12-09T13:38:47","slug":"bio-hanfoel-bonuspack","status":"publish","type":"product","link":"https:\/\/staging.hempions.com\/ch\/sale\/bio-hanfoel-bonuspack\/","title":{"rendered":"Bio Hanf\u00f6l Roasted &#8211; MHD 31.01.2026"},"content":{"rendered":"<h2><b>Das kulinarische Highlight<\/b><\/h2>\n<p>Unser Bio Hanf\u00f6l geh\u00f6rt mit Sicherheit zu den gr\u00f6\u00dften kulinarischen Highlights, die Hanf zu bieten hat. Das \u00d6l begeistert Feinschmecker mit seinem intensiv nussigen Geschmack und punktet zudem mit wertvollen Fetten und Vitalstoffen.<\/p>\n<ul>\n<li>Reich an essentiellen Omega-3 Fetts\u00e4uren.<\/li>\n<li>Aus Bio Hanfsamen<\/li>\n<li>Mit einem hohen Gehalt an unges\u00e4ttigten Fetts\u00e4uren<\/li>\n<\/ul>\n<h3><strong>Tipps zur Lagerung\u00a0<\/strong><\/h3>\n<p>Wir empfehlen eine k\u00fchle, trockene und lichtgesch\u00fctzte Lagerung des Hanf\u00f6ls, im Idealfall sogar im K\u00fchlschrank. Dort bleibt das Hanf\u00f6l mehrere Wochen, sogar Monate \u00fcber das Haltbarkeitsdatum hinaus, ein Genuss.<\/p>\n<h3><strong>Anwendungempfehlung<\/strong><\/h3>\n<p><span style=\"font-weight: 400;\">Die<\/span><span style=\"font-weight: 400;\"> Hempions lieben das k\u00f6stliche Hanf\u00f6l zum Verfeinern jeglicher Speisen. Dazu geh\u00f6ren Suppen, Salate, M\u00fcsli, Smoothies, Gem\u00fcsegerichte, aber auch auf&#8217;s Brot und zu K\u00e4se schmeckt das nussige \u00d6l k\u00f6stlich. Zusammen mit <strong><a href=\"\/ch\/p\/bio-hanfsamen-premium\/\">Hanfsamen Premium<\/a><\/strong> schmeckt das \u00d6l zudem hervorragend als Topping f\u00fcr deine Lieblings-Eiscreme. Weitere Ideen findest du in unserem gratis <strong><a href=\"https:\/\/staging.hempions.com\/ch\/rezeptbuch\/\">Rezept E-Book<\/a><\/strong>. <span style=\"font-weight: 400;\">Durch die vielen wertvollen Inhaltsstoffe ist das \u00d6l gegen\u00fcber Hitze empfindlich. Daher sollte es nicht erhitzt und erst zum Verfeinern der Gerichte verwendet werden.<\/span><\/span><\/p>\n<h3><strong>Mit einer Portion bestens versorgt <\/strong><\/h3>\n<p>Bereits eine Portion von 10 ml Hanf\u00f6l am Tag deckt den Bedarf an Omega-3 Fetts\u00e4uren (<strong><a href=\"https:\/\/www.dge.de\/wissenschaft\/referenzwerte\/fett\/\" target=\"_blank\" rel=\"noopener noreferrer\">laut den Richtwerten der DGE<\/a><\/strong>). Zudem tragen die mehrfach unges\u00e4ttigten Fetts\u00e4uren im Hanf\u00f6l als Ersatz f\u00fcr ges\u00e4ttigte Fetts\u00e4uren in der Ern\u00e4hrung zur Aufrechterhaltung eines normalen Cholesterinspiegels im Blut bei.<\/p>\n<h3><b>Verkehrsbezeichnung, <\/b><strong>Zutaten &amp; N\u00e4hrwerte<\/strong><\/h3>\n<p>Zu finden in der hier verlinkten Produktbeschreibung:<\/p>\n<ul>\n<li><a href=\"\/ch\/p\/bio-hanfoel-classic\/\"><strong>Hanf\u00f6l Classic<\/strong><\/a><\/li>\n<li><a href=\"\/ch\/p\/hanfoel-premium\/#zutaten\" target=\"_blank\" rel=\"noopener\"><span style=\"font-weight: 400;\"><strong>Hanf\u00f6l Premium<\/strong><\/span><\/a><\/li>\n<\/ul>\n<h3><b>Inhalt<\/b><\/h3>\n<p>Nettof\u00fcllmenge:<\/p>\n<ul>\n<li>250 ml<\/li>\n<\/ul>\n<p>F\u00fcllh\u00f6he sowie N\u00e4hrstoffwerte unterliegen den bei Naturprodukten \u00fcblichen Schwankungen.<\/p>\n<h3 class=\"p5\"><b>Hinweis<\/b><\/h3>\n<p class=\"p3\">THC-Gehalt: &lt;0,01 %<br \/>\nCBD-Gehalt: &lt;0,01 %<br \/>\nErntebedingt k\u00f6nnen Spuren von Cannabinoiden enthalten sein.<\/p>\n<p class=\"p3\">Eine abwechslungsreiche, ausgewogene Ern\u00e4hrung, Bewegung und ein gesunder Lebensstil sind wichtig f\u00fcr die Gesundheit. Verwende 10 ml (2 Teel\u00f6ffel) Bio Hanf\u00f6l Classic\/Premium t\u00e4glich.<\/p>","protected":false},"excerpt":{"rendered":"<p>intensiv nussiges Aroma<\/p>","protected":false},"featured_media":103038,"comment_status":"closed","ping_status":"closed","template":"","meta":{"CBBTypography":[],"editor_plus_copied_stylings":"{}","site-sidebar-layout":"default","site-content-layout":"default","ast-site-content-layout":"default","site-content-style":"default","site-sidebar-style":"default","ast-global-header-display":"","ast-banner-title-visibility":"","ast-main-header-display":"","ast-hfb-above-header-display":"","ast-hfb-below-header-display":"","ast-hfb-mobile-header-display":"","site-post-title":"","ast-breadcrumbs-content":"","ast-featured-img":"","footer-sml-layout":"","ast-disable-related-posts":"","theme-transparent-header-meta":"default","adv-header-id-meta":"","stick-header-meta":"default","header-above-stick-meta":"","header-main-stick-meta":"","header-below-stick-meta":"","astra-migrate-meta-layouts":"set","ast-page-background-enabled":"default","ast-page-background-meta":{"desktop":{"background-color":"","background-image":"","background-repeat":"repeat","background-position":"center center","background-size":"auto","background-attachment":"scroll","background-type":"","background-media":"","overlay-type":"","overlay-color":"","overlay-opacity":"","overlay-gradient":""},"tablet":{"background-color":"","background-image":"","background-repeat":"repeat","background-position":"center center","background-size":"auto","background-attachment":"scroll","background-type":"","background-media":"","overlay-type":"","overlay-color":"","overlay-opacity":"","overlay-gradient":""},"mobile":{"background-color":"","background-image":"","background-repeat":"repeat","background-position":"center center","background-size":"auto","background-attachment":"scroll","background-type":"","background-media":"","overlay-type":"","overlay-color":"","overlay-opacity":"","overlay-gradient":""}},"ast-content-background-meta":{"desktop":{"background-color":"var(--ast-global-color-5)","background-image":"","background-repeat":"repeat","background-position":"center center","background-size":"auto","background-attachment":"scroll","background-type":"","background-media":"","overlay-type":"","overlay-color":"","overlay-opacity":"","overlay-gradient":""},"tablet":{"background-color":"var(--ast-global-color-5)","background-image":"","background-repeat":"repeat","background-position":"center center","background-size":"auto","background-attachment":"scroll","background-type":"","background-media":"","overlay-type":"","overlay-color":"","overlay-opacity":"","overlay-gradient":""},"mobile":{"background-color":"var(--ast-global-color-5)","background-image":"","background-repeat":"repeat","background-position":"center center","background-size":"auto","background-attachment":"scroll","background-type":"","background-media":"","overlay-type":"","overlay-color":"","overlay-opacity":"","overlay-gradient":""}}},"product_brand":[],"product_cat":[4482,3828],"product_tag":[],"class_list":{"0":"post-73861","1":"product","2":"type-product","3":"status-publish","4":"has-post-thumbnail","6":"product_cat-sale","7":"product_cat-hanfoel","8":"desktop-align-left","9":"tablet-align-left","10":"mobile-align-left","11":"ast-product-gallery-layout-horizontal-slider","12":"ast-magnify-disabled","13":"ast-product-single-variable","14":"ast-product-tabs-layout-horizontal","16":"first","17":"instock","18":"sale","19":"taxable","20":"shipping-taxable","21":"purchasable","22":"product-type-variable","23":"has-default-attributes"},"_links":{"self":[{"href":"https:\/\/staging.hempions.com\/ch\/wp-json\/wp\/v2\/product\/73861","targetHints":{"allow":["GET"]}}],"collection":[{"href":"https:\/\/staging.hempions.com\/ch\/wp-json\/wp\/v2\/product"}],"about":[{"href":"https:\/\/staging.hempions.com\/ch\/wp-json\/wp\/v2\/types\/product"}],"replies":[{"embeddable":true,"href":"https:\/\/staging.hempions.com\/ch\/wp-json\/wp\/v2\/comments?post=73861"}],"wp:featuredmedia":[{"embeddable":true,"href":"https:\/\/staging.hempions.com\/ch\/wp-json\/wp\/v2\/media\/103038"}],"wp:attachment":[{"href":"https:\/\/staging.hempions.com\/ch\/wp-json\/wp\/v2\/media?parent=73861"}],"wp:term":[{"taxonomy":"product_brand","embeddable":true,"href":"https:\/\/staging.hempions.com\/ch\/wp-json\/wp\/v2\/product_brand?post=73861"},{"taxonomy":"product_cat","embeddable":true,"href":"https:\/\/staging.hempions.com\/ch\/wp-json\/wp\/v2\/product_cat?post=73861"},{"taxonomy":"product_tag","embeddable":true,"href":"https:\/\/staging.hempions.com\/ch\/wp-json\/wp\/v2\/product_tag?post=73861"}],"curies":[{"name":"wp","href":"https:\/\/api.w.org\/{rel}","templated":true}]}}