{"id":66782,"date":"2021-09-08T20:19:47","date_gmt":"2021-09-08T18:19:47","guid":{"rendered":"https:\/\/hempions.com\/?post_type=product&#038;p=66782"},"modified":"2025-12-06T09:10:49","modified_gmt":"2025-12-06T08:10:49","slug":"starter-paket","status":"publish","type":"product","link":"https:\/\/staging.hempions.com\/ch\/sparsets\/starter-paket\/","title":{"rendered":"Hanf Starter Paket"},"content":{"rendered":"<h2 id=\"beschreibung\"><strong>Mit Hanf voll durchstarten<\/strong><\/h2>\n<p>Lerne mit unserem Starter Paket die volle Vielfalt der Powersamen kennen. Dich erwarten unsere gr\u00f6\u00dften Produkt-Highlights, die einzigartigen Geschmack mit wertvollen N\u00e4hrstoffen verbinden.<\/p>\n<h2><strong>Unsere beliebtesten Produkte<\/strong><\/h2>\n<p>Im <strong>Starter Paket <span class=\"cbd_content\">Basic<\/span><\/strong> findest du:<\/p>\n<ul>\n<li><span style=\"font-weight: 400;\">1x <strong>Bio Hanfmus Roasted <\/strong>&#8211; 200 g<\/span><\/li>\n<li>1x <strong>Bio Hanf Hamesan<\/strong> &#8211; 90 g<\/li>\n<li><span style=\"font-weight: 400;\">1x <strong>Bio Hanf\u00f6l Roasted <\/strong>&#8211;\u00a0100 ml<\/span><\/li>\n<li><span style=\"font-weight: 400;\">1x <strong>Bio Hanf Urdinkel<\/strong> <strong>Bandnudeln <\/strong>&#8211; 250 g<\/span><\/li>\n<li><span style=\"font-weight: 400;\">1x <strong>Bio Hanf Crunchies Schoko<\/strong>\u00a0&#8211; 50 g<\/span><\/li>\n<li><span style=\"font-weight: 400;\">1x <strong>Bio Hanfsamen<\/strong> Roasted\u00a0&#8211; 200 g<\/span><\/li>\n<li><span style=\"font-weight: 400;\">1x <strong>Hanf Rezeptbuch<\/strong><\/span><\/li>\n<\/ul>\n<div class=\"cbd_content\">Im <strong>Starter Paket mit CBD 5%<\/strong> sind folgende Produkte enthalten:<\/p>\n<ul>\n<li>Alle Produkte aus dem <strong>Starter Paket Basic\u00a0<\/strong>(siehe oben) plus<\/li>\n<li>1x<strong> Bio CBD \u00d6l 5%<\/strong> &#8211; 10 ml<\/li>\n<\/ul>\n<p>Im <strong>Starter Paket mit CBD 10%<\/strong> sind folgende Produkte enthalten:<\/p>\n<ul>\n<li>Alle Produkte aus dem <strong>Starter Paket Basic\u00a0<\/strong>(siehe oben) plus<\/li>\n<li>1x<strong> Bio CBD \u00d6l 10%<\/strong> &#8211; 10 ml<\/li>\n<\/ul>\n<\/div>\n<h2><strong>Zutaten &amp; N\u00e4hrwerte<\/strong><\/h2>\n<p>Zu finden in der Produktbeschreibung des jeweiligen Produktes<\/p>\n<ul>\n<li><a href=\"\/ch\/p\/hanfmus-premium\/#zutaten\" target=\"_blank\" rel=\"noopener\"><span style=\"font-weight: 400;\"><strong>Hanfmus Roasted<\/strong><\/span><\/a><\/li>\n<li><a href=\"\/ch\/p\/hamesan\/#zutaten\" target=\"_blank\" rel=\"noopener\"><strong>Hanf Hamesan<\/strong><\/a><\/li>\n<li><a href=\"\/ch\/p\/hanfoel-premium\/#zutaten\" target=\"_blank\" rel=\"noopener\"><span style=\"font-weight: 400;\"><strong>Hanf\u00f6l Roasted<\/strong><\/span><\/a><\/li>\n<li><a href=\"\/ch\/p\/bio-hanf-urdinkel-bandnudeln\/#zutaten\" target=\"_blank\" rel=\"noopener\"><span style=\"font-weight: 400;\"><strong>Hanf Urdinkel<\/strong> <strong>Bandnudeln<\/strong><\/span><\/a><\/li>\n<li><a href=\"\/ch\/p\/bio-hanf-crunchies-schoko\/#zutaten\" target=\"_blank\" rel=\"noopener\"><span style=\"font-weight: 400;\"><strong>Hanf Crunchies Schoko<\/strong><\/span><\/a><\/li>\n<li><a href=\"\/ch\/p\/bio-hanfsamen-premium\/#zutaten\" target=\"_blank\" rel=\"noopener\"><span style=\"font-weight: 400;\"><strong>Hanfsamen<\/strong> Roasted<\/span><\/a><\/li>\n<li class=\"cbd_content\"><strong><a href=\"\/ch\/p\/bio-cbd-oel-5\/#inhaltsstoffe\" target=\"_blank\" rel=\"noopener\">CBD \u00d6l 5%<\/a><\/strong><\/li>\n<li><strong><a href=\"\/ch\/p\/bio-cbd-oel-10\/#inhaltsstoffe\">CBD \u00d6l 10%<\/a><\/strong><\/li>\n<\/ul>\n<p><span style=\"font-weight: 400;\">Alle Lebensmittel im Paket sind<strong> vegan <\/strong>und\u00a0weisen\u00a0<strong>keine berauschende Wirkung<\/strong> auf. Hanf Urdinkel Bandnudeln enthalten Gluten (Dinkel), bei den anderen Produkten k\u00f6nnen erntebedingt Spuren von Gluten enthalten sein.<\/span><\/p>\n<h2><b>Lagerung<\/b><\/h2>\n<p><span style=\"font-weight: 400;\">Gut verschlossen, trocken und vor W\u00e4rme gesch\u00fctzt lagern.<\/span><\/p>\n<h2><b>Hinweis<\/b><\/h2>\n<p><span style=\"font-weight: 400;\">F\u00fcllh\u00f6he sowie N\u00e4hrstoffwerte unterliegen den bei Naturprodukten \u00fcblichen Schwankungen.<\/span><\/p>\n<p><span style=\"font-weight: 400;\">THC-Gehalt: &lt;0,01%<br \/><\/span><span style=\"font-weight: 400;\">CBD-Gehalt<span class=\"cbd_content\"> (von Lebensmitteln)<\/span>: &lt;0,01%<br \/><\/span><span style=\"font-weight: 400;\">Erntebedingt k\u00f6nnen Spuren von Cannabinoiden enthalten sein.<\/span><\/p>\n<p><span style=\"font-weight: 400;\">Eine abwechslungsreiche, ausgewogene Ern\u00e4hrung, Bewegung und ein gesunder Lebensstil sind wichtig f\u00fcr die Gesundheit.<\/span><\/p>\n\n\n<!-- hide CBD content\n<style>\n.cbd_content{\n  display: none;\n}\n<\/style>\n\/\/-->\n\n\n\n<!-- swiss style if CBD is enabled - translatepress shortcode needed\n<style>\ndiv.nslick-slide[data-nslick-index=\"1\"], div.nslick-slide[data-nslick-index=\"9\"], div.nslick-slide[data-nslick-index=\"12\"], li.product_thumbnail_item.nslick-slide[data-nslick-index=\"1\"], li.product_thumbnail_item.nslick-slide[data-nslick-index=\"9\"], li.product_thumbnail_item.nslick-slide[data-nslick-index=\"12\"]{\n  display: none;\n}\n<\/style>\n\/\/-->","protected":false},"excerpt":{"rendered":"<p>perfekt zum Kennenlernen<\/p>","protected":false},"featured_media":115484,"comment_status":"open","ping_status":"closed","template":"","meta":{"CBBTypography":[],"editor_plus_copied_stylings":"{}","site-sidebar-layout":"no-sidebar","site-content-layout":"default","ast-site-content-layout":"default","site-content-style":"default","site-sidebar-style":"default","ast-global-header-display":"","ast-banner-title-visibility":"","ast-main-header-display":"","ast-hfb-above-header-display":"","ast-hfb-below-header-display":"","ast-hfb-mobile-header-display":"","site-post-title":"","ast-breadcrumbs-content":"","ast-featured-img":"","footer-sml-layout":"","ast-disable-related-posts":"","theme-transparent-header-meta":"default","adv-header-id-meta":"","stick-header-meta":"default","header-above-stick-meta":"","header-main-stick-meta":"","header-below-stick-meta":"","astra-migrate-meta-layouts":"set","ast-page-background-enabled":"default","ast-page-background-meta":{"desktop":{"background-color":"","background-image":"","background-repeat":"repeat","background-position":"center center","background-size":"auto","background-attachment":"scroll","background-type":"","background-media":"","overlay-type":"","overlay-color":"","overlay-opacity":"","overlay-gradient":""},"tablet":{"background-color":"","background-image":"","background-repeat":"repeat","background-position":"center center","background-size":"auto","background-attachment":"scroll","background-type":"","background-media":"","overlay-type":"","overlay-color":"","overlay-opacity":"","overlay-gradient":""},"mobile":{"background-color":"","background-image":"","background-repeat":"repeat","background-position":"center center","background-size":"auto","background-attachment":"scroll","background-type":"","background-media":"","overlay-type":"","overlay-color":"","overlay-opacity":"","overlay-gradient":""}},"ast-content-background-meta":{"desktop":{"background-color":"var(--ast-global-color-5)","background-image":"","background-repeat":"repeat","background-position":"center center","background-size":"auto","background-attachment":"scroll","background-type":"","background-media":"","overlay-type":"","overlay-color":"","overlay-opacity":"","overlay-gradient":""},"tablet":{"background-color":"var(--ast-global-color-5)","background-image":"","background-repeat":"repeat","background-position":"center center","background-size":"auto","background-attachment":"scroll","background-type":"","background-media":"","overlay-type":"","overlay-color":"","overlay-opacity":"","overlay-gradient":""},"mobile":{"background-color":"var(--ast-global-color-5)","background-image":"","background-repeat":"repeat","background-position":"center center","background-size":"auto","background-attachment":"scroll","background-type":"","background-media":"","overlay-type":"","overlay-color":"","overlay-opacity":"","overlay-gradient":""}}},"product_brand":[],"product_cat":[4152],"product_tag":[457],"class_list":{"0":"post-66782","1":"product","2":"type-product","3":"status-publish","4":"has-post-thumbnail","6":"product_cat-sparsets","7":"product_tag-lebensmittel","8":"product_shipping_class-versandkostenfrei","9":"desktop-align-left","10":"tablet-align-left","11":"mobile-align-left","12":"ast-product-gallery-layout-horizontal-slider","13":"ast-magnify-disabled","14":"ast-product-single-variable","15":"ast-product-tabs-layout-horizontal","17":"first","18":"instock","19":"sale","20":"taxable","21":"shipping-taxable","22":"purchasable","23":"product-type-variable","24":"has-default-attributes"},"_links":{"self":[{"href":"https:\/\/staging.hempions.com\/ch\/wp-json\/wp\/v2\/product\/66782","targetHints":{"allow":["GET"]}}],"collection":[{"href":"https:\/\/staging.hempions.com\/ch\/wp-json\/wp\/v2\/product"}],"about":[{"href":"https:\/\/staging.hempions.com\/ch\/wp-json\/wp\/v2\/types\/product"}],"replies":[{"embeddable":true,"href":"https:\/\/staging.hempions.com\/ch\/wp-json\/wp\/v2\/comments?post=66782"}],"wp:featuredmedia":[{"embeddable":true,"href":"https:\/\/staging.hempions.com\/ch\/wp-json\/wp\/v2\/media\/115484"}],"wp:attachment":[{"href":"https:\/\/staging.hempions.com\/ch\/wp-json\/wp\/v2\/media?parent=66782"}],"wp:term":[{"taxonomy":"product_brand","embeddable":true,"href":"https:\/\/staging.hempions.com\/ch\/wp-json\/wp\/v2\/product_brand?post=66782"},{"taxonomy":"product_cat","embeddable":true,"href":"https:\/\/staging.hempions.com\/ch\/wp-json\/wp\/v2\/product_cat?post=66782"},{"taxonomy":"product_tag","embeddable":true,"href":"https:\/\/staging.hempions.com\/ch\/wp-json\/wp\/v2\/product_tag?post=66782"}],"curies":[{"name":"wp","href":"https:\/\/api.w.org\/{rel}","templated":true}]}}