{"id":59814,"date":"2021-06-11T13:55:01","date_gmt":"2021-06-11T11:55:01","guid":{"rendered":"https:\/\/hempions.com\/?post_type=product&#038;p=59814"},"modified":"2026-03-30T09:23:39","modified_gmt":"2026-03-30T07:23:39","slug":"cbd-oel-10","status":"publish","type":"product","link":"https:\/\/staging.hempions.com\/ch\/cbd-oel\/cbd-oel-10\/","title":{"rendered":"CBD \u00d6l &#8211; 10%"},"content":{"rendered":"<div class=\"eplus-YVKHfj eplus-wrapper wp-block-columns is-layout-flex wp-container-core-columns-is-layout-28f84493 wp-block-columns-is-layout-flex eplus-styles-uid-970aba\">\n<div class=\"eplus-mMCQYv eplus-wrapper wp-block-column is-layout-flow wp-block-column-is-layout-flow\">\n<h2 class=\"eplus-8aJ3sp eplus-wrapper wp-block-heading\" id=\"beschreibung\"><strong>Naturbelassenes Hanfextrakt gel\u00f6st in Bio Hanf\u00f6l Roasted<\/strong><\/h2>\n\n\n\n<p class=\"eplus-tkCK2T eplus-wrapper\">Unser naturbelassenes CBD Hanfextrakt ist ein hochwertiges Vollextrakt und wird in unserem\u00a0<strong><a href=\"https:\/\/at.hempions.com\/p\/bio-hanfoel-premium-250ml\/\" target=\"_blank\" rel=\"noreferrer noopener\">Bio Hanf\u00f6l Roasted<\/a><\/strong>\u00a0gel\u00f6st, wobei wir auf k\u00fcnstliche Zusatzstoffe oder eine Anreicherung mit CBD-Isolaten verzichten. Das CBD \u00d6l\u00a0aus Bio Hanf\u00f6l Roasted und Hanfextrakt aus zertifiziertem EU-Nutzhanf weist eine nat\u00fcrliche Konzentration von 10% CBD auf.<\/p>\n\n\n\n<h3 class=\"eplus-kE6YpF eplus-wrapper wp-block-heading\" id=\"wertvolle-inhaltsstoffe\"><strong>Wertvolle Inhaltsstoffe<\/strong><\/h3>\n\n\n\n<p class=\"eplus-654IjD eplus-wrapper\">Das besondere an unserem CBD-\u00d6l aus Hanfextrakt sind die wertvollen Inhaltsstoffe der Hanfpflanze, welche in dem nat\u00fcrlichem Verh\u00e4ltnis der Pflanze selbst enthalten sind:<\/p>\n\n\n<ul class=\"eplus-tCCjX3 eplus-wrapper wp-block-list eplus-styles-uid-6fef19\">\n<li class=\"eplus-wrapper\">Cannabinoide wie\u00a0<strong><a href=\"https:\/\/at.hempions.com\/health\/cbd-cannabidiol\/\" target=\"_blank\" rel=\"noreferrer noopener\">CBD (Cannabidiol),<\/a><\/strong>\u00a0CBDA, CBG, CBDV und viele weitere<\/li>\n\n\n\n<li class=\"eplus-wrapper\">Terpene, die wertvollen Duftstoffe der Hanfpflanze<\/li>\n\n\n\n<li class=\"eplus-wrapper\">Flavonoide, als besonders hochwertige sekund\u00e4re Pflanzenstoffe<\/li>\n<\/ul>\n\n\n<div style=\"max-height: 580px; margin-bottom: 20px;\" class=\"product_desc_img\"><img decoding=\"async\" src=\"https:\/\/hempions.com\/wp-content\/uploads\/HanfblattHa%CC%88nde.jpg\" alt=\"Premium Qualit\u00e4t\" title=\"\"><\/div>\n\n\n\n<h3 class=\"eplus-5EnBZT eplus-wrapper wp-block-heading\" id=\"kontrolliert-biologisch\"><strong>Zertifizierter Anbau<\/strong><\/h3>\n\n\n\n<p class=\"eplus-Ui0sJ1 eplus-wrapper\">Die Bl\u00fcten f\u00fcr die Produktion des Hanfextraktes stammen aus zertifiziertem EU-Nutzhanf und werden Outdoor angebaut. Zertifizierte Nutzhanfsorten weisen von Natur aus einen sehr niedrigen Gehalt von weniger als 0,2% THC auf. Daraus folgt, dass eine berauschende Wirkung durch THC ausgeschlossen werden kann.<\/p>\n\n\n\n<h3 class=\"eplus-cpGjuC eplus-wrapper wp-block-heading\" id=\"beste-qualitat\"><strong>Beste Qualit\u00e4t<\/strong><\/h3>\n\n\n\n<p class=\"eplus-To8Z87 eplus-wrapper\">Eine schonende CO<sub>2<\/sub>-Extrahierung gew\u00e4hrleistet ein gehaltvolles Hanfextrakt in bester Qualit\u00e4t. Durch den THC-Gehalt von weniger als 0,2% ist das CBD-\u00d6l aus Hanfextrakt in der gesamten EU legal und kann somit ohne Bedenken bei Reisen mitgenommen werden.<\/p>\n\n\n\n<h3 class=\"eplus-LdqTof eplus-wrapper wp-block-heading\" id=\"das-volle-spektrum\"><strong>Das volle Spektrum<\/strong><\/h3>\n\n\n\n<p class=\"eplus-6BDHOY eplus-wrapper\">Die Hempions sind vom CBD Hanfextrakt 10% vor allem deshalb begeistert, weil es das volle Spektrum der Hanfbl\u00fcte vereint. Die praktische Tropfflasche hilft zudem bei der Dosierung des \u00d6les.<\/p>\n\n\n\n<h3 class=\"eplus-PcOxvz eplus-wrapper wp-block-heading\" id=\"haufige-fragen\"><strong>H\u00e4ufige Fragen<\/strong><\/h3>\n\n\n\n<div class=\"wp-block-pb-accordion-item c-accordion__item js-accordion-item no-js\" data-initially-open=\"false\" data-click-to-close=\"true\" data-auto-close=\"true\" data-scroll=\"false\" data-scroll-offset=\"0\"><h5 id=\"at-598140\" class=\"c-accordion__title js-accordion-controller\" role=\"button\"><strong>Wie schmeckt das CBD-\u00d6l?<\/strong><\/h5><div id=\"ac-598140\" class=\"c-accordion__content\">\n<p class=\"eplus-LtYWjp eplus-wrapper\">Unser CBD \u00d6l ist\u00a0<strong>extra mild<\/strong>\u00a0mit einer\u00a0<strong>nussigen, typisch grasigen Note<\/strong>.<br>Wir verwenden dazu ein sehr mildes Hanf-Extrakt, welches in\u00a0<strong><a href=\"https:\/\/hempions.com\/hanfoel\/bio-hanfoel-roasted\/\" target=\"_blank\" rel=\"noreferrer noopener\">Bio Hanf\u00f6l Roasted<\/a><\/strong>\u00a0gel\u00f6st wird.\u00a0<br>Wir legen gro\u00dfen Wert auf einen angenehmen Geschmack, wobei die grasige Note ein Qualit\u00e4tsmerkmal eines hochwertigen Vollspektrum CBD \u00d6l ist.<\/p>\n<\/div><\/div>\n\n\n\n<div class=\"wp-block-pb-accordion-item c-accordion__item js-accordion-item no-js\" data-initially-open=\"false\" data-click-to-close=\"true\" data-auto-close=\"true\" data-scroll=\"false\" data-scroll-offset=\"0\"><h5 id=\"at-598141\" class=\"c-accordion__title js-accordion-controller\" role=\"button\"><strong>Wie viele Tropfen CBD soll ich anwenden?<\/strong><\/h5><div id=\"ac-598141\" class=\"c-accordion__content\">\n<p class=\"spacer-bottom eplus-RsGKzh eplus-wrapper\">Unsere Dosierungs-Tabelle gibt Anhaltspunkte zur Menge an CBD pro Anwendung<\/p>\n\n\n\n<figure class=\"eplus-5tS3cF eplus-wrapper wp-block-table\"><table><thead><tr><th>Produkt<\/th><th>5 Tropfen<\/th><th>10 Tropfen<\/th><th>15 Tropfen<\/th><\/tr><\/thead><tbody><tr><td>CBD \u00d6l 5%<\/td><td>10 mg<\/td><td>20 mg<\/td><td>30 mg<\/td><\/tr><tr><td>CBD \u00d6l 10%<\/td><td>20 mg<\/td><td>40 mg<\/td><td>60 mg<\/td><\/tr><\/tbody><\/table><\/figure>\n<\/div><\/div>\n\n\n\n<div class=\"wp-block-pb-accordion-item c-accordion__item js-accordion-item no-js\" data-initially-open=\"false\" data-click-to-close=\"true\" data-auto-close=\"true\" data-scroll=\"false\" data-scroll-offset=\"0\"><h5 id=\"at-598142\" class=\"c-accordion__title js-accordion-controller\" role=\"button\"><strong>Wann ist der ideale Zeitpunkt, um CBD einzunehmen?<\/strong><\/h5><div id=\"ac-598142\" class=\"c-accordion__content\">\n<p class=\"eplus-wrapper\" style=\"padding-bottom:10px\">Je nach Anwendungsziel sollte die passende Anwendungsh\u00e4ufigkeit gew\u00e4hlt werden. Dabei sind zu Beginn folgende Referenzwerte bei der Anwendung von CBD \u00d6l hilfreich:<\/p>\n\n\n\n<table><thead><tr><th>Anwendungsziel<\/th><th>H\u00e4ufigkeit<\/th><th style=\"min-width: 80px;\">Menge<\/th><\/tr><\/thead><tbody><tr><td>Bei wiederkehrenden Beschwerden, Muskelkater<\/td><td>2x &#8211; 3x t\u00e4glich<\/td><td>20 mg<\/td><\/tr><tr><td>Bei gelegentlichen Beschwerden, Stress, Schlafproblemen<\/td><td>1x t\u00e4glich bzw. nach Bedarf<\/td><td>20 mg<\/td><\/tr><\/tbody><\/table>\n\n\n\n<p class=\"eplus-wrapper\">Vor allem bei Einnahmezeitpunkt und -menge ist die Eigenbeobachtung sinnvoll, um die optimale Dosierung zu finden.<\/p>\n<\/div><\/div>\n\n\n\n<div class=\"wp-block-pb-accordion-item c-accordion__item js-accordion-item no-js\" data-initially-open=\"false\" data-click-to-close=\"true\" data-auto-close=\"true\" data-scroll=\"false\" data-scroll-offset=\"0\"><h5 id=\"at-598143\" class=\"c-accordion__title js-accordion-controller\" role=\"button\"><strong>Wie viele Tropfen sind in einer Flasche CBD-\u00d6l enthalten?<\/strong><\/h5><div id=\"ac-598143\" class=\"c-accordion__content\">\n<p class=\"eplus-JhRmXf eplus-wrapper\">Eine Flasche CBD-\u00d6l mit 10 ml enth\u00e4lt etwa 250 Tropfen<\/p>\n<\/div><\/div>\n\n\n\n<div class=\"wp-block-pb-accordion-item c-accordion__item js-accordion-item no-js\" data-initially-open=\"false\" data-click-to-close=\"true\" data-auto-close=\"true\" data-scroll=\"false\" data-scroll-offset=\"0\"><h5 id=\"at-598144\" class=\"c-accordion__title js-accordion-controller\" role=\"button\"><strong>Ist im CBD-\u00d6l auch THC enthalten bzw. wirkt dies berauschend?<\/strong><\/h5><div id=\"ac-598144\" class=\"c-accordion__content\">\n<p class=\"eplus-xViFxx eplus-wrapper\">Unser CBD-\u00d6l enth\u00e4lt\u00a0<strong>gem\u00e4\u00df den gesetzlichen Vorgaben<\/strong>\u00a0nur sehr geringe Mengen an THC, welche &lt; 0,2% betragen. Wir arbeiten mit Vollspektrum-\u00d6len, um die Vorteile des gesamten Spektrums an Cannabinoiden zu nutzen.<\/p>\n<\/div><\/div>\n\n\n\n<h3 class=\"spacer-top eplus-Ubng1W eplus-wrapper wp-block-heading\" id=\"inhaltsstoffe\"><strong>Inhaltsstoffe<\/strong><\/h3>\n\n\n\n<p class=\"eplus-jOkvTo eplus-wrapper\"><a href=\"https:\/\/hempions.com\/hanfoel\/bio-hanfoel-roasted\/\" target=\"_blank\" rel=\"noreferrer noopener\"><strong>Hanf\u00f6l Roasted<\/strong><\/a>, Hanfextrakt<\/p>\n\n\n\n<p class=\"eplus-KXdqVw eplus-wrapper\">CBD-Gehalt: 10%<br>THC-Gehalt: &lt;0.2%<\/p>\n\n\n\n<p class=\"eplus-SHgRgg eplus-wrapper\">Zum <a href=\"https:\/\/hempions.com\/wp-content\/uploads\/Zertifikat-CBD-Oel-10-2025.pdf\" target=\"_blank\" rel=\"noreferrer noopener\"><strong>Analyse Zertifikat<\/strong><\/a><\/p>\n\n\n\n<h3 class=\"eplus-uav36d eplus-wrapper wp-block-heading\" id=\"inhalt\"><strong>Inhalt<\/strong><\/h3>\n\n\n\n<p class=\"eplus-JV9G4O eplus-wrapper\">Nettof\u00fcllmenge pro Flasche: 10 ml<br>Vor Gebrauch gut sch\u00fctteln<\/p>\n<\/div>\n<\/div>","protected":false},"excerpt":{"rendered":"<p>f\u00fcr Terpen-Entourage-Effekt<\/p>","protected":false},"featured_media":115415,"comment_status":"open","ping_status":"closed","template":"","meta":{"CBBTypography":[],"editor_plus_copied_stylings":"{}","site-sidebar-layout":"no-sidebar","site-content-layout":"default","ast-site-content-layout":"default","site-content-style":"default","site-sidebar-style":"default","ast-global-header-display":"","ast-banner-title-visibility":"","ast-main-header-display":"","ast-hfb-above-header-display":"","ast-hfb-below-header-display":"","ast-hfb-mobile-header-display":"","site-post-title":"","ast-breadcrumbs-content":"","ast-featured-img":"","footer-sml-layout":"","ast-disable-related-posts":"","theme-transparent-header-meta":"default","adv-header-id-meta":"","stick-header-meta":"default","header-above-stick-meta":"","header-main-stick-meta":"","header-below-stick-meta":"","astra-migrate-meta-layouts":"set","ast-page-background-enabled":"default","ast-page-background-meta":{"desktop":{"background-color":"","background-image":"","background-repeat":"repeat","background-position":"center center","background-size":"auto","background-attachment":"scroll","background-type":"","background-media":"","overlay-type":"","overlay-color":"","overlay-opacity":"","overlay-gradient":""},"tablet":{"background-color":"","background-image":"","background-repeat":"repeat","background-position":"center center","background-size":"auto","background-attachment":"scroll","background-type":"","background-media":"","overlay-type":"","overlay-color":"","overlay-opacity":"","overlay-gradient":""},"mobile":{"background-color":"","background-image":"","background-repeat":"repeat","background-position":"center center","background-size":"auto","background-attachment":"scroll","background-type":"","background-media":"","overlay-type":"","overlay-color":"","overlay-opacity":"","overlay-gradient":""}},"ast-content-background-meta":{"desktop":{"background-color":"var(--ast-global-color-5)","background-image":"","background-repeat":"repeat","background-position":"center center","background-size":"auto","background-attachment":"scroll","background-type":"","background-media":"","overlay-type":"","overlay-color":"","overlay-opacity":"","overlay-gradient":""},"tablet":{"background-color":"var(--ast-global-color-5)","background-image":"","background-repeat":"repeat","background-position":"center center","background-size":"auto","background-attachment":"scroll","background-type":"","background-media":"","overlay-type":"","overlay-color":"","overlay-opacity":"","overlay-gradient":""},"mobile":{"background-color":"var(--ast-global-color-5)","background-image":"","background-repeat":"repeat","background-position":"center center","background-size":"auto","background-attachment":"scroll","background-type":"","background-media":"","overlay-type":"","overlay-color":"","overlay-opacity":"","overlay-gradient":""}}},"product_brand":[],"product_cat":[3833,451],"product_tag":[455],"class_list":{"0":"post-59814","1":"product","2":"type-product","3":"status-publish","4":"has-post-thumbnail","6":"product_cat-cbd-oel","7":"product_cat-cbd","8":"product_tag-cbd","9":"product_shipping_class-versandkostenfrei","10":"desktop-align-left","11":"tablet-align-left","12":"mobile-align-left","13":"ast-product-gallery-layout-horizontal-slider","14":"ast-magnify-disabled","15":"ast-product-single-variable","16":"ast-product-tabs-layout-horizontal","18":"first","19":"instock","20":"sale","21":"taxable","22":"shipping-taxable","23":"purchasable","24":"product-type-variable","25":"has-default-attributes"},"_links":{"self":[{"href":"https:\/\/staging.hempions.com\/ch\/wp-json\/wp\/v2\/product\/59814","targetHints":{"allow":["GET"]}}],"collection":[{"href":"https:\/\/staging.hempions.com\/ch\/wp-json\/wp\/v2\/product"}],"about":[{"href":"https:\/\/staging.hempions.com\/ch\/wp-json\/wp\/v2\/types\/product"}],"replies":[{"embeddable":true,"href":"https:\/\/staging.hempions.com\/ch\/wp-json\/wp\/v2\/comments?post=59814"}],"wp:featuredmedia":[{"embeddable":true,"href":"https:\/\/staging.hempions.com\/ch\/wp-json\/wp\/v2\/media\/115415"}],"wp:attachment":[{"href":"https:\/\/staging.hempions.com\/ch\/wp-json\/wp\/v2\/media?parent=59814"}],"wp:term":[{"taxonomy":"product_brand","embeddable":true,"href":"https:\/\/staging.hempions.com\/ch\/wp-json\/wp\/v2\/product_brand?post=59814"},{"taxonomy":"product_cat","embeddable":true,"href":"https:\/\/staging.hempions.com\/ch\/wp-json\/wp\/v2\/product_cat?post=59814"},{"taxonomy":"product_tag","embeddable":true,"href":"https:\/\/staging.hempions.com\/ch\/wp-json\/wp\/v2\/product_tag?post=59814"}],"curies":[{"name":"wp","href":"https:\/\/api.w.org\/{rel}","templated":true}]}}