{"id":56427,"date":"2021-02-04T14:42:33","date_gmt":"2021-02-04T13:42:33","guid":{"rendered":"https:\/\/hempions.com\/?post_type=product&#038;p=56427"},"modified":"2026-04-03T11:40:34","modified_gmt":"2026-04-03T09:40:34","slug":"bio-hanf-hamesan","status":"publish","type":"product","link":"https:\/\/staging.hempions.com\/ch\/hanf-hamesan\/bio-hanf-hamesan\/","title":{"rendered":"Bio Hanf Hamesan \u2013 vegane Streuk\u00e4se-Alternative"},"content":{"rendered":"<h2 id=\"beschreibung\" class=\"p1\"><strong>Die Streuk\u00e4se Alternative f\u00fcr Champions<\/strong><\/h2>\n<p class=\"p3\">Der Hanf Hamesan ist das perfekte w\u00fcrzige Topping f\u00fcr Pasta, Salate und \u00fcberall dort, wo du sonst gerne italienischen Hartk\u00e4se verwendest. Der w\u00fcrzige Geschmack erinnert an echten K\u00e4se mit einer fein-nussigen Note und \u00fcberzeugt auf warmen und kalten Gerichten. Die vegane Streuk\u00e4se Alternative aus Hanf eignet sich ideal f\u00fcr Veganer, Vegetarier und alle, die eine pflanzenbasierte Ern\u00e4hrung vorziehen. Voller Geschmack, vegan und glutenfrei.<\/p>\n<h3 class=\"p4\"><b>Vollgepackt mit Hanf Power<\/b><\/h3>\n<p class=\"p3\">Die wertvollen N\u00e4hrstoffe des\u00a0<a href=\"https:\/\/hempions.com\/knowledge\/naehrstoffwunder-hanfsamen\/\" target=\"_blank\" rel=\"noopener\"><span class=\"s1\"><b>Superfoods Hanfsamen<\/b><\/span><\/a><b>\u00a0<\/b>machen den Hanf Hamesan perfekt f\u00fcr Champions:<\/p>\n<ul class=\"ul1\">\n<li class=\"li3\">Reich an essentiellen Omega-3 Fetts\u00e4uren.<\/li>\n<li class=\"li3\">Ein hoher Gehalt an Eisen und Magnesium tr\u00e4gt zur Verringerung von M\u00fcdigkeit und Erm\u00fcdung bei.<\/li>\n<li class=\"li3\">Reich an Zink, welches zum Schutz der Zellen vor oxidativem Stress beitr\u00e4gt.<\/li>\n<li class=\"li3\">Ein hoher Gehalt an leicht vertr\u00e4glichem Eiwei\u00df unterst\u00fctzt den Aufbau und den Erhalt von Muskelmasse.<\/li>\n<li class=\"li3\">Anders als bei herk\u00f6mmlichem Hartk\u00e4se aus Milch, sind keine Allergien auf Hanf bekannt.<span class=\"Apple-converted-space\">\u00a0<\/span><\/li>\n<\/ul>\n<h3 class=\"p4\"><b>Das steckt im Hanf Hamesan<\/b><\/h3>\n<p class=\"p3\">Schonend ger\u00f6stete, gesch\u00e4lte Hanfsamen, Hefeflocken auf Reisbasis und verfeinert mit ein wenig Salz. Das Salz sorgt f\u00fcr einen runden k\u00e4sigen Geschmack und unterstreicht die w\u00fcrzig-nussige Note.<\/p>\n<h3 class=\"p4\"><b>Hempions Tipps zur Anwendung<\/b><\/h3>\n<p class=\"p3\">Hanf Hamesan ist besonders vielseitig einsetzbar, vor allem \u00fcberall dort, wo sonst auch H\u00e4rtk\u00e4se verwendet wird: Auf Pasta und Risotto, Salaten, Gem\u00fcse und als Topping auf herzhaften Bowls.<\/p>\n<h3 class=\"p4\"><b>Mit einer Portion bestens versorgt<\/b><\/h3>\n<p class=\"p3\">Bereits eine Portion von 20 g Hamesan deckt den Tagesbedarf an Omega-3 und Omega-6 Fetts\u00e4uren (<a href=\"https:\/\/www.dge.de\/wissenschaft\/referenzwerte\/fett\/\" target=\"_blank\" rel=\"noopener\"><span class=\"s1\"><b>laut den Richtwerten der DGE<\/b><\/span><\/a>) sowie einen wesentlichen Teil des Bedarfs an Magnesium, Eisen und Zink.<\/p>\n<h2 class=\"p4\"><b>Produktdetails<\/b><\/h2>\n<h3><strong>Verkehrsbezeichnung<\/strong><\/h3>\n<p><span data-sheets-value=\"{&quot;1&quot;:2,&quot;2&quot;:&quot;Streuk\u00e4se Alternative\\r\\naus Bio Hanfsamen&quot;}\" data-sheets-userformat=\"{&quot;2&quot;:769,&quot;3&quot;:{&quot;1&quot;:0},&quot;11&quot;:4,&quot;12&quot;:0}\">Streuk\u00e4se Alternative aus Bio Hanfsamen<\/span><\/p>\n<h3 id=\"zutaten\"><strong>Zutaten<\/strong><\/h3>\n<p class=\"p3\">Hanfsamen* 80%, Hefeflocken*, Reismehl*, Salz<br \/><span style=\"font-size: 14px;\">*aus kontrolliert biologischer Landwirtschaft<\/span><\/p>\n\n\n<div class=\"wp-block-pb-accordion-item c-accordion__item js-accordion-item no-js\" data-initially-open=\"false\" data-click-to-close=\"true\" data-auto-close=\"true\" data-scroll=\"false\" data-scroll-offset=\"0\"><h5 id=\"at-564270\" class=\"c-accordion__title js-accordion-controller\" role=\"button\"><strong>N\u00e4hrwerte<\/strong><\/h5><div id=\"ac-564270\" class=\"c-accordion__content\"><p class=\"eplus-wrapper eplus-styles-uid-329fce\"><strong>Durchschnittlicher N\u00e4hrwertgehalt (pro 100 g):<\/strong><\/p>\n\n<figure style=\"font-size:14px\" class=\"wp-block-table eplus-wrapper eplus-styles-uid-f8fbcd\"><table><tbody><tr><td>Energie<\/td><td>2347 kJ \/ 565 kcal<\/td><\/tr><tr><td>Fett<\/td><td>41 g<\/td><\/tr><tr><td>davon ges\u00e4ttigte Fetts\u00e4uren<\/td><td>2,9 g<\/td><\/tr><tr><td>Kohlenhydrate:<\/td><td>12,3 g<\/td><\/tr><tr><td>davon Zucker:<\/td><td>0,8 g<\/td><\/tr><tr><td>Ballaststoffe<\/td><td>7,5 g<\/td><\/tr><tr><td>Eiwei\u00df:<\/td><td>33 g<\/td><\/tr><tr><td>Salz<\/td><td>1,92 g<\/td><\/tr><tr><td>Eisen<\/td><td>7,7 mg \/ 100 g (55% NRV*)<\/td><\/tr><tr><td>Zink<\/td><td>8,6 mg \/ 100 g (86% NRV*)<\/td><\/tr><tr><td>Magnesium<\/td><td>565 mg \/ 100 g (151% NRV*)<\/td><\/tr><\/tbody><\/table><\/figure>\n\n<figure style=\"font-size:14px\" class=\"wp-block-table eplus-wrapper eplus-styles-uid-f8fbcd\"><table><tbody><tr><td>Omega-3 Fetts\u00e4uren<\/td><td>8,4 g \/ 100 g<\/td><\/tr><\/tbody><\/table><\/figure>\n\n<p class=\"eplus-wrapper eplus-styles-uid-bce8e2\">*empfohlene t\u00e4gliche Zufuhrmenge (NRV)<\/p><\/div><\/div>\n\n\n<p class=\"p3\">Bio Hanf Hamesan ist <b>vegan<\/b>\u00a0und weist\u00a0<b>keine berauschende Wirkung<\/b> auf. Erntebedingt k\u00f6nnen Spuren von Gluten enthalten sein.<\/p>\n<h3 class=\"p4\"><b>Inhalt<\/b><\/h3>\n<p class=\"p3\">Nettof\u00fcllmenge: <b>90 g oder 200 g<br \/><\/b>F\u00fcllh\u00f6he sowie N\u00e4hrstoffwerte unterliegen den bei Naturprodukten \u00fcblichen Schwankungen.<\/p>\n<h3 class=\"p4\"><b>Lagerung<\/b><\/h3>\n<p class=\"p3\">Gut verschlossen, trocken und vor W\u00e4rme gesch\u00fctzt lagern.<\/p>\n<h3 class=\"p4\"><b>Hinweis<\/b><\/h3>\n<p class=\"p3\">THC-Gehalt: &lt;0,01 %<br \/>CBD-Gehalt: &lt;0,01 %<br \/>Erntebedingt k\u00f6nnen Spuren von Cannabinoiden enthalten sein.<\/p>\n<p class=\"p3\">Eine abwechslungsreiche, ausgewogene Ern\u00e4hrung, Bewegung und ein gesunder Lebensstil sind wichtig f\u00fcr die Gesundheit. Verwende 20 g Hanf Hamesan t\u00e4glich.<\/p>","protected":false},"excerpt":{"rendered":"<p>die beste Streuk\u00e4se Alternative<\/p>","protected":false},"featured_media":115457,"comment_status":"open","ping_status":"closed","template":"","meta":{"CBBTypography":[],"editor_plus_copied_stylings":"{}","site-sidebar-layout":"no-sidebar","site-content-layout":"default","ast-site-content-layout":"default","site-content-style":"default","site-sidebar-style":"default","ast-global-header-display":"","ast-banner-title-visibility":"","ast-main-header-display":"","ast-hfb-above-header-display":"","ast-hfb-below-header-display":"","ast-hfb-mobile-header-display":"","site-post-title":"","ast-breadcrumbs-content":"","ast-featured-img":"","footer-sml-layout":"","ast-disable-related-posts":"","theme-transparent-header-meta":"default","adv-header-id-meta":"","stick-header-meta":"default","header-above-stick-meta":"","header-main-stick-meta":"","header-below-stick-meta":"","astra-migrate-meta-layouts":"set","ast-page-background-enabled":"default","ast-page-background-meta":{"desktop":{"background-color":"","background-image":"","background-repeat":"repeat","background-position":"center center","background-size":"auto","background-attachment":"scroll","background-type":"","background-media":"","overlay-type":"","overlay-color":"","overlay-opacity":"","overlay-gradient":""},"tablet":{"background-color":"","background-image":"","background-repeat":"repeat","background-position":"center center","background-size":"auto","background-attachment":"scroll","background-type":"","background-media":"","overlay-type":"","overlay-color":"","overlay-opacity":"","overlay-gradient":""},"mobile":{"background-color":"","background-image":"","background-repeat":"repeat","background-position":"center center","background-size":"auto","background-attachment":"scroll","background-type":"","background-media":"","overlay-type":"","overlay-color":"","overlay-opacity":"","overlay-gradient":""}},"ast-content-background-meta":{"desktop":{"background-color":"var(--ast-global-color-5)","background-image":"","background-repeat":"repeat","background-position":"center center","background-size":"auto","background-attachment":"scroll","background-type":"","background-media":"","overlay-type":"","overlay-color":"","overlay-opacity":"","overlay-gradient":""},"tablet":{"background-color":"var(--ast-global-color-5)","background-image":"","background-repeat":"repeat","background-position":"center center","background-size":"auto","background-attachment":"scroll","background-type":"","background-media":"","overlay-type":"","overlay-color":"","overlay-opacity":"","overlay-gradient":""},"mobile":{"background-color":"var(--ast-global-color-5)","background-image":"","background-repeat":"repeat","background-position":"center center","background-size":"auto","background-attachment":"scroll","background-type":"","background-media":"","overlay-type":"","overlay-color":"","overlay-opacity":"","overlay-gradient":""}}},"product_brand":[],"product_cat":[4332],"product_tag":[457],"class_list":{"0":"post-56427","1":"product","2":"type-product","3":"status-publish","4":"has-post-thumbnail","6":"product_cat-hanf-hamesan","7":"product_tag-lebensmittel","8":"desktop-align-left","9":"tablet-align-left","10":"mobile-align-left","11":"ast-product-gallery-layout-horizontal-slider","12":"ast-magnify-disabled","13":"ast-product-single-variable","14":"ast-product-tabs-layout-horizontal","16":"first","17":"instock","18":"sale","19":"taxable","20":"shipping-taxable","21":"purchasable","22":"product-type-variable","23":"has-default-attributes"},"_links":{"self":[{"href":"https:\/\/staging.hempions.com\/ch\/wp-json\/wp\/v2\/product\/56427","targetHints":{"allow":["GET"]}}],"collection":[{"href":"https:\/\/staging.hempions.com\/ch\/wp-json\/wp\/v2\/product"}],"about":[{"href":"https:\/\/staging.hempions.com\/ch\/wp-json\/wp\/v2\/types\/product"}],"replies":[{"embeddable":true,"href":"https:\/\/staging.hempions.com\/ch\/wp-json\/wp\/v2\/comments?post=56427"}],"wp:featuredmedia":[{"embeddable":true,"href":"https:\/\/staging.hempions.com\/ch\/wp-json\/wp\/v2\/media\/115457"}],"wp:attachment":[{"href":"https:\/\/staging.hempions.com\/ch\/wp-json\/wp\/v2\/media?parent=56427"}],"wp:term":[{"taxonomy":"product_brand","embeddable":true,"href":"https:\/\/staging.hempions.com\/ch\/wp-json\/wp\/v2\/product_brand?post=56427"},{"taxonomy":"product_cat","embeddable":true,"href":"https:\/\/staging.hempions.com\/ch\/wp-json\/wp\/v2\/product_cat?post=56427"},{"taxonomy":"product_tag","embeddable":true,"href":"https:\/\/staging.hempions.com\/ch\/wp-json\/wp\/v2\/product_tag?post=56427"}],"curies":[{"name":"wp","href":"https:\/\/api.w.org\/{rel}","templated":true}]}}