{"id":55690,"date":"2020-12-20T15:48:21","date_gmt":"2020-12-20T14:48:21","guid":{"rendered":"https:\/\/hempions.com\/?post_type=product&#038;p=55690"},"modified":"2025-12-04T19:48:53","modified_gmt":"2025-12-04T18:48:53","slug":"rezeptbuch","status":"publish","type":"product","link":"https:\/\/staging.hempions.com\/ch\/accessoires\/rezeptbuch\/","title":{"rendered":"Hempions Hanf Rezeptbuch"},"content":{"rendered":"<h2><b>Hanf Rezepte von und f\u00fcr Champions<\/b><\/h2>\n<p><span style=\"font-weight: 400;\">Mit \u00fcber 50 vitalen Hanfrezepten findet sich f\u00fcr jeden Geschmack das passende Gericht. Die Sammlung beinhaltet die besten Rezepte aus unz\u00e4hligen Kochexperimenten mit Hanf.\u00a0 Gemeinsam mit AthletInnen, Ern\u00e4hrungsberaterInnen, TherapeutInnen und Spitzenk\u00f6chInnen entstand so eine Vielzahl von Hanfgerichten.<br \/>\nWir wollten nicht nur Geschmackserlebnisse aus Hanf kreieren sondern es war uns wichtig unseren Grunds\u00e4tzen treu zu bleiben:<br \/>\n<\/span><\/p>\n<ul>\n<li><strong>Lecker,<\/strong> um dich in die Hanf Genusswelt zu ziehen.<\/li>\n<li><strong>Gesund<\/strong>, damit du aus\u00a0den Gerichten Energie sch\u00f6pfst und dich rundum gut f\u00fchlst.<\/li>\n<li><strong>Praktisch<\/strong>, um auch im stressigen Alltag auf deine Kosten zu kommen &#8211; ohne gro\u00dfen Aufwand und mit leichten Mitteln.<\/li>\n<li><strong>Nachhaltig<\/strong>, weil viele soziale und \u00f6kologische Probleme eng mit unserer Ern\u00e4hrung verkn\u00fcpft sind. Wir wollen dir helfen, einen positiven Beitrag zu leisten.<\/li>\n<li><strong>Regional<\/strong>, damit du die Zutaten vieler Kreationen bei ErzeugerInnen aus der Region beziehen kannst.<\/li>\n<\/ul>\n<h3><strong>Das perfekte Hanf Rezeptbuch f\u00fcr Neulinge und Kenner<\/strong><\/h3>\n<p>Im Rezeptbuch findest du alles was du brauchst, um mit Hanfprodukten vitale K\u00f6stlichkeiten zu zaubern und erf\u00e4hrst mehr \u00fcber Hanf als Superfood der Champions.<br \/>\nDadurch eignet sich das Buch auch ideal als kreatives und au\u00dfergew\u00f6hnliches Geschenk. eine \u00dcbersicht der wichtigsten Kapitel:<\/p>\n<ul>\n<li>Die Hempions <strong>Geschichte<\/strong><\/li>\n<li>Die <strong>Superpflanze<\/strong> Hanf<\/li>\n<li><strong>Vital essen<\/strong> mit Hanf<\/li>\n<li><strong>CBD<\/strong> &#8211; Cannabidiol<\/li>\n<li><strong>Produktwissen<\/strong><\/li>\n<li><strong>Fr\u00fchst\u00fccken<\/strong> mit Hanf<\/li>\n<li>Hanf f\u00fcr <strong>Zwischendurch<\/strong><\/li>\n<li><strong>Getr\u00e4nke<\/strong> mit Hanf<\/li>\n<li><strong>Vorspeisen <\/strong>mit Hanf<\/li>\n<li><strong>Hauptspeisen <\/strong>mit Hanf<\/li>\n<li><strong>Desserts <\/strong>mit Hanf<\/li>\n<li><strong>Backen<\/strong> mit Hanf<\/li>\n<\/ul>\n<h3><strong>Autoren<\/strong><\/h3>\n<p class=\"p1\">Das Hempions Gr\u00fcnder Quartett:<\/p>\n<ul>\n<li class=\"p1\"><a href=\"\/ch\/team\/daniel-meier\/\" target=\"_blank\" rel=\"noopener\">Daniel Meier<\/a>, Ski Weltcup Profi<\/li>\n<li class=\"p1\"><a href=\"https:\/\/staging.hempions.com\/ch\/team\/florian-braitsch\/\" target=\"_blank\" rel=\"noopener\">Florian Braitsch<\/a>, mehrfacher \u00d6sterreichischer Meister im Turnen<\/li>\n<li class=\"p1\"><a href=\"https:\/\/staging.hempions.com\/ch\/team\/fabian-braitsch\/\" target=\"_blank\" rel=\"noopener\">Fabian Braitsch<\/a>, Ski Europacup Sieger<\/li>\n<li class=\"p1\"><strong><a href=\"\/ch\/team\/lukas-bitschnau\/\" target=\"_blank\" rel=\"noopener\">Lukas Bitschnau<\/a>, <\/strong>Ski Freestyle Athlet<\/li>\n<\/ul>","protected":false},"excerpt":{"rendered":"<p>mit \u00fcber 50 kreativen Ideen<\/p>","protected":false},"featured_media":104509,"comment_status":"open","ping_status":"closed","template":"","meta":{"CBBTypography":[],"editor_plus_copied_stylings":"{}","site-sidebar-layout":"no-sidebar","site-content-layout":"default","ast-site-content-layout":"default","site-content-style":"default","site-sidebar-style":"default","ast-global-header-display":"","ast-banner-title-visibility":"","ast-main-header-display":"","ast-hfb-above-header-display":"","ast-hfb-below-header-display":"","ast-hfb-mobile-header-display":"","site-post-title":"","ast-breadcrumbs-content":"","ast-featured-img":"","footer-sml-layout":"","ast-disable-related-posts":"","theme-transparent-header-meta":"default","adv-header-id-meta":"","stick-header-meta":"default","header-above-stick-meta":"","header-main-stick-meta":"","header-below-stick-meta":"","astra-migrate-meta-layouts":"set","ast-page-background-enabled":"default","ast-page-background-meta":{"desktop":{"background-color":"","background-image":"","background-repeat":"repeat","background-position":"center center","background-size":"auto","background-attachment":"scroll","background-type":"","background-media":"","overlay-type":"","overlay-color":"","overlay-opacity":"","overlay-gradient":""},"tablet":{"background-color":"","background-image":"","background-repeat":"repeat","background-position":"center center","background-size":"auto","background-attachment":"scroll","background-type":"","background-media":"","overlay-type":"","overlay-color":"","overlay-opacity":"","overlay-gradient":""},"mobile":{"background-color":"","background-image":"","background-repeat":"repeat","background-position":"center center","background-size":"auto","background-attachment":"scroll","background-type":"","background-media":"","overlay-type":"","overlay-color":"","overlay-opacity":"","overlay-gradient":""}},"ast-content-background-meta":{"desktop":{"background-color":"var(--ast-global-color-5)","background-image":"","background-repeat":"repeat","background-position":"center center","background-size":"auto","background-attachment":"scroll","background-type":"","background-media":"","overlay-type":"","overlay-color":"","overlay-opacity":"","overlay-gradient":""},"tablet":{"background-color":"var(--ast-global-color-5)","background-image":"","background-repeat":"repeat","background-position":"center center","background-size":"auto","background-attachment":"scroll","background-type":"","background-media":"","overlay-type":"","overlay-color":"","overlay-opacity":"","overlay-gradient":""},"mobile":{"background-color":"var(--ast-global-color-5)","background-image":"","background-repeat":"repeat","background-position":"center center","background-size":"auto","background-attachment":"scroll","background-type":"","background-media":"","overlay-type":"","overlay-color":"","overlay-opacity":"","overlay-gradient":""}}},"product_brand":[],"product_cat":[463,3840],"product_tag":[4435],"class_list":{"0":"post-55690","1":"product","2":"type-product","3":"status-publish","4":"has-post-thumbnail","6":"product_cat-accessoires","7":"product_cat-zubehoer","8":"product_tag-accessoires","9":"desktop-align-left","10":"tablet-align-left","11":"mobile-align-left","12":"ast-product-gallery-layout-horizontal-slider","13":"ast-product-gallery-with-no-image","14":"ast-magnify-disabled","15":"ast-product-single-variable","16":"ast-product-tabs-layout-horizontal","18":"first","19":"instock","20":"taxable","21":"shipping-taxable","22":"purchasable","23":"product-type-variable","24":"has-default-attributes"},"_links":{"self":[{"href":"https:\/\/staging.hempions.com\/ch\/wp-json\/wp\/v2\/product\/55690","targetHints":{"allow":["GET"]}}],"collection":[{"href":"https:\/\/staging.hempions.com\/ch\/wp-json\/wp\/v2\/product"}],"about":[{"href":"https:\/\/staging.hempions.com\/ch\/wp-json\/wp\/v2\/types\/product"}],"replies":[{"embeddable":true,"href":"https:\/\/staging.hempions.com\/ch\/wp-json\/wp\/v2\/comments?post=55690"}],"wp:featuredmedia":[{"embeddable":true,"href":"https:\/\/staging.hempions.com\/ch\/wp-json\/wp\/v2\/media\/104509"}],"wp:attachment":[{"href":"https:\/\/staging.hempions.com\/ch\/wp-json\/wp\/v2\/media?parent=55690"}],"wp:term":[{"taxonomy":"product_brand","embeddable":true,"href":"https:\/\/staging.hempions.com\/ch\/wp-json\/wp\/v2\/product_brand?post=55690"},{"taxonomy":"product_cat","embeddable":true,"href":"https:\/\/staging.hempions.com\/ch\/wp-json\/wp\/v2\/product_cat?post=55690"},{"taxonomy":"product_tag","embeddable":true,"href":"https:\/\/staging.hempions.com\/ch\/wp-json\/wp\/v2\/product_tag?post=55690"}],"curies":[{"name":"wp","href":"https:\/\/api.w.org\/{rel}","templated":true}]}}