{"id":55086,"date":"2020-12-06T16:35:11","date_gmt":"2020-12-06T15:35:11","guid":{"rendered":"https:\/\/hempions.com\/?post_type=product&#038;p=55086"},"modified":"2025-11-28T19:53:36","modified_gmt":"2025-11-28T18:53:36","slug":"bioplastik-shaker","status":"publish","type":"product","link":"https:\/\/staging.hempions.com\/ch\/zubehoer\/bioplastik-shaker\/","title":{"rendered":"Hempions Bioplastik Shaker"},"content":{"rendered":"<h2><b>Der nachhaltige Bioplastik Shaker f\u00fcr Champions<\/b><\/h2>\n<p><span style=\"font-weight: 400;\">Der aus pflanzlichen Rohstoffen hergestellte Hempions Shaker zeigt, dass die Zeit reif ist f\u00fcr Alternativen zu Erd\u00f6l. In vier stylischen Farben und einer praktischen Gr\u00f6\u00dfe ist der Shaker<\/span><span style=\"font-weight: 400;\"> dein perfekter Begleiter.<br \/>\n<\/span><\/p>\n<h3><b>Gemacht aus Bio-Kunststoff<\/b><\/h3>\n<ul>\n<li><span style=\"font-weight: 400;\">Aus Weizenfaser, welches bei der Kornernte \u00fcbrig bleibt<\/span><\/li>\n<li>Im Vergleich zu herk\u00f6mmlichem Kunststoff <b>umweltfreundlicher &amp; biologisch abbaubar<\/b><\/li>\n<li>Mit 400 ml Volumen<strong> handlich und alltagstauglich<\/strong><\/li>\n<li><strong>H\u00e4lt zuverl\u00e4ssig dicht<\/strong> bei normaler Beanspruchung<\/li>\n<li>Leichte Reinigung: <strong>geeignet f\u00fcr Sp\u00fclmaschinen<br \/>\n<\/strong><\/li>\n<li><strong>Mikrowellentauglich <\/strong>und<strong> BPA frei<\/strong><\/li>\n<\/ul>\n<h3><b>Stylisch, robust und umweltfreundlich<\/b><\/h3>\n<p>Der Hempions Bioplastik Shaker ist ein Statement daf\u00fcr, dass es Alternativen zu erd\u00f6lbasierten Shakern und Gebrauchsgegenst\u00e4nden aus Kunstoff gibt. Dies spiegeln auch die nat\u00fcrlichen Farben des Shakers wider. Der Shaker ist durch seine praktische Gr\u00f6\u00dfe von 400 ml sehr alltagstauglich und passt in alle g\u00e4ngigen Becherhalter. Die Verschlusskappe h\u00e4lt zuverl\u00e4ssig dicht, sofern nicht durch den Inhalt ein Druck aufgebaut wird, z.B. \u00fcber kohlens\u00e4urehaltige Getr\u00e4nke. Den Hempions Shaker kannst du entweder von Hand reinigen oder in die Sp\u00fclmaschine geben. Au\u00dferdem unters\u00fctzt du mir dem Kauf des Shakers die Weiterentwicklung und Verwendung von biologisch abbaubaren Kunststoffen.<\/p>\n<p><strong>Material:<\/strong> Weizenschalenfaser, biologisch abbaubares Harz<br \/>\n<strong>Volumen:<\/strong> 400 ml<\/p>","protected":false},"excerpt":{"rendered":"<p>die nachhaltige Alternative<\/p>","protected":false},"featured_media":79231,"comment_status":"open","ping_status":"closed","template":"","meta":{"CBBTypography":[],"editor_plus_copied_stylings":"{}","site-sidebar-layout":"no-sidebar","site-content-layout":"default","ast-site-content-layout":"default","site-content-style":"default","site-sidebar-style":"default","ast-global-header-display":"","ast-banner-title-visibility":"","ast-main-header-display":"","ast-hfb-above-header-display":"","ast-hfb-below-header-display":"","ast-hfb-mobile-header-display":"","site-post-title":"","ast-breadcrumbs-content":"","ast-featured-img":"","footer-sml-layout":"","ast-disable-related-posts":"","theme-transparent-header-meta":"default","adv-header-id-meta":"","stick-header-meta":"default","header-above-stick-meta":"","header-main-stick-meta":"","header-below-stick-meta":"","astra-migrate-meta-layouts":"set","ast-page-background-enabled":"default","ast-page-background-meta":{"desktop":{"background-color":"","background-image":"","background-repeat":"repeat","background-position":"center center","background-size":"auto","background-attachment":"scroll","background-type":"","background-media":"","overlay-type":"","overlay-color":"","overlay-opacity":"","overlay-gradient":""},"tablet":{"background-color":"","background-image":"","background-repeat":"repeat","background-position":"center center","background-size":"auto","background-attachment":"scroll","background-type":"","background-media":"","overlay-type":"","overlay-color":"","overlay-opacity":"","overlay-gradient":""},"mobile":{"background-color":"","background-image":"","background-repeat":"repeat","background-position":"center center","background-size":"auto","background-attachment":"scroll","background-type":"","background-media":"","overlay-type":"","overlay-color":"","overlay-opacity":"","overlay-gradient":""}},"ast-content-background-meta":{"desktop":{"background-color":"var(--ast-global-color-5)","background-image":"","background-repeat":"repeat","background-position":"center center","background-size":"auto","background-attachment":"scroll","background-type":"","background-media":"","overlay-type":"","overlay-color":"","overlay-opacity":"","overlay-gradient":""},"tablet":{"background-color":"var(--ast-global-color-5)","background-image":"","background-repeat":"repeat","background-position":"center center","background-size":"auto","background-attachment":"scroll","background-type":"","background-media":"","overlay-type":"","overlay-color":"","overlay-opacity":"","overlay-gradient":""},"mobile":{"background-color":"var(--ast-global-color-5)","background-image":"","background-repeat":"repeat","background-position":"center center","background-size":"auto","background-attachment":"scroll","background-type":"","background-media":"","overlay-type":"","overlay-color":"","overlay-opacity":"","overlay-gradient":""}}},"product_brand":[],"product_cat":[3840,463],"product_tag":[4435],"class_list":{"0":"post-55086","1":"product","2":"type-product","3":"status-publish","4":"has-post-thumbnail","6":"product_cat-zubehoer","7":"product_cat-accessoires","8":"product_tag-accessoires","9":"desktop-align-left","10":"tablet-align-left","11":"mobile-align-left","12":"ast-product-gallery-layout-horizontal-slider","13":"ast-magnify-disabled","14":"ast-product-single-variable","15":"ast-product-tabs-layout-horizontal","17":"first","18":"instock","19":"taxable","20":"shipping-taxable","21":"purchasable","22":"product-type-variable","23":"has-default-attributes"},"_links":{"self":[{"href":"https:\/\/staging.hempions.com\/ch\/wp-json\/wp\/v2\/product\/55086","targetHints":{"allow":["GET"]}}],"collection":[{"href":"https:\/\/staging.hempions.com\/ch\/wp-json\/wp\/v2\/product"}],"about":[{"href":"https:\/\/staging.hempions.com\/ch\/wp-json\/wp\/v2\/types\/product"}],"replies":[{"embeddable":true,"href":"https:\/\/staging.hempions.com\/ch\/wp-json\/wp\/v2\/comments?post=55086"}],"wp:featuredmedia":[{"embeddable":true,"href":"https:\/\/staging.hempions.com\/ch\/wp-json\/wp\/v2\/media\/79231"}],"wp:attachment":[{"href":"https:\/\/staging.hempions.com\/ch\/wp-json\/wp\/v2\/media?parent=55086"}],"wp:term":[{"taxonomy":"product_brand","embeddable":true,"href":"https:\/\/staging.hempions.com\/ch\/wp-json\/wp\/v2\/product_brand?post=55086"},{"taxonomy":"product_cat","embeddable":true,"href":"https:\/\/staging.hempions.com\/ch\/wp-json\/wp\/v2\/product_cat?post=55086"},{"taxonomy":"product_tag","embeddable":true,"href":"https:\/\/staging.hempions.com\/ch\/wp-json\/wp\/v2\/product_tag?post=55086"}],"curies":[{"name":"wp","href":"https:\/\/api.w.org\/{rel}","templated":true}]}}