{"id":53402,"date":"2020-10-27T17:27:02","date_gmt":"2020-10-27T16:27:02","guid":{"rendered":"https:\/\/hempions.com\/?post_type=product&#038;p=53402"},"modified":"2026-01-19T16:28:16","modified_gmt":"2026-01-19T15:28:16","slug":"bio-hanfmus-roasted","status":"publish","type":"product","link":"https:\/\/staging.hempions.com\/ch\/hanfmus\/bio-hanfmus-roasted\/","title":{"rendered":"Bio Hanfmus Roasted"},"content":{"rendered":"<h2 id=\"beschreibung\"><strong>Die Nussmus-Alternative f\u00fcr Champions<\/strong><\/h2>\n<p>Hanfmus Roasted ist die perfekte Alternative zu Nussmus. Hanfmus \u00fcberzeugt mit der einzigartigen Kombination aus wertvollen N\u00e4hrstoffen und dem nussigen Geschmack von Hanf. Eine Prise Salz rundet die feine Paste aus Hanfsamen zus\u00e4tzlich ab. Das ideale Topping f\u00fcr Porridge, M\u00fcsli und Desserts wie Cupcakes.\u00a0<\/p>\n<h3><strong>Hanfmus f\u00fcr einen vitalen Tag<\/strong><\/h3>\n<p>Die wertvollen N\u00e4hrstoffe des <span style=\"font-weight: 400;\"><strong><a href=\"https:\/\/staging.hempions.com\/ch\/knowledge\/naehrstoffwunder-hanfsamen\/\">Superfood Hanfsamen<\/a>\u00a0<\/strong>machen das Hanfmus reif f\u00fcr Champions:<\/span><\/p>\n<ul>\n<li>Reich an essentiellen Omega-3 Fetts\u00e4uren.<\/li>\n<li>Ein hoher Gehalt an Eisen und Magnesium tr\u00e4gt zur Verringerung von M\u00fcdigkeit und Erm\u00fcdung bei.<\/li>\n<li>Reich an Zink, welches zum Schutz der Zellen vor oxidativem Stress beitr\u00e4gt.<\/li>\n<li>Ein hoher Gehalt an leicht vertr\u00e4glichem Eiwei\u00df unterst\u00fctzt den Aufbau und die Erhaltung von Muskelmasse.<\/li>\n<li>Anders als bei Nussmus, sind keine Allergien auf Hanf bekannt.<\/li>\n<\/ul>\n<h3><strong>Das steckt in Hanfmus Roasted<\/strong><\/h3>\n<p>Schonend ger\u00f6stete, gesch\u00e4lte Hanfsamen, verfeinert mit ein wenig Salz. Das Salz sorgt f\u00fcr einen runden Geschmack und unterstreicht die nussige Note.<\/p>\n<h3><strong>Hempions Tipps zur Anwendung<\/strong><\/h3>\n<p>Hanfmus ist besonders vielseitig einsetzbar, vor allem \u00fcberall dort, wo Erdnussbutter oder anderes Nussmus verwendet wird: Als Topping f\u00fcr Porridge, als Aufstrich auf Brot, in Smoothies, M\u00fcsli, Saucen, Curry-Gerichten und vielem mehr.<\/p>\n<h3><strong>Mit einer Portion bestens versorgt <\/strong><\/h3>\n<p>Bereits eine Portion von 20 g Hanfmus Roasted \u00a0deckt den Tagesbedarfes an Omega-3 und Omega-6 Fetts\u00e4uren (<strong><a href=\"https:\/\/www.dge.de\/wissenschaft\/referenzwerte\/fett\/\" target=\"_blank\" rel=\"noopener noreferrer\">laut den Richtwerten der DGE<\/a><\/strong>) sowie einen wesentlichen Teil des Bedarfs an Magnesium, Eisen und Zink.<\/p>\n<h3><strong>Verkehrsbezeichnung<\/strong><\/h3>\n<p><span data-sheets-value=\"{&quot;1&quot;:2,&quot;2&quot;:&quot;Hanfmus aus gesch\u00e4lten Hanfsamen&quot;}\" data-sheets-userformat=\"{&quot;2&quot;:769,&quot;3&quot;:{&quot;1&quot;:0},&quot;11&quot;:4,&quot;12&quot;:0}\">Hanfmus aus gesch\u00e4lten Hanfsamen<\/span><\/p>\n<h3 id=\"zutaten\"><strong>Zutaten<\/strong><\/h3>\n<p>Hanfsamen gesch\u00e4lt ger\u00f6stet* 99,4% , Salz 0,6%<br \/><span style=\"font-size: 14px;\">* aus kontrolliert biologischer Landwirtschaft<\/span><\/p>\n\n\n<div class=\"wp-block-pb-accordion-item c-accordion__item js-accordion-item no-js\" data-initially-open=\"false\" data-click-to-close=\"true\" data-auto-close=\"true\" data-scroll=\"false\" data-scroll-offset=\"0\"><h5 id=\"at-534020\" class=\"c-accordion__title js-accordion-controller\" role=\"button\"><strong>N\u00e4hrwerte<\/strong><\/h5><div id=\"ac-534020\" class=\"c-accordion__content\"><p class=\"eplus-wrapper eplus-styles-uid-6d634f\"><strong>Durchschnittlicher N\u00e4hrwertgehalt (pro 100 g):<\/strong><\/p>\n\n\n<figure style=\"font-size:14px\" class=\"wp-block-table eplus-wrapper\"><table><tbody><tr><td>Energie<\/td><td>2682 kJ \/ 648 kcal<\/td><\/tr><tr><td>Fett<\/td><td>55 g<\/td><\/tr><tr><td>davon ges\u00e4ttigte Fetts\u00e4uren<\/td><td>6,4 g<\/td><\/tr><tr><td>Kohlenhydrate:<\/td><td>2,9 g<\/td><\/tr><tr><td>davon Zucker:<\/td><td>2,7 g<\/td><\/tr><tr><td>Ballaststoffe<\/td><td>6,0 g<\/td><\/tr><tr><td>Eiwei\u00df:<\/td><td>32 g<\/td><\/tr><tr><td>Salz<\/td><td>0,60 g<\/td><\/tr><\/tbody><\/table><\/figure>\n\n\n\n<figure style=\"font-size:14px\" class=\"wp-block-table eplus-wrapper\"><table><tbody><tr><td>Omega-3 Fetts\u00e4uren<\/td><td>7,2 g \/ 100 g<\/td><\/tr><tr><td>Eisen<\/td><td>11 mg \/ 100 g (79% NRV*)<\/td><\/tr><tr><td>Magnesium<\/td><td>646 mg \/ 100 g (172% NRV*)<\/td><\/tr><tr><td>Zink<\/td><td>10 mg \/ 100 g (100% NRV*)<\/td><\/tr><\/tbody><\/table><\/figure>\n\n\n<p class=\"eplus-wrapper eplus-styles-uid-bce8e2\">*empfohlene t\u00e4gliche Zufuhrmenge (NRV)<\/p><\/div><\/div>\n\n\n<p>Bio Hanfmus Roasted ist <strong>vegan<\/strong> und weist <strong>keine berauschende Wirkung<\/strong> auf. Erntebedingt k\u00f6nnen Spuren von Gluten und Schalenfr\u00fcchten enthalten sein.<\/p>\n<h3><strong>Inhalt<\/strong><\/h3>\n<p>Nettof\u00fcllmenge: <strong>200 g<\/strong>\u00a0oder <strong>1 kg<\/strong><br \/>F\u00fcllh\u00f6he sowie N\u00e4hrstoffwerte unterliegen den bei Naturprodukten \u00fcblichen Schwankungen.<\/p>\n<h3><strong>Lagerung<\/strong><\/h3>\n<p>Gut verschlossen, trocken und vor W\u00e4rme gesch\u00fctzt lagern.<\/p>\n<h3 class=\"p5\"><b>Hinweis<\/b><\/h3>\n<p class=\"p3\">THC-Gehalt: &lt;0,01 %<br \/>CBD-Gehalt: &lt;0,01 %<br \/>Erntebedingt k\u00f6nnen Spuren von Cannabinoiden enthalten sein.<\/p>\n<p class=\"p3\">Eine abwechslungsreiche, ausgewogene Ern\u00e4hrung, Bewegung und ein gesunder Lebensstil sind wichtig f\u00fcr die Gesundheit.<br \/>Verwende 20 g Bio Hanfmus Roasted t\u00e4glich.<\/p>","protected":false},"excerpt":{"rendered":"<p>fein cremig &#8211; ideal statt Nussmus<\/p>","protected":false},"featured_media":115431,"comment_status":"open","ping_status":"closed","template":"","meta":{"CBBTypography":[],"editor_plus_copied_stylings":"{}","site-sidebar-layout":"no-sidebar","site-content-layout":"default","ast-site-content-layout":"default","site-content-style":"default","site-sidebar-style":"default","ast-global-header-display":"","ast-banner-title-visibility":"","ast-main-header-display":"","ast-hfb-above-header-display":"","ast-hfb-below-header-display":"","ast-hfb-mobile-header-display":"","site-post-title":"","ast-breadcrumbs-content":"","ast-featured-img":"","footer-sml-layout":"","ast-disable-related-posts":"","theme-transparent-header-meta":"default","adv-header-id-meta":"","stick-header-meta":"default","header-above-stick-meta":"","header-main-stick-meta":"","header-below-stick-meta":"","astra-migrate-meta-layouts":"set","ast-page-background-enabled":"default","ast-page-background-meta":{"desktop":{"background-color":"","background-image":"","background-repeat":"repeat","background-position":"center center","background-size":"auto","background-attachment":"scroll","background-type":"","background-media":"","overlay-type":"","overlay-color":"","overlay-opacity":"","overlay-gradient":""},"tablet":{"background-color":"","background-image":"","background-repeat":"repeat","background-position":"center center","background-size":"auto","background-attachment":"scroll","background-type":"","background-media":"","overlay-type":"","overlay-color":"","overlay-opacity":"","overlay-gradient":""},"mobile":{"background-color":"","background-image":"","background-repeat":"repeat","background-position":"center center","background-size":"auto","background-attachment":"scroll","background-type":"","background-media":"","overlay-type":"","overlay-color":"","overlay-opacity":"","overlay-gradient":""}},"ast-content-background-meta":{"desktop":{"background-color":"var(--ast-global-color-5)","background-image":"","background-repeat":"repeat","background-position":"center center","background-size":"auto","background-attachment":"scroll","background-type":"","background-media":"","overlay-type":"","overlay-color":"","overlay-opacity":"","overlay-gradient":""},"tablet":{"background-color":"var(--ast-global-color-5)","background-image":"","background-repeat":"repeat","background-position":"center center","background-size":"auto","background-attachment":"scroll","background-type":"","background-media":"","overlay-type":"","overlay-color":"","overlay-opacity":"","overlay-gradient":""},"mobile":{"background-color":"var(--ast-global-color-5)","background-image":"","background-repeat":"repeat","background-position":"center center","background-size":"auto","background-attachment":"scroll","background-type":"","background-media":"","overlay-type":"","overlay-color":"","overlay-opacity":"","overlay-gradient":""}}},"product_brand":[],"product_cat":[4316],"product_tag":[457],"class_list":{"0":"post-53402","1":"product","2":"type-product","3":"status-publish","4":"has-post-thumbnail","6":"product_cat-hanfmus","7":"product_tag-lebensmittel","8":"desktop-align-left","9":"tablet-align-left","10":"mobile-align-left","11":"ast-product-gallery-layout-horizontal-slider","12":"ast-magnify-disabled","13":"ast-product-single-variable","14":"ast-product-tabs-layout-horizontal","16":"first","17":"instock","18":"sale","19":"taxable","20":"shipping-taxable","21":"purchasable","22":"product-type-variable","23":"has-default-attributes"},"_links":{"self":[{"href":"https:\/\/staging.hempions.com\/ch\/wp-json\/wp\/v2\/product\/53402","targetHints":{"allow":["GET"]}}],"collection":[{"href":"https:\/\/staging.hempions.com\/ch\/wp-json\/wp\/v2\/product"}],"about":[{"href":"https:\/\/staging.hempions.com\/ch\/wp-json\/wp\/v2\/types\/product"}],"replies":[{"embeddable":true,"href":"https:\/\/staging.hempions.com\/ch\/wp-json\/wp\/v2\/comments?post=53402"}],"wp:featuredmedia":[{"embeddable":true,"href":"https:\/\/staging.hempions.com\/ch\/wp-json\/wp\/v2\/media\/115431"}],"wp:attachment":[{"href":"https:\/\/staging.hempions.com\/ch\/wp-json\/wp\/v2\/media?parent=53402"}],"wp:term":[{"taxonomy":"product_brand","embeddable":true,"href":"https:\/\/staging.hempions.com\/ch\/wp-json\/wp\/v2\/product_brand?post=53402"},{"taxonomy":"product_cat","embeddable":true,"href":"https:\/\/staging.hempions.com\/ch\/wp-json\/wp\/v2\/product_cat?post=53402"},{"taxonomy":"product_tag","embeddable":true,"href":"https:\/\/staging.hempions.com\/ch\/wp-json\/wp\/v2\/product_tag?post=53402"}],"curies":[{"name":"wp","href":"https:\/\/api.w.org\/{rel}","templated":true}]}}