{"id":46332,"date":"2020-03-22T09:47:30","date_gmt":"2020-03-22T08:47:30","guid":{"rendered":"https:\/\/hempions.com\/?post_type=product&#038;p=46332"},"modified":"2025-12-09T15:02:48","modified_gmt":"2025-12-09T14:02:48","slug":"bio-hanfprotein-high-fiber","status":"publish","type":"product","link":"https:\/\/staging.hempions.com\/ch\/hanfprotein\/bio-hanfprotein-high-fiber\/","title":{"rendered":"Bio Hanfprotein High Fiber"},"content":{"rendered":"<h2><strong>Das volle Programm fu\u0308r Champions<\/strong><\/h2>\n<p>Hanf Protein High Fiber sorgt fu\u0308r den ta\u0308glichen Protein- und Ballaststoff-Kick. So u\u0308berspringst du selbst die gro\u0308\u00dften Hu\u0308rden mit Leichtigkeit.<\/p>\n<ul>\n<li>Pflanzliches Eiwei\u00df unterst\u00fctzt den Aufbau und die Erhaltung von Muskelmasse.<\/li>\n<li>Ein hoher Gehalt an Eisen tr\u00e4gt zur Verringerung von M\u00fcdigkeit und Erm\u00fcdung bei.<\/li>\n<li>Hanf Protein High Fiber weist einen hohen Ballaststoffgehalt auf.<\/li>\n<\/ul>\n<h3><strong>Das steckt in Hanf Protein High Fiber<\/strong><\/h3>\n<p>Hanf Proteinpulver mit nussiger Note, aus ento\u0308lten, gemahlenen Bio Hanfsamen aus O\u0308sterreich. Der hohe Schalenanteil sorgt fu\u0308r ein besonderes Gefu\u0308hl am Gaumen und eine dunkelgr\u00fcne Farbe. Diese gr\u00fcne Farbe im Protein stammt aus den sekund\u00e4ren Pflanzenstoffen in der Schale der <strong><a href=\"\/ch\/p\/hanfsamen-ungeschaelt\/\">ungesch\u00e4lten Hanfsamen<\/a><\/strong>. Durch die schonende Herstellung ist die Rohkost-Qualita\u0308t des Produktes gewa\u0308hrleistet.<\/p>\n<h3><strong>Hempions Tipps zur Anwendung<\/strong><\/h3>\n<p>Hanf Protein High Fiber ist besonders vielseitig einsetzbar. Es eignet sich besonders gut zum <strong>Backen<\/strong> und bringt eine besondere Note in Brote, Kuchen, Crepes und Kekse. Als Mehlersatz k\u00f6nnen bis zu <b>20% der Mehlmenge<\/b> im Rezept mit Hanf Protein High Fiber ersetzt werden, um die Backf\u00e4higkeit nicht zu beeintr\u00e4chtigen. Viele Backideen findest du auf <strong><a href=\"\/ch\/cat\/kitchen\/\">unserer Rezeptseite<\/a><\/strong> oder in unserem gratis <a href=\"https:\/\/staging.hempions.com\/ch\/rezeptbuch\/\"><strong>Rezept E-Book<\/strong><\/a>.<br \/>Optional kann es auch f\u00fcr\u00a0Smoothies und M\u00fcslis verwendet werden &#8211; hier ist jedoch auch unser <a href=\"https:\/\/hempions.com\/p\/hanfprotein-premium\/\" target=\"_blank\" rel=\"noopener\"><strong>Hanfprotein Premium<\/strong><\/a> sehr beliebt.<\/p>\n<h3><strong>Mit einer Portion bestens versorgt <\/strong><\/h3>\n<p>Bereits eine Portion von 25 g Hanf Protein High Fiber am Tag deckt ein Drittel des empfohlenen Tagesbedarfes an Ballaststoffen (<strong><a href=\"https:\/\/www.dge.de\/wissenschaft\/referenzwerte\/kohlenhydrate-ballaststoffe\/#:~:text=Ballaststoffe%20(Nahrungsfasern),Referenzwerte%20f%C3%BCr%20die%20Energiezufuhr).\" target=\"_blank\" rel=\"noopener noreferrer\">laut den Richtwerten der DGE<\/a><\/strong>) sowie einen wesentlichen Teil des Bedarfs an Eisen. In der praktischen wiederverschlie\u00dfbaren Dose oder im Zip-Beutel ist das Hanf Protein gut vor Licht gesch\u00fctzt und kann angenehm gelagert werden.<\/p>\n<h3><b>Verkehrsbezeichnung<\/b><\/h3>\n<p><span data-sheets-value=\"{&quot;1&quot;:2,&quot;2&quot;:&quot;Proteinreiches Pulver aus ungesch\u00e4lten\\nBio Hanfsamen&quot;}\" data-sheets-userformat=\"{&quot;2&quot;:769,&quot;3&quot;:{&quot;1&quot;:0},&quot;11&quot;:4,&quot;12&quot;:0}\">Proteinreiches Pulver aus ungesch\u00e4lten Bio Hanfsamen<\/span><\/p>\n<h3 id=\"zutaten\"><strong>Zutaten<\/strong><\/h3>\n<p>100% Hanf Proteinpulver aus ungesch\u00e4lten Bio Hanfsamen*<br \/><span style=\"font-size: 14px\">* aus kontrolliert biologischer Landwirtschaft<\/span><\/p>\n\n\n<div class=\"wp-block-pb-accordion-item c-accordion__item js-accordion-item no-js\"><h5 id=\"at-463320\" class=\"c-accordion__title js-accordion-controller\" role=\"button\"><strong>N\u00e4hrwerte<\/strong><\/h5><div id=\"ac-463320\" class=\"c-accordion__content\">\n<p class=\"eplus-wrapper eplus-styles-uid-5b7bee\"><strong>Durchschnittlicher N\u00e4hrwertgehalt (pro 100 g):<\/strong><\/p>\n\n<figure class=\"wp-block-table eplus-wrapper\" style=\"font-size:14px\"><table><tbody><tr><td>Energie<\/td><td>1200 kJ \/ 289 kcal<\/td><\/tr><tr><td>Fett<\/td><td>6,8 g<\/td><\/tr><tr><td>davon ges\u00e4ttigte Fetts\u00e4uren<\/td><td>2,2 g<\/td><\/tr><tr><td>Kohlenhydrate:<\/td><td>3,3 g<\/td><\/tr><tr><td>davon Zucker:<\/td><td>2,4 g<\/td><\/tr><tr><td>Ballaststoffe:<\/td><td>42 g<\/td><\/tr><tr><td>Eiwei\u00df:<\/td><td>33 g<\/td><\/tr><tr><td>Salz:<\/td><td>0,05 g<\/td><\/tr><\/tbody><\/table><\/figure>\n\n\n<figure class=\"wp-block-table eplus-wrapper\" style=\"font-size:14px\"><table><tbody><tr><td>Eisen<\/td><td>18 mg \/ 100 g (129% NRV*)<\/td><\/tr><\/tbody><\/table><\/figure>\n\n<p class=\"eplus-wrapper eplus-styles-uid-bce8e2\">*empfohlene t\u00e4gliche Zufuhrmenge (NRV)<\/p>\n<\/div><\/div>\n\n\n<p>Bio Hanf Protein High Fiber ist <strong>vegan<\/strong> und weist <strong>keine berauschende Wirkung<\/strong> auf. Erntebedingt k\u00f6nnen Spuren von Gluten enthalten sein.<\/p>\n<h3><strong>Inhalt<\/strong><\/h3>\n<p>Nettof\u00fcllmenge: <strong>175 g<\/strong> oder <b>500 g<br \/><\/b>F\u00fcllh\u00f6he sowie N\u00e4hrstoffwerte unterliegen den bei Naturprodukten \u00fcblichen Schwankungen.<\/p>\n<h3><strong>Lagerung<\/strong><\/h3>\n<p>Gut verschlossen, trocken und vor W\u00e4rme gesch\u00fctzt lagern.<\/p>\n<h3 class=\"p5\"><b>Hinweis<\/b><\/h3>\n<p class=\"p3\">THC-Gehalt: &lt;0,01 %<br \/>CBD-Gehalt: &lt;0,01 %<br \/>Erntebedingt k\u00f6nnen Spuren von Cannabinoiden enthalten sein.<\/p>\n<p>Eine abwechslungsreiche, ausgewogene Ern\u00e4hrung, Bewegung und ein gesunder Lebensstil sind wichtig f\u00fcr die Gesundheit. Verwende 25 g Bio Hanf Protein High Fiber t\u00e4glich.<\/p>","protected":false},"excerpt":{"rendered":"<p>in Rohkost-Qualit\u00e4t<\/p>","protected":false},"featured_media":115453,"comment_status":"open","ping_status":"closed","template":"","meta":{"CBBTypography":[],"editor_plus_copied_stylings":"{}","site-sidebar-layout":"no-sidebar","site-content-layout":"default","ast-site-content-layout":"default","site-content-style":"default","site-sidebar-style":"default","ast-global-header-display":"","ast-banner-title-visibility":"","ast-main-header-display":"","ast-hfb-above-header-display":"","ast-hfb-below-header-display":"","ast-hfb-mobile-header-display":"","site-post-title":"","ast-breadcrumbs-content":"","ast-featured-img":"","footer-sml-layout":"","ast-disable-related-posts":"","theme-transparent-header-meta":"default","adv-header-id-meta":"","stick-header-meta":"default","header-above-stick-meta":"","header-main-stick-meta":"","header-below-stick-meta":"","astra-migrate-meta-layouts":"set","ast-page-background-enabled":"default","ast-page-background-meta":{"desktop":{"background-color":"","background-image":"","background-repeat":"repeat","background-position":"center center","background-size":"auto","background-attachment":"scroll","background-type":"","background-media":"","overlay-type":"","overlay-color":"","overlay-opacity":"","overlay-gradient":""},"tablet":{"background-color":"","background-image":"","background-repeat":"repeat","background-position":"center center","background-size":"auto","background-attachment":"scroll","background-type":"","background-media":"","overlay-type":"","overlay-color":"","overlay-opacity":"","overlay-gradient":""},"mobile":{"background-color":"","background-image":"","background-repeat":"repeat","background-position":"center center","background-size":"auto","background-attachment":"scroll","background-type":"","background-media":"","overlay-type":"","overlay-color":"","overlay-opacity":"","overlay-gradient":""}},"ast-content-background-meta":{"desktop":{"background-color":"var(--ast-global-color-5)","background-image":"","background-repeat":"repeat","background-position":"center center","background-size":"auto","background-attachment":"scroll","background-type":"","background-media":"","overlay-type":"","overlay-color":"","overlay-opacity":"","overlay-gradient":""},"tablet":{"background-color":"var(--ast-global-color-5)","background-image":"","background-repeat":"repeat","background-position":"center center","background-size":"auto","background-attachment":"scroll","background-type":"","background-media":"","overlay-type":"","overlay-color":"","overlay-opacity":"","overlay-gradient":""},"mobile":{"background-color":"var(--ast-global-color-5)","background-image":"","background-repeat":"repeat","background-position":"center center","background-size":"auto","background-attachment":"scroll","background-type":"","background-media":"","overlay-type":"","overlay-color":"","overlay-opacity":"","overlay-gradient":""}}},"product_brand":[],"product_cat":[3829],"product_tag":[457],"class_list":{"0":"post-46332","1":"product","2":"type-product","3":"status-publish","4":"has-post-thumbnail","6":"product_cat-hanfprotein","7":"product_tag-lebensmittel","8":"desktop-align-left","9":"tablet-align-left","10":"mobile-align-left","11":"ast-product-gallery-layout-horizontal-slider","12":"ast-magnify-disabled","13":"ast-product-single-variable","14":"ast-product-tabs-layout-horizontal","16":"first","17":"instock","18":"sale","19":"taxable","20":"shipping-taxable","21":"purchasable","22":"product-type-variable","23":"has-default-attributes"},"_links":{"self":[{"href":"https:\/\/staging.hempions.com\/ch\/wp-json\/wp\/v2\/product\/46332","targetHints":{"allow":["GET"]}}],"collection":[{"href":"https:\/\/staging.hempions.com\/ch\/wp-json\/wp\/v2\/product"}],"about":[{"href":"https:\/\/staging.hempions.com\/ch\/wp-json\/wp\/v2\/types\/product"}],"replies":[{"embeddable":true,"href":"https:\/\/staging.hempions.com\/ch\/wp-json\/wp\/v2\/comments?post=46332"}],"wp:featuredmedia":[{"embeddable":true,"href":"https:\/\/staging.hempions.com\/ch\/wp-json\/wp\/v2\/media\/115453"}],"wp:attachment":[{"href":"https:\/\/staging.hempions.com\/ch\/wp-json\/wp\/v2\/media?parent=46332"}],"wp:term":[{"taxonomy":"product_brand","embeddable":true,"href":"https:\/\/staging.hempions.com\/ch\/wp-json\/wp\/v2\/product_brand?post=46332"},{"taxonomy":"product_cat","embeddable":true,"href":"https:\/\/staging.hempions.com\/ch\/wp-json\/wp\/v2\/product_cat?post=46332"},{"taxonomy":"product_tag","embeddable":true,"href":"https:\/\/staging.hempions.com\/ch\/wp-json\/wp\/v2\/product_tag?post=46332"}],"curies":[{"name":"wp","href":"https:\/\/api.w.org\/{rel}","templated":true}]}}