{"id":44953,"date":"2020-03-05T21:46:05","date_gmt":"2020-03-05T20:46:05","guid":{"rendered":"https:\/\/staging.thehempions.com\/?post_type=product&#038;p=44953"},"modified":"2025-12-09T15:02:11","modified_gmt":"2025-12-09T14:02:11","slug":"bio-hanfsamen-roasted","status":"publish","type":"product","link":"https:\/\/staging.hempions.com\/ch\/hanfsamen\/bio-hanfsamen-roasted\/","title":{"rendered":"Bio Hanfsamen Roasted"},"content":{"rendered":"<h2><strong>Der vitale Gaumenschmaus f\u00fcr Champions<\/strong><\/h2>\n<p>Hanfsamen Roasted lassen deine Geschmacksknospen durch die Decke gehen. Dem nussigen Aroma dieser K\u00f6stlichkeit k\u00f6nnen selbst die gr\u00f6\u00dften Champions nicht widerstehen.<\/p>\n<h3><strong>Spenden Power f\u00fcr K\u00f6rper und Geist<\/strong><\/h3>\n<p>Hanfsamen Roasted enthalten viele wertvolle N\u00e4hrstoffe des <strong><a href=\"https:\/\/staging.hempions.com\/ch\/knowledge\/naehrstoffwunder-hanfsamen\/\">Superfoods Hanfsamen<\/a><\/strong>:<\/p>\n<ul>\n<li>Hoher Gehalt an <strong>essentiellen Omega-3 Fetts\u00e4uren<\/strong>.<\/li>\n<li>Quelle von <strong>hochwertigem pflanzlichem Eiwei\u00df<\/strong>, welches den Aufbau und die Erhaltung von Muskelmasse unterst\u00fctzt.<\/li>\n<li>Ein hoher Gehalt an Eisen tr\u00e4gt zur Verringerung von M\u00fcdigkeit und Erm\u00fcdung bei.<\/li>\n<\/ul>\n<h3><strong>Das steckt in Bio Hanfsamen Roasted<\/strong><\/h3>\n<p><span style=\"font-weight: 400;\">Bio Hanfsamen,\u00a0 gesch\u00e4lt und ger\u00f6stet. Die fein zarten Samen punkten vor allem durch die fein nussige Note. Durch eine rein mechanische Sch\u00e4lung und eine schonende R\u00f6stung bleiben die wertvollen Inhaltsstoffe der Hanfsamen erhalten.<\/span><\/p>\n<h3><span style=\"font-weight: 400;\"><strong>Hempions Tipps zur Anwendung<\/strong><\/span><\/h3>\n<p><span style=\"font-weight: 400;\">Die gesch\u00e4lten und ger\u00f6steten Hanfsamen sind ein wahres Multitalent in der vitalen K\u00fcche. Egal ob beim Backen oder als Topping f\u00fcr M\u00fcslis, Suppen, Salate oder Hauptspeisen: die nussigen Samen sind ein wahrer Genuss und sorgen f\u00fcr den Kick an Protein und Omega-3 Fetts\u00e4uren. Weitere Ideen findest du in unserem gratis <strong><a href=\"https:\/\/staging.hempions.com\/ch\/rezeptbuch\/\">Rezept E-Book<\/a><\/strong>.<\/span><\/p>\n<h3><strong>Mit einer Portion bestens versorgt <\/strong><\/h3>\n<p>Bereits zwei Essl\u00f6ffel (25 g) der Hanfsamen Roasted decken den Tagesbedarf an Omega-3 Fetts\u00e4uren (<strong><a href=\"https:\/\/www.dge.de\/wissenschaft\/referenzwerte\/fett\/\" target=\"_blank\" rel=\"noopener noreferrer\">laut den Richtwerten der DGE<\/a><\/strong>) und liefert zudem einen wesentlichen Teil des Bedarfs an Eisen.<\/p>\n<h3><b>Verkehrsbezeichnung<\/b><\/h3>\n<p><span data-sheets-value=\"{&quot;1&quot;:2,&quot;2&quot;:&quot;Bio Hanfsamen gesch\u00e4lt und ger\u00f6stet&quot;}\" data-sheets-userformat=\"{&quot;2&quot;:769,&quot;3&quot;:{&quot;1&quot;:0},&quot;11&quot;:4,&quot;12&quot;:0}\">Bio Hanfsamen gesch\u00e4lt und ger\u00f6stet<\/span><\/p>\n<h3 id=\"zutaten\"><strong>Zutaten<\/strong><\/h3>\n<p>100% Bio Hanfsamen gesch\u00e4lt* ger\u00f6stet<br \/><span style=\"font-size: 14px;\">* aus kontrolliert biologischer Landwirtschaft<\/span><\/p>\n\n\n<div class=\"wp-block-pb-accordion-item c-accordion__item js-accordion-item no-js\" data-initially-open=\"false\" data-click-to-close=\"true\" data-auto-close=\"true\" data-scroll=\"false\" data-scroll-offset=\"0\"><h5 id=\"at-449530\" class=\"c-accordion__title js-accordion-controller\" role=\"button\"><strong>N\u00e4hrwerte<\/strong><\/h5><div id=\"ac-449530\" class=\"c-accordion__content\"><p class=\"eplus-wrapper eplus-styles-uid-6d634f\"><strong>Durchschnittlicher N\u00e4hrwertgehalt (pro 100 g):<\/strong><\/p>\n\n\n<figure style=\"font-size:14px\" class=\"wp-block-table eplus-wrapper\"><table><tbody><tr><td>Energie<\/td><td class=\"has-text-align-right\" data-align=\"right\">2581 kJ \/ 623 kcal<\/td><\/tr><tr><td>Fett<\/td><td class=\"has-text-align-right\" data-align=\"right\">50 g<\/td><\/tr><tr><td>\u2013 davon ges\u00e4ttigte Fetts\u00e4uren<\/td><td class=\"has-text-align-right\" data-align=\"right\">3,3 g<\/td><\/tr><tr><td>\u2013 davon einfach unges\u00e4ttigte Fetts\u00e4uren<\/td><td class=\"has-text-align-right\" data-align=\"right\">4,1 g<\/td><\/tr><tr><td>\u2013 davon mehrfach unges\u00e4ttigte Fetts\u00e4uren<\/td><td class=\"has-text-align-right\" data-align=\"right\">42 g<\/td><\/tr><tr><td>Kohlenhydrate<\/td><td class=\"has-text-align-right\" data-align=\"right\">5,2 g<\/td><\/tr><tr><td>&#8211; davon Zucker **<\/td><td class=\"has-text-align-right\" data-align=\"right\">0,2 g<\/td><\/tr><tr><td>Ballaststoffe<\/td><td class=\"has-text-align-right\" data-align=\"right\">6,3 g<\/td><\/tr><tr><td>Eiwei\u00df<\/td><td class=\"has-text-align-right\" data-align=\"right\">35 g<\/td><\/tr><tr><td>Salz<\/td><td class=\"has-text-align-right\" data-align=\"right\">0,03 g<\/td><\/tr><tr><td>Magnesium<\/td><td class=\"has-text-align-right\" data-align=\"right\">580 mg \/ 100 g (155% NRV*)<\/td><\/tr><tr><td>Eisen<\/td><td class=\"has-text-align-right\" data-align=\"right\">7,9 mg \/ 100 g (56% NRV*)<\/td><\/tr><tr><td>Zink<\/td><td class=\"has-text-align-right\" data-align=\"right\">8,9 mg \/ 100 g (89% NRV*)<\/td><\/tr><\/tbody><\/table><\/figure>\n\n\n\n<figure style=\"font-size:14px\" class=\"wp-block-table eplus-wrapper\"><table><tbody><tr><td>Omega-3 Fetts\u00e4uren<\/td><td class=\"has-text-align-right\" data-align=\"right\">9,5 g \/ 100 g<\/td><\/tr><\/tbody><\/table><\/figure>\n\n\n<p class=\"eplus-wrapper eplus-styles-uid-bce8e2\">* empfohlene t\u00e4gliche Zufuhrmenge (NRV)<br>** enth\u00e4lt von Natur aus Zucker<\/p><\/div><\/div>\n\n\n<p>Bio Hanfsamen Roasted sind vegan und weisen <strong>keine berauschende Wirkung<\/strong> auf. Erntebedingt k\u00f6nnen Spuren von Gluten enthalten sein.<\/p>\n<h3><strong>Inhalt<\/strong><\/h3>\n<p>Nettof\u00fcllmenge: <strong>200 g<\/strong><br \/>F\u00fcllh\u00f6he sowie N\u00e4hrstoffwerte unterliegen den bei Naturprodukten \u00fcblichen Schwankungen.<\/p>\n<h3><strong>Lagerung<\/strong><\/h3>\n<p>Gut verschlossen, trocken und vor W\u00e4rme gesch\u00fctzt lagern.<\/p>\n<h3 class=\"p5\"><b>Hinweis<\/b><\/h3>\n<p class=\"p3\">THC-Gehalt: &lt;0,01 %<br \/>CBD-Gehalt: &lt;0,01 %<br \/>Erntebedingt k\u00f6nnen Spuren von Cannabinoiden enthalten sein.<\/p>\n<p class=\"p3\">Eine abwechslungsreiche, ausgewogene Ern\u00e4hrung, Bewegung und ein gesunder Lebensstil sind wichtig f\u00fcr die Gesundheit.<br \/>Verwende 25 g Bio Hanfsamen Roasted t\u00e4glich.<\/p>","protected":false},"excerpt":{"rendered":"<p>fein nussiges R\u00f6staroma<\/p>","protected":false},"featured_media":115430,"comment_status":"open","ping_status":"closed","template":"","meta":{"CBBTypography":[],"editor_plus_copied_stylings":"{}","site-sidebar-layout":"no-sidebar","site-content-layout":"default","ast-site-content-layout":"default","site-content-style":"default","site-sidebar-style":"default","ast-global-header-display":"","ast-banner-title-visibility":"","ast-main-header-display":"","ast-hfb-above-header-display":"","ast-hfb-below-header-display":"","ast-hfb-mobile-header-display":"","site-post-title":"","ast-breadcrumbs-content":"","ast-featured-img":"","footer-sml-layout":"","ast-disable-related-posts":"","theme-transparent-header-meta":"default","adv-header-id-meta":"","stick-header-meta":"default","header-above-stick-meta":"","header-main-stick-meta":"","header-below-stick-meta":"","astra-migrate-meta-layouts":"set","ast-page-background-enabled":"default","ast-page-background-meta":{"desktop":{"background-color":"","background-image":"","background-repeat":"repeat","background-position":"center center","background-size":"auto","background-attachment":"scroll","background-type":"","background-media":"","overlay-type":"","overlay-color":"","overlay-opacity":"","overlay-gradient":""},"tablet":{"background-color":"","background-image":"","background-repeat":"repeat","background-position":"center center","background-size":"auto","background-attachment":"scroll","background-type":"","background-media":"","overlay-type":"","overlay-color":"","overlay-opacity":"","overlay-gradient":""},"mobile":{"background-color":"","background-image":"","background-repeat":"repeat","background-position":"center center","background-size":"auto","background-attachment":"scroll","background-type":"","background-media":"","overlay-type":"","overlay-color":"","overlay-opacity":"","overlay-gradient":""}},"ast-content-background-meta":{"desktop":{"background-color":"var(--ast-global-color-5)","background-image":"","background-repeat":"repeat","background-position":"center center","background-size":"auto","background-attachment":"scroll","background-type":"","background-media":"","overlay-type":"","overlay-color":"","overlay-opacity":"","overlay-gradient":""},"tablet":{"background-color":"var(--ast-global-color-5)","background-image":"","background-repeat":"repeat","background-position":"center center","background-size":"auto","background-attachment":"scroll","background-type":"","background-media":"","overlay-type":"","overlay-color":"","overlay-opacity":"","overlay-gradient":""},"mobile":{"background-color":"var(--ast-global-color-5)","background-image":"","background-repeat":"repeat","background-position":"center center","background-size":"auto","background-attachment":"scroll","background-type":"","background-media":"","overlay-type":"","overlay-color":"","overlay-opacity":"","overlay-gradient":""}}},"product_brand":[],"product_cat":[3827],"product_tag":[457],"class_list":{"0":"post-44953","1":"product","2":"type-product","3":"status-publish","4":"has-post-thumbnail","6":"product_cat-hanfsamen","7":"product_tag-lebensmittel","8":"desktop-align-left","9":"tablet-align-left","10":"mobile-align-left","11":"ast-product-gallery-layout-horizontal-slider","12":"ast-magnify-disabled","13":"ast-product-single-variable","14":"ast-product-tabs-layout-horizontal","16":"first","17":"instock","18":"sale","19":"taxable","20":"shipping-taxable","21":"purchasable","22":"product-type-variable","23":"has-default-attributes"},"_links":{"self":[{"href":"https:\/\/staging.hempions.com\/ch\/wp-json\/wp\/v2\/product\/44953","targetHints":{"allow":["GET"]}}],"collection":[{"href":"https:\/\/staging.hempions.com\/ch\/wp-json\/wp\/v2\/product"}],"about":[{"href":"https:\/\/staging.hempions.com\/ch\/wp-json\/wp\/v2\/types\/product"}],"replies":[{"embeddable":true,"href":"https:\/\/staging.hempions.com\/ch\/wp-json\/wp\/v2\/comments?post=44953"}],"wp:featuredmedia":[{"embeddable":true,"href":"https:\/\/staging.hempions.com\/ch\/wp-json\/wp\/v2\/media\/115430"}],"wp:attachment":[{"href":"https:\/\/staging.hempions.com\/ch\/wp-json\/wp\/v2\/media?parent=44953"}],"wp:term":[{"taxonomy":"product_brand","embeddable":true,"href":"https:\/\/staging.hempions.com\/ch\/wp-json\/wp\/v2\/product_brand?post=44953"},{"taxonomy":"product_cat","embeddable":true,"href":"https:\/\/staging.hempions.com\/ch\/wp-json\/wp\/v2\/product_cat?post=44953"},{"taxonomy":"product_tag","embeddable":true,"href":"https:\/\/staging.hempions.com\/ch\/wp-json\/wp\/v2\/product_tag?post=44953"}],"curies":[{"name":"wp","href":"https:\/\/api.w.org\/{rel}","templated":true}]}}