{"id":43279,"date":"2019-09-18T12:27:59","date_gmt":"2019-09-18T10:27:59","guid":{"rendered":"https:\/\/thehempions.com\/p\/default_gift_this_product\/"},"modified":"2025-12-22T11:24:03","modified_gmt":"2025-12-22T10:24:03","slug":"wertgutschein","status":"publish","type":"product","link":"https:\/\/staging.hempions.com\/ch\/gutscheine\/wertgutschein\/","title":{"rendered":"Hempions Wertgutschein"},"content":{"rendered":"<h2 id=\"beschreibung\"><strong>Hanf Genuss zum Verschenken<\/strong><\/h2>\n<ul>\n<li>Einl\u00f6sbar auf alle Produkte im Hempions Webshop<\/li>\n<li>Betrag ausw\u00e4hlen, ausdrucken und verschenken<\/li>\n<li>Unbegrenzte G\u00fcltigkeit<\/li>\n<\/ul>\n<h3><b>Zum Versenden oder selber Ausdrucken<\/b><\/h3>\n<p>Wir senden dir den Wertgutschein bequem per Mail zu. Von dort aus hast du die M\u00f6glichkeit, den Gutschein auszudrucken, weiterzusenden oder selbst sp\u00e4ter im Hempions Shop einzul\u00f6sen.<br \/>Optional kannst du beim Kauf auch eine separate Empf\u00e4nger E-Mail Adresse angeben, an die wir den Wertgutschein schicken werden. Dort kannst du auch einen personalisierten Text hinzuf\u00fcgen.<\/p>\n<h3><b>Hinweise<\/b><\/h3>\n<p>Ausschlie\u00dflich einzul\u00f6sen im Hempions Webshop unter <strong><a href=\"https:\/\/hempions.com\" target=\"_blank\" rel=\"noopener\">hempions.com<br \/><\/a><\/strong>Dazu einfach den Gutschein-Code in das daf\u00fcr vorgesehene Feld eingeben.<br \/>Kein Barabl\u00f6se m\u00f6glich.<\/p>\n\n\n<style>\nul.tabs.wc-tabs,.wc-gzd-additional-info.shipping-costs-info{display:none;}\n.wc-gzd-additional-info.delivery-time-info{margin-top: 10px;}\n.woocommerce div.product div.summary .woocommerce-product-details__short-description :last-child{margin-bottom: 0px;}\ndiv#tab-description.woocommerce-Tabs-panel.woocommerce-Tabs-panel--description.panel.entry-content.wc-tab{display:block !important;}\n<\/style>\n\n<script>\ndocument.addEventListener('DOMContentLoaded', function () {\n\n    let copyButtons = document.querySelectorAll('.copy-coupon-code');\n    let hintSpan = document.getElementById('hint');\n    let cpnCookie = getCookie(\"cpn\");\n\n    if(cpnCookie){\n        hintSpan.textContent = 'Gutscheincode angewendet!';\n    }\n\n    copyButtons.forEach(function (copyButton) {\n        copyButton.addEventListener('click', function () {\n            let couponCode = this.getAttribute('data-coupon-code');\n            let span = document.getElementById('hint');\n            if(!cpnCookie){\n                setCookie(\"cpn\", couponCode);\n                span.textContent = 'Gutscheincode angewendet!';\n            }\n        });\n    });\n\n});\n<\/script>","protected":false},"excerpt":{"rendered":"<p>das perfekte Geschenk<\/p>","protected":false},"featured_media":104480,"comment_status":"closed","ping_status":"closed","template":"","meta":{"CBBTypography":[],"editor_plus_copied_stylings":"{}","site-sidebar-layout":"default","site-content-layout":"default","ast-site-content-layout":"full-width-container","site-content-style":"default","site-sidebar-style":"default","ast-global-header-display":"","ast-banner-title-visibility":"","ast-main-header-display":"","ast-hfb-above-header-display":"","ast-hfb-below-header-display":"","ast-hfb-mobile-header-display":"","site-post-title":"","ast-breadcrumbs-content":"","ast-featured-img":"","footer-sml-layout":"","ast-disable-related-posts":"","theme-transparent-header-meta":"default","adv-header-id-meta":"","stick-header-meta":"","header-above-stick-meta":"","header-main-stick-meta":"","header-below-stick-meta":"","astra-migrate-meta-layouts":"set","ast-page-background-enabled":"default","ast-page-background-meta":{"desktop":{"background-color":"","background-image":"","background-repeat":"repeat","background-position":"center center","background-size":"auto","background-attachment":"scroll","background-type":"","background-media":"","overlay-type":"","overlay-color":"","overlay-opacity":"","overlay-gradient":""},"tablet":{"background-color":"","background-image":"","background-repeat":"repeat","background-position":"center center","background-size":"auto","background-attachment":"scroll","background-type":"","background-media":"","overlay-type":"","overlay-color":"","overlay-opacity":"","overlay-gradient":""},"mobile":{"background-color":"","background-image":"","background-repeat":"repeat","background-position":"center center","background-size":"auto","background-attachment":"scroll","background-type":"","background-media":"","overlay-type":"","overlay-color":"","overlay-opacity":"","overlay-gradient":""}},"ast-content-background-meta":{"desktop":{"background-color":"var(--ast-global-color-5)","background-image":"","background-repeat":"repeat","background-position":"center center","background-size":"auto","background-attachment":"scroll","background-type":"","background-media":"","overlay-type":"","overlay-color":"","overlay-opacity":"","overlay-gradient":""},"tablet":{"background-color":"var(--ast-global-color-5)","background-image":"","background-repeat":"repeat","background-position":"center center","background-size":"auto","background-attachment":"scroll","background-type":"","background-media":"","overlay-type":"","overlay-color":"","overlay-opacity":"","overlay-gradient":""},"mobile":{"background-color":"var(--ast-global-color-5)","background-image":"","background-repeat":"repeat","background-position":"center center","background-size":"auto","background-attachment":"scroll","background-type":"","background-media":"","overlay-type":"","overlay-color":"","overlay-opacity":"","overlay-gradient":""}}},"product_brand":[],"product_cat":[4440],"product_tag":[],"class_list":{"0":"post-43279","1":"product","2":"type-product","3":"status-publish","4":"has-post-thumbnail","6":"product_cat-gutscheine","7":"desktop-align-left","8":"tablet-align-left","9":"mobile-align-left","10":"ast-product-gallery-layout-horizontal-slider","11":"ast-product-gallery-with-no-image","12":"ast-magnify-disabled","13":"ast-product-single-variable","14":"ast-product-tabs-layout-horizontal","16":"first","17":"instock","18":"taxable","19":"shipping-taxable","20":"purchasable","21":"product-type-variable"},"_links":{"self":[{"href":"https:\/\/staging.hempions.com\/ch\/wp-json\/wp\/v2\/product\/43279","targetHints":{"allow":["GET"]}}],"collection":[{"href":"https:\/\/staging.hempions.com\/ch\/wp-json\/wp\/v2\/product"}],"about":[{"href":"https:\/\/staging.hempions.com\/ch\/wp-json\/wp\/v2\/types\/product"}],"replies":[{"embeddable":true,"href":"https:\/\/staging.hempions.com\/ch\/wp-json\/wp\/v2\/comments?post=43279"}],"wp:featuredmedia":[{"embeddable":true,"href":"https:\/\/staging.hempions.com\/ch\/wp-json\/wp\/v2\/media\/104480"}],"wp:attachment":[{"href":"https:\/\/staging.hempions.com\/ch\/wp-json\/wp\/v2\/media?parent=43279"}],"wp:term":[{"taxonomy":"product_brand","embeddable":true,"href":"https:\/\/staging.hempions.com\/ch\/wp-json\/wp\/v2\/product_brand?post=43279"},{"taxonomy":"product_cat","embeddable":true,"href":"https:\/\/staging.hempions.com\/ch\/wp-json\/wp\/v2\/product_cat?post=43279"},{"taxonomy":"product_tag","embeddable":true,"href":"https:\/\/staging.hempions.com\/ch\/wp-json\/wp\/v2\/product_tag?post=43279"}],"curies":[{"name":"wp","href":"https:\/\/api.w.org\/{rel}","templated":true}]}}