{"id":41843,"date":"2019-04-11T07:24:57","date_gmt":"2019-04-11T05:24:57","guid":{"rendered":"https:\/\/thehempions.com\/?post_type=product&#038;p=41843"},"modified":"2025-12-08T21:42:57","modified_gmt":"2025-12-08T20:42:57","slug":"bio-hanf-urdinkel-spiralen","status":"publish","type":"product","link":"https:\/\/staging.hempions.com\/ch\/bio-hanfnudeln\/bio-hanf-urdinkel-spiralen\/","title":{"rendered":"Bio Hanf Urdinkel Spiralen"},"content":{"rendered":"<h2 class=\"p5\"><b>Der ideale Energielieferant f\u00fcr H\u00f6chstleistungen<\/b><\/h2>\n<p class=\"p3\">Zwei der wertvollsten heimischen Superfoods machen diese Nudeln zu etwas ganz besonderem:<\/p>\n<ul class=\"ul1\">\n<li>Das Hanfprotein High Fiber in Kombination mit der Urdinkelsorte \u201cEbners Rotkorn\u201d sorgen f\u00fcr eine besonders reichhaltige Pasta<\/li>\n<li>Als Proteinquelle unterst\u00fctzen sie den Aufbau und die Erhaltung von Muskelmasse.<\/li>\n<li>Reich an Ballastoffen<\/li>\n<\/ul>\n<h3><strong>Das steckt in Bio Hanf Urdinkel Spiralen<\/strong><\/h3>\n<p>Nur ausgew\u00e4hlte Zutaten werden f\u00fcr unsere Pasta Kreation eingesetzt:<\/p>\n<ul class=\"ul1\">\n<li class=\"li3\"><strong>Bio Hanfmehl<\/strong> aus dem nieder\u00f6sterreichischen Weinviertel<\/li>\n<li class=\"li3\"><strong>Bio Urdinkel<\/strong> von ausgew\u00e4hlten Vorarlberger Bauern<\/li>\n<li><strong>Frisches Quellwasser<\/strong> aus den Alpen als Hilfsmittel in der Herstellung<\/li>\n<\/ul>\n<h3 class=\"p5\"><strong>Hempions Tipps zur Anwendung<\/strong><\/h3>\n<p class=\"p3\">Die Hempions lieben ihre Hanf Spiralen vor allem wegen des leicht nussigen Geschmacks und dem besonderen Biss. Daf\u00fcr sorgen die Schalenanteile des Hanfmehls. Hanf Urdinkel Spiralen passen sehr gut zu einer kr\u00e4ftigen Sauce und geschmackvollen Kr\u00e4utern. Viele leckere Rezepte, wie zum Beispiel die Hempions Carbonara, findest du in unserem gratis <strong><a href=\"https:\/\/staging.hempions.com\/ch\/rezeptbuch\/\">Rezept E-Book<\/a><\/strong>.<\/p>\n<h3><b>Verkehrsbezeichnung<\/b><\/h3>\n<p><span data-sheets-value=\"{&quot;1&quot;:2,&quot;2&quot;:&quot;Teigware aus Bio Dinkelmehl mit proteinreichem Hanfsamenpulver\\n&quot;}\" data-sheets-userformat=\"{&quot;2&quot;:769,&quot;3&quot;:{&quot;1&quot;:0},&quot;11&quot;:4,&quot;12&quot;:0}\">Teigware aus Bio Dinkelmehl mit proteinreichem Hanfsamenpulver<br \/><\/span><\/p>\n<h3 id=\"zutaten\"><strong>Zutaten<\/strong><\/h3>\n<p class=\"p3\"><strong>Dinkelmehl<\/strong>*, Hanfprotein* (7%)<br \/><span style=\"font-size: 14px;\">*aus kontrolliert biologischer Landwirtschaft<\/span><\/p>\n\n\n<div class=\"wp-block-pb-accordion-item c-accordion__item js-accordion-item no-js\"><h5 id=\"at-418430\" class=\"c-accordion__title js-accordion-controller\" role=\"button\"><strong>N\u00e4hrwerte<\/strong><\/h5><div id=\"ac-418430\" class=\"c-accordion__content\">\n<p class=\"eplus-wrapper eplus-styles-uid-6d634f\"><strong>Durchschnittlicher N\u00e4hrwertgehalt (pro 100 g):<\/strong><\/p>\n\n<figure class=\"wp-block-table eplus-wrapper\" style=\"font-size:14px\"><table><tbody><tr><td>Energie<\/td><td>1435 kJ \/ 330 kcal<\/td><\/tr><tr><td>Fett<\/td><td>1,4 g<\/td><\/tr><tr><td>davon ges\u00e4ttigte Fetts\u00e4uren<\/td><td>1,0 g<\/td><\/tr><tr><td>Kohlenhydrate:<\/td><td>62,5 g<\/td><\/tr><tr><td>davon Zucker:<\/td><td>0,9 g<\/td><\/tr><tr><td>Ballaststoffe<\/td><td>7,5 g<\/td><\/tr><tr><td>Eiwei\u00df:<\/td><td>15,3 g<\/td><\/tr><tr><td>Salz<\/td><td>&lt; 0,01 g<\/td><\/tr><\/tbody><\/table><\/figure>\n\n<\/div><\/div>\n\n\n<p>Bio Hanf Urdinkel Spiralen sind <strong>vegan <\/strong>und weisen <strong>keine berauschende Wirkung<\/strong> auf. <span style=\"font-weight: 400;\">Enthalten Gluten (Dinkel).<\/span><\/p>\n<h3><strong>Inhalt<\/strong><\/h3>\n<p>Nettof\u00fcllmenge:&nbsp;<b>350 g <\/b>oder&nbsp;<strong>4 kg<br \/><\/strong>F\u00fcllh\u00f6he sowie N\u00e4hrstoffwerte unterliegen den bei Naturprodukten \u00fcblichen Schwankungen.<\/p>\n<h3><strong>Lagerung<\/strong><\/h3>\n<p>Gut verschlossen, trocken und vor W\u00e4rme gesch\u00fctzt lagern.<\/p>\n<h3 class=\"p5\"><b>Hinweis<\/b><\/h3>\n<p class=\"p3\">THC-Gehalt: &lt;0,01 %<br \/>CBD-Gehalt: &lt;0,01 %<br \/>Erntebedingt k\u00f6nnen Spuren von Cannabinoiden enthalten sein.<\/p>\n<p>Eine abwechslungsreiche, ausgewogene Ern\u00e4hrung, Bewegung und ein gesunder Lebensstil sind wichtig f\u00fcr die Gesundheit. Verwende 80 g Bio Hanf Urdinkel Spiralen t\u00e4glich.<\/p>","protected":false},"excerpt":{"rendered":"<p>Pasta f\u00fcr langanhaltende Power<\/p>","protected":false},"featured_media":115416,"comment_status":"open","ping_status":"closed","template":"","meta":{"CBBTypography":[],"editor_plus_copied_stylings":"{}","site-sidebar-layout":"no-sidebar","site-content-layout":"default","ast-site-content-layout":"default","site-content-style":"default","site-sidebar-style":"default","ast-global-header-display":"","ast-banner-title-visibility":"","ast-main-header-display":"","ast-hfb-above-header-display":"","ast-hfb-below-header-display":"","ast-hfb-mobile-header-display":"","site-post-title":"","ast-breadcrumbs-content":"","ast-featured-img":"","footer-sml-layout":"","ast-disable-related-posts":"","theme-transparent-header-meta":"default","adv-header-id-meta":"","stick-header-meta":"default","header-above-stick-meta":"","header-main-stick-meta":"","header-below-stick-meta":"","astra-migrate-meta-layouts":"set","ast-page-background-enabled":"default","ast-page-background-meta":{"desktop":{"background-color":"","background-image":"","background-repeat":"repeat","background-position":"center center","background-size":"auto","background-attachment":"scroll","background-type":"","background-media":"","overlay-type":"","overlay-color":"","overlay-opacity":"","overlay-gradient":""},"tablet":{"background-color":"","background-image":"","background-repeat":"repeat","background-position":"center center","background-size":"auto","background-attachment":"scroll","background-type":"","background-media":"","overlay-type":"","overlay-color":"","overlay-opacity":"","overlay-gradient":""},"mobile":{"background-color":"","background-image":"","background-repeat":"repeat","background-position":"center center","background-size":"auto","background-attachment":"scroll","background-type":"","background-media":"","overlay-type":"","overlay-color":"","overlay-opacity":"","overlay-gradient":""}},"ast-content-background-meta":{"desktop":{"background-color":"var(--ast-global-color-5)","background-image":"","background-repeat":"repeat","background-position":"center center","background-size":"auto","background-attachment":"scroll","background-type":"","background-media":"","overlay-type":"","overlay-color":"","overlay-opacity":"","overlay-gradient":""},"tablet":{"background-color":"var(--ast-global-color-5)","background-image":"","background-repeat":"repeat","background-position":"center center","background-size":"auto","background-attachment":"scroll","background-type":"","background-media":"","overlay-type":"","overlay-color":"","overlay-opacity":"","overlay-gradient":""},"mobile":{"background-color":"var(--ast-global-color-5)","background-image":"","background-repeat":"repeat","background-position":"center center","background-size":"auto","background-attachment":"scroll","background-type":"","background-media":"","overlay-type":"","overlay-color":"","overlay-opacity":"","overlay-gradient":""}}},"product_brand":[],"product_cat":[3830],"product_tag":[457],"class_list":{"0":"post-41843","1":"product","2":"type-product","3":"status-publish","4":"has-post-thumbnail","6":"product_cat-bio-hanfnudeln","7":"product_tag-lebensmittel","8":"desktop-align-left","9":"tablet-align-left","10":"mobile-align-left","11":"ast-product-gallery-layout-horizontal-slider","12":"ast-magnify-disabled","13":"ast-product-single-variable","14":"ast-product-tabs-layout-horizontal","16":"first","17":"instock","18":"sale","19":"taxable","20":"shipping-taxable","21":"purchasable","22":"product-type-variable","23":"has-default-attributes"},"_links":{"self":[{"href":"https:\/\/staging.hempions.com\/ch\/wp-json\/wp\/v2\/product\/41843","targetHints":{"allow":["GET"]}}],"collection":[{"href":"https:\/\/staging.hempions.com\/ch\/wp-json\/wp\/v2\/product"}],"about":[{"href":"https:\/\/staging.hempions.com\/ch\/wp-json\/wp\/v2\/types\/product"}],"replies":[{"embeddable":true,"href":"https:\/\/staging.hempions.com\/ch\/wp-json\/wp\/v2\/comments?post=41843"}],"wp:featuredmedia":[{"embeddable":true,"href":"https:\/\/staging.hempions.com\/ch\/wp-json\/wp\/v2\/media\/115416"}],"wp:attachment":[{"href":"https:\/\/staging.hempions.com\/ch\/wp-json\/wp\/v2\/media?parent=41843"}],"wp:term":[{"taxonomy":"product_brand","embeddable":true,"href":"https:\/\/staging.hempions.com\/ch\/wp-json\/wp\/v2\/product_brand?post=41843"},{"taxonomy":"product_cat","embeddable":true,"href":"https:\/\/staging.hempions.com\/ch\/wp-json\/wp\/v2\/product_cat?post=41843"},{"taxonomy":"product_tag","embeddable":true,"href":"https:\/\/staging.hempions.com\/ch\/wp-json\/wp\/v2\/product_tag?post=41843"}],"curies":[{"name":"wp","href":"https:\/\/api.w.org\/{rel}","templated":true}]}}