{"id":41459,"date":"2019-02-26T23:43:08","date_gmt":"2019-02-26T22:43:08","guid":{"rendered":"https:\/\/thehempions.com\/?post_type=product&#038;p=41459"},"modified":"2025-12-06T09:09:50","modified_gmt":"2025-12-06T08:09:50","slug":"bio-hanf-crunchies-salted","status":"publish","type":"product","link":"https:\/\/staging.hempions.com\/ch\/hanfcrunchies\/bio-hanf-crunchies-salted\/","title":{"rendered":"Bio Hanf Crunchies Salted"},"content":{"rendered":"<h2><strong>Der vitale Power-Snack<\/strong><\/h2>\n<p>Die geballte Ladung an Vitalstoffen gepaart mit Himalaya Steinsalz.<\/p>\n<h3><strong>Bestens versorgt f\u00fcr einen vitalen Tag<\/strong><\/h3>\n<p>Unsere knackigen Hanf Crunchies Salted kombinieren guten Geschmack mit den wertvollen N\u00e4hrstoffe des <span style=\"font-weight: 400;\"><strong><a href=\"https:\/\/staging.hempions.com\/ch\/knowledge\/naehrstoffwunder-hanfsamen\/\">Superfoods Hanfsamen<\/a>:<\/strong><\/span><\/p>\n<ul>\n<li>Reich an essentiellen Omega-3 Fetts\u00e4uren.<\/li>\n<li>Ein hoher Gehalt an Eisen und Magnesium tr\u00e4gt zur Verringerung von M\u00fcdigkeit und Erm\u00fcdung bei.<\/li>\n<li>Reich an Zink, welches zum Schutz der Zellen vor oxidativem Stress beitr\u00e4gt.<\/li>\n<li>Ein hoher Gehalt an Eiwei\u00df unterst\u00fctzt den Aufbau und die Erhaltung von Muskelmasse.<\/li>\n<li>Zudem weisen die Hanf Crunchies Salted einen hohen Ballaststoffgehalt auf.<\/li>\n<\/ul>\n<h3><strong>Das steckt in Hanf Crunchies Salted<\/strong><\/h3>\n<p>Unsere Hanf Crunchies Salted bestehen aus ger\u00f6steten, ungesch\u00e4lten Hanfsamen, welche mit hochwertigem Steinsalz verfeinert werden. Die Hanfsamen stammen aus kontrolliert biologischer Landwirtschaft aus \u00d6sterreich.<\/p>\n<h3><strong>Hempions Tipps zur Anwendung<\/strong><\/h3>\n<p>Hanf Crunchies Salted sind perfekt als Snack f\u00fcr Zwischendurch. Doch auch als Topping f\u00fcr Suppen, Salate oder Reisgerichte sind die Crunchies ein Hit. Sie eignen sich sogar als ausgefallene Zutat auf Eis oder Joghurt und harmonieren wunderbar mit Schokolade. Weitere Ideen findest du in unserem gratis <strong><a href=\"https:\/\/staging.hempions.com\/ch\/rezeptbuch\/\">Rezept E-Book<\/a><\/strong>.<\/p>\n<h3><strong>Mit einer Portion bestens versorgt <\/strong><\/h3>\n<p>Bereits eine Portion von 50 g Hanf Crunchies Salted am Tag deckt den Bedarf an Omega-3 und Omega-6 Fetts\u00e4uren (<strong><a href=\"https:\/\/www.dge.de\/wissenschaft\/referenzwerte\/fett\/\" target=\"_blank\" rel=\"noopener noreferrer\">laut den Richtwerten der DGE<\/a><\/strong>) sowie einen wesentlichen Teil des Bedarfs an Magnesium, Eisen und Zink. Im praktischen wiederverschlie\u00dfbaren Beutel sind sie der ideale Energielieferant f\u00fcr unterwegs.<\/p>\n<h3><b>Verkehrsbezeichnung<\/b><\/h3>\n<p><span data-sheets-value=\"{&quot;1&quot;:2,&quot;2&quot;:&quot;Ger\u00f6stete Bio Hanfsamen gesalzen&quot;}\" data-sheets-userformat=\"{&quot;2&quot;:769,&quot;3&quot;:{&quot;1&quot;:0},&quot;11&quot;:4,&quot;12&quot;:0}\">Ger\u00f6stete Bio Hanfsamen gesalzen<\/span><\/p>\n<h3 id=\"zutaten\"><strong>Zutaten<\/strong><\/h3>\n<p>Bio Hanfsamen ungesch\u00e4lt* ger\u00f6stet 99%, Salz 1%<br \/><span style=\"font-size: 14px;\">*aus kontrolliert biologischer Landwirtschaft<\/span><\/p>\n\n\n<div class=\"wp-block-pb-accordion-item c-accordion__item js-accordion-item no-js\"><h5 id=\"at-414590\" class=\"c-accordion__title js-accordion-controller\" role=\"button\"><strong>N\u00e4hrwerte<\/strong><\/h5><div id=\"ac-414590\" class=\"c-accordion__content\">\n<p class=\"eplus-wrapper eplus-styles-uid-6d634f\"><strong>Durchschnittliche N\u00e4hrwerte (pro 100 g):<\/strong><\/p>\n\n<figure class=\"wp-block-table eplus-wrapper\" style=\"font-size:14px\"><table><tbody><tr><td>Energie<\/td><td>1684 kJ \/ 403 kcal<\/td><\/tr><tr><td>Fett<\/td><td>31 g<\/td><\/tr><tr><td>&#8211; davon ges\u00e4ttigte Fetts\u00e4uren<\/td><td>5,3 g<\/td><\/tr><tr><td>&#8211; davon einfach unges\u00e4ttigte Fetts\u00e4uren<\/td><td>3,3 g<\/td><\/tr><tr><td>&#8211; davon mehrfach unges\u00e4ttigte Fetts\u00e4uren<\/td><td>22 g<\/td><\/tr><tr><td>Kohlenhydrate<\/td><td>1,0 g<\/td><\/tr><tr><td>&#8211; davon Zucker<\/td><td>1,0 g<\/td><\/tr><tr><td>Ballaststoffe<\/td><td>24 g<\/td><\/tr><tr><td>Eiwei\u00df<\/td><td>30 g<\/td><\/tr><tr><td>Salz<\/td><td>1,0 g<\/td><\/tr><\/tbody><\/table><\/figure>\n\n\n<figure class=\"wp-block-table eplus-wrapper\" style=\"font-size:14px\"><table><tbody><tr><td>Omega-3 Fetts\u00e4uren<\/td><td>4,5 g \/ 100 g<\/td><\/tr><tr><td>Omega-6 Fetts\u00e4uren<\/td><td>15,9 g \/ 100 g<\/td><\/tr><tr><td>Eisen<\/td><td>11 mg \/ 100 g (79% NRV*)<\/td><\/tr><tr><td>Magnesium<\/td><td>366 mg \/ 100 g (98% NRV*)<\/td><\/tr><tr><td>Zink<\/td><td>8,7 mg \/ 100 g (87% NRV*)<\/td><\/tr><\/tbody><\/table><\/figure>\n\n<p class=\"eplus-wrapper eplus-styles-uid-bce8e2\">*empfohlene t\u00e4gliche Zufuhrmenge (NRV)<\/p>\n<\/div><\/div>\n\n\n<p>Bio Hanf Crunchies Salted sind <strong>vegan<\/strong> und weisen <strong>keine berauschende Wirkung<\/strong> auf. Erntebedingt k\u00f6nnen Spuren von Gluten enthalten sein.<\/p>\n<h3><strong>Inhalt<\/strong><\/h3>\n<p>Nettof\u00fcllmenge:<br \/><strong>&#8211; 200 g<br \/><\/strong>F\u00fcllh\u00f6he sowie N\u00e4hrstoffwerte unterliegen den bei Naturprodukten \u00fcblichen Schwankungen.<\/p>\n<h3><strong>Lagerung<\/strong><\/h3>\n<p>Gut verschlossen, trocken und vor W\u00e4rme gesch\u00fctzt lagern.<\/p>\n<h3 class=\"p5\"><b>Hinweis<\/b><\/h3>\n<p class=\"p3\">THC-Gehalt: &lt;0,01 %<br \/>CBD-Gehalt: &lt;0,01 %<br \/>Erntebedingt k\u00f6nnen Spuren von Cannabinoiden enthalten sein.<\/p>\n<p class=\"p3\">Eine abwechslungsreiche, ausgewogene Ern\u00e4hrung, Bewegung und ein gesunder Lebensstil sind wichtig f\u00fcr die Gesundheit. Verwende 50 g Bio Hanf Crunchies Salted t\u00e4glich.<\/p>","protected":false},"excerpt":{"rendered":"<p>Fein gesalzener Knusperspa\u00df<\/p>","protected":false},"featured_media":115471,"comment_status":"open","ping_status":"closed","template":"","meta":{"CBBTypography":[],"editor_plus_copied_stylings":"{}","site-sidebar-layout":"no-sidebar","site-content-layout":"default","ast-site-content-layout":"default","site-content-style":"default","site-sidebar-style":"default","ast-global-header-display":"","ast-banner-title-visibility":"","ast-main-header-display":"","ast-hfb-above-header-display":"","ast-hfb-below-header-display":"","ast-hfb-mobile-header-display":"","site-post-title":"","ast-breadcrumbs-content":"","ast-featured-img":"","footer-sml-layout":"","ast-disable-related-posts":"","theme-transparent-header-meta":"default","adv-header-id-meta":"","stick-header-meta":"default","header-above-stick-meta":"","header-main-stick-meta":"","header-below-stick-meta":"","astra-migrate-meta-layouts":"set","ast-page-background-enabled":"default","ast-page-background-meta":{"desktop":{"background-color":"","background-image":"","background-repeat":"repeat","background-position":"center center","background-size":"auto","background-attachment":"scroll","background-type":"","background-media":"","overlay-type":"","overlay-color":"","overlay-opacity":"","overlay-gradient":""},"tablet":{"background-color":"","background-image":"","background-repeat":"repeat","background-position":"center center","background-size":"auto","background-attachment":"scroll","background-type":"","background-media":"","overlay-type":"","overlay-color":"","overlay-opacity":"","overlay-gradient":""},"mobile":{"background-color":"","background-image":"","background-repeat":"repeat","background-position":"center center","background-size":"auto","background-attachment":"scroll","background-type":"","background-media":"","overlay-type":"","overlay-color":"","overlay-opacity":"","overlay-gradient":""}},"ast-content-background-meta":{"desktop":{"background-color":"var(--ast-global-color-5)","background-image":"","background-repeat":"repeat","background-position":"center center","background-size":"auto","background-attachment":"scroll","background-type":"","background-media":"","overlay-type":"","overlay-color":"","overlay-opacity":"","overlay-gradient":""},"tablet":{"background-color":"var(--ast-global-color-5)","background-image":"","background-repeat":"repeat","background-position":"center center","background-size":"auto","background-attachment":"scroll","background-type":"","background-media":"","overlay-type":"","overlay-color":"","overlay-opacity":"","overlay-gradient":""},"mobile":{"background-color":"var(--ast-global-color-5)","background-image":"","background-repeat":"repeat","background-position":"center center","background-size":"auto","background-attachment":"scroll","background-type":"","background-media":"","overlay-type":"","overlay-color":"","overlay-opacity":"","overlay-gradient":""}}},"product_brand":[],"product_cat":[3831],"product_tag":[457],"class_list":{"0":"post-41459","1":"product","2":"type-product","3":"status-publish","4":"has-post-thumbnail","6":"product_cat-hanfcrunchies","7":"product_tag-lebensmittel","8":"desktop-align-left","9":"tablet-align-left","10":"mobile-align-left","11":"ast-product-gallery-layout-horizontal-slider","12":"ast-magnify-disabled","13":"ast-product-single-variable","14":"ast-product-tabs-layout-horizontal","16":"first","17":"instock","18":"sale","19":"taxable","20":"shipping-taxable","21":"purchasable","22":"product-type-variable","23":"has-default-attributes"},"_links":{"self":[{"href":"https:\/\/staging.hempions.com\/ch\/wp-json\/wp\/v2\/product\/41459","targetHints":{"allow":["GET"]}}],"collection":[{"href":"https:\/\/staging.hempions.com\/ch\/wp-json\/wp\/v2\/product"}],"about":[{"href":"https:\/\/staging.hempions.com\/ch\/wp-json\/wp\/v2\/types\/product"}],"replies":[{"embeddable":true,"href":"https:\/\/staging.hempions.com\/ch\/wp-json\/wp\/v2\/comments?post=41459"}],"wp:featuredmedia":[{"embeddable":true,"href":"https:\/\/staging.hempions.com\/ch\/wp-json\/wp\/v2\/media\/115471"}],"wp:attachment":[{"href":"https:\/\/staging.hempions.com\/ch\/wp-json\/wp\/v2\/media?parent=41459"}],"wp:term":[{"taxonomy":"product_brand","embeddable":true,"href":"https:\/\/staging.hempions.com\/ch\/wp-json\/wp\/v2\/product_brand?post=41459"},{"taxonomy":"product_cat","embeddable":true,"href":"https:\/\/staging.hempions.com\/ch\/wp-json\/wp\/v2\/product_cat?post=41459"},{"taxonomy":"product_tag","embeddable":true,"href":"https:\/\/staging.hempions.com\/ch\/wp-json\/wp\/v2\/product_tag?post=41459"}],"curies":[{"name":"wp","href":"https:\/\/api.w.org\/{rel}","templated":true}]}}