{"id":40047,"date":"2018-10-07T17:23:01","date_gmt":"2018-10-07T15:23:01","guid":{"rendered":"https:\/\/thehempions.com\/?post_type=product&#038;p=40047"},"modified":"2026-02-13T15:33:24","modified_gmt":"2026-02-13T14:33:24","slug":"bio-hanfoel-roasted","status":"publish","type":"product","link":"https:\/\/staging.hempions.com\/ch\/hanfoel\/bio-hanfoel-roasted\/","title":{"rendered":"Bio Hanf\u00f6l Roasted"},"content":{"rendered":"<h2><b>Das Geschmacks-Highlight<\/b><\/h2>\n<p><span style=\"font-weight: 400;\">Unser Bio Hanf\u00f6l Roasted geh\u00f6rt mit Sicherheit zu den gr\u00f6\u00dften kulinarischen Highlights, die Hanf zu bieten hat. Das \u00d6l begeistert Feinschmecker mit seinem intensiv nussigen Geschmack und punktet zudem mit<\/span><span style=\"font-weight: 400;\">\u00a0wertvollen Fetten und Vitalstoffen.<\/span><\/p>\n<ul>\n<li>Reich an essentiellen Omega-3 Fetts\u00e4uren.<\/li>\n<li>Aus gesch\u00e4lten Bio Hanfsamen<\/li>\n<li>Mit einem hohen Gehalt an unges\u00e4ttigten Fetts\u00e4uren<\/li>\n<\/ul>\n<h3><strong>Das steckt in Hanf\u00f6l Roasted<\/strong><\/h3>\n<p>Hanf\u00f6l aus gescha\u0308lten Bio Hanfsamen mit intensiv-nussiger Note. Durch die schonende R\u00f6stung des Hanfsamen entsteht die intensiv nussige Note des \u00d6les.<\/p>\n<h3><strong>Hempions Tipps zur Anwendung<\/strong><\/h3>\n<p><span style=\"font-weight: 400;\">Die<\/span><span style=\"font-weight: 400;\"> Hempions lieben das k\u00f6stliche Hanf\u00f6l Roasted zum Verfeinern jeglicher Speisen. Dazu geh\u00f6ren Suppen, Salate, M\u00fcsli, Smoothies, Gem\u00fcsegerichte, aber auch auf&#8217;s Brot und zu K\u00e4se schmeckt das nussige \u00d6l k\u00f6stlich. Zusammen mit <strong><a href=\"\/ch\/p\/bio-hanfsamen-premium\/\">Hanfsamen Roasted<\/a><\/strong>\u00a0schmeckt das \u00d6l zudem hervorragend als Topping f\u00fcr deine Lieblings-Eiscreme. <span style=\"font-size: 16px;\">Weitere Ideen findest du in unserem gratis <\/span><strong style=\"font-size: 16px;\"><a href=\"https:\/\/staging.hempions.com\/ch\/rezeptbuch\/\">Rezept E-Book<\/a><\/strong><span style=\"font-size: 16px;\">.<\/span> <\/span><span style=\"font-weight: 400;\">Durch die vielen wertvollen Inhaltsstoffe ist das \u00d6l gegen\u00fcber Hitze empfindlich. Daher sollte es nicht erhitzt und erst zum Verfeinern der Gerichte verwendet werden.<\/span><\/p>\n<h3><strong>Mit einer Portion bestens versorgt <\/strong><\/h3>\n<p>Bereits eine Portion von 10 ml Hanf\u00f6l Roasted am Tag deckt den Bedarf an Omega-3 Fetts\u00e4uren (<strong><a href=\"https:\/\/www.dge.de\/wissenschaft\/referenzwerte\/fett\/\" target=\"_blank\" rel=\"noopener noreferrer\">laut den Richtwerten der DGE<\/a><\/strong>). Zudem tragen die mehrfach unges\u00e4ttigten Fetts\u00e4uren im Hanf\u00f6l als Ersatz f\u00fcr ges\u00e4ttigte Fetts\u00e4uren in der Ern\u00e4hrung zur Aufrechterhaltung eines normalen Cholesterinspiegels im Blut bei.<\/p>\n<h3><b>Verkehrsbezeichnung<\/b><\/h3>\n<p><span data-sheets-value=\"{&quot;1&quot;:2,&quot;2&quot;:&quot;Hanf\u00f6l aus gesch\u00e4lten Bio Hanfsamen&quot;}\" data-sheets-userformat=\"{&quot;2&quot;:769,&quot;3&quot;:{&quot;1&quot;:0},&quot;11&quot;:4,&quot;12&quot;:0}\">Hanf\u00f6l aus gesch\u00e4lten Bio Hanfsamen<\/span><\/p>\n<h3 id=\"zutaten\"><strong>Zutaten<\/strong><\/h3>\n<p>100% Hanf\u00f6l aus gesch\u00e4lten Hanfsamen*<br \/><span style=\"font-size: 14px;\">* aus kontrolliert biologischer Landwirtschaft<\/span><\/p>\n\n\n<div class=\"wp-block-pb-accordion-item c-accordion__item js-accordion-item no-js\" data-initially-open=\"false\" data-click-to-close=\"true\" data-auto-close=\"true\" data-scroll=\"false\" data-scroll-offset=\"0\"><h5 id=\"at-400470\" class=\"c-accordion__title js-accordion-controller\" role=\"button\"><strong>N\u00e4hrwerte<\/strong><\/h5><div id=\"ac-400470\" class=\"c-accordion__content\"><p class=\"eplus-wrapper eplus-styles-uid-5b7bee\"><strong>Durchschnittlicher N\u00e4hrwertgehalt pro 100 ml:<\/strong><\/p>\n\n\n<figure style=\"font-size:14px\" class=\"wp-block-table eplus-wrapper\"><table><tbody><tr><td>Energie<\/td><td>3392 kJ\/826 kcal<\/td><\/tr><tr><td>Fett<\/td><td>92 g<\/td><\/tr><tr><td>davon ges\u00e4ttigte Fetts\u00e4uren<\/td><td>10 g<\/td><\/tr><tr><td>davon einfach unges\u00e4ttigte Fetts\u00e4uren<\/td><td>15 g<\/td><\/tr><tr><td>davon mehrfach unges\u00e4ttigte Fetts\u00e4uren<\/td><td>67 g<\/td><\/tr><tr><td>Kohlenhydrate<\/td><td>0 g<\/td><\/tr><tr><td>davon Zucker<\/td><td>0 g<\/td><\/tr><tr><td>Eiwei\u00df<\/td><td>0 g<\/td><\/tr><tr><td>Salz<\/td><td>0 g<\/td><\/tr><tr><td>Vitamin E<\/td><td>70 mg (584% NRV)<\/td><\/tr><\/tbody><\/table><\/figure>\n\n\n\n<figure style=\"font-size:14px\" class=\"wp-block-table eplus-wrapper\"><table><tbody><tr><td>Omega-3 Fetts\u00e4uren<\/td><td>15 g \/ 100 ml<\/td><\/tr><\/tbody><\/table><\/figure>\n<\/div><\/div>\n\n\n<p><span style=\"font-weight: 400;\"><br \/>Unser Bio Hanf\u00f6l Roasted ist<\/span><b> vegan <\/b>und <span style=\"font-weight: 400;\">weist <\/span><b>keine berauschende Wirkung<\/b><span style=\"font-weight: 400;\"> auf.\u00a0<\/span><\/p>\n<h3><b>Inhalt<\/b><\/h3>\n<p>Nettof\u00fcllmenge: 100 ml oder 250 ml<br \/>F\u00fcllh\u00f6he sowie N\u00e4hrstoffwerte unterliegen den bei Naturprodukten \u00fcblichen Schwankungen.<\/p>\n<h3><b>Lagerung<\/b><\/h3>\n<p><span style=\"font-weight: 400;\">Gut verschlossen, trocken und vor W\u00e4rme gesch\u00fctzt lagern.<\/span><\/p>\n<h3 class=\"p5\"><b>Hinweis<\/b><\/h3>\n<p class=\"p3\">THC-Gehalt: &lt;0,01 %<br \/>CBD-Gehalt: &lt;0,01 %<br \/>Erntebedingt k\u00f6nnen Spuren von Cannabinoiden enthalten sein.<\/p>\n<p class=\"p3\">Eine abwechslungsreiche, ausgewogene Ern\u00e4hrung, Bewegung und ein gesunder Lebensstil sind wichtig f\u00fcr die Gesundheit. Verwende 10 ml (2 Teel\u00f6ffel) Bio Hanf\u00f6l Roasted t\u00e4glich.<\/p>","protected":false},"excerpt":{"rendered":"<p>intensiv nussiges Aroma<\/p>","protected":false},"featured_media":115447,"comment_status":"open","ping_status":"closed","template":"","meta":{"CBBTypography":[],"editor_plus_copied_stylings":"{}","site-sidebar-layout":"no-sidebar","site-content-layout":"default","ast-site-content-layout":"default","site-content-style":"default","site-sidebar-style":"default","ast-global-header-display":"","ast-banner-title-visibility":"","ast-main-header-display":"","ast-hfb-above-header-display":"","ast-hfb-below-header-display":"","ast-hfb-mobile-header-display":"","site-post-title":"","ast-breadcrumbs-content":"","ast-featured-img":"","footer-sml-layout":"","ast-disable-related-posts":"","theme-transparent-header-meta":"default","adv-header-id-meta":"","stick-header-meta":"default","header-above-stick-meta":"","header-main-stick-meta":"","header-below-stick-meta":"","astra-migrate-meta-layouts":"set","ast-page-background-enabled":"default","ast-page-background-meta":{"desktop":{"background-color":"","background-image":"","background-repeat":"repeat","background-position":"center center","background-size":"auto","background-attachment":"scroll","background-type":"","background-media":"","overlay-type":"","overlay-color":"","overlay-opacity":"","overlay-gradient":""},"tablet":{"background-color":"","background-image":"","background-repeat":"repeat","background-position":"center center","background-size":"auto","background-attachment":"scroll","background-type":"","background-media":"","overlay-type":"","overlay-color":"","overlay-opacity":"","overlay-gradient":""},"mobile":{"background-color":"","background-image":"","background-repeat":"repeat","background-position":"center center","background-size":"auto","background-attachment":"scroll","background-type":"","background-media":"","overlay-type":"","overlay-color":"","overlay-opacity":"","overlay-gradient":""}},"ast-content-background-meta":{"desktop":{"background-color":"var(--ast-global-color-5)","background-image":"","background-repeat":"repeat","background-position":"center center","background-size":"auto","background-attachment":"scroll","background-type":"","background-media":"","overlay-type":"","overlay-color":"","overlay-opacity":"","overlay-gradient":""},"tablet":{"background-color":"var(--ast-global-color-5)","background-image":"","background-repeat":"repeat","background-position":"center center","background-size":"auto","background-attachment":"scroll","background-type":"","background-media":"","overlay-type":"","overlay-color":"","overlay-opacity":"","overlay-gradient":""},"mobile":{"background-color":"var(--ast-global-color-5)","background-image":"","background-repeat":"repeat","background-position":"center center","background-size":"auto","background-attachment":"scroll","background-type":"","background-media":"","overlay-type":"","overlay-color":"","overlay-opacity":"","overlay-gradient":""}}},"product_brand":[],"product_cat":[3828],"product_tag":[457],"class_list":{"0":"post-40047","1":"product","2":"type-product","3":"status-publish","4":"has-post-thumbnail","6":"product_cat-hanfoel","7":"product_tag-lebensmittel","8":"desktop-align-left","9":"tablet-align-left","10":"mobile-align-left","11":"ast-product-gallery-layout-horizontal-slider","12":"ast-magnify-disabled","13":"ast-product-single-variable","14":"ast-product-tabs-layout-horizontal","16":"first","17":"instock","18":"sale","19":"taxable","20":"shipping-taxable","21":"purchasable","22":"product-type-variable","23":"has-default-attributes"},"_links":{"self":[{"href":"https:\/\/staging.hempions.com\/ch\/wp-json\/wp\/v2\/product\/40047","targetHints":{"allow":["GET"]}}],"collection":[{"href":"https:\/\/staging.hempions.com\/ch\/wp-json\/wp\/v2\/product"}],"about":[{"href":"https:\/\/staging.hempions.com\/ch\/wp-json\/wp\/v2\/types\/product"}],"replies":[{"embeddable":true,"href":"https:\/\/staging.hempions.com\/ch\/wp-json\/wp\/v2\/comments?post=40047"}],"wp:featuredmedia":[{"embeddable":true,"href":"https:\/\/staging.hempions.com\/ch\/wp-json\/wp\/v2\/media\/115447"}],"wp:attachment":[{"href":"https:\/\/staging.hempions.com\/ch\/wp-json\/wp\/v2\/media?parent=40047"}],"wp:term":[{"taxonomy":"product_brand","embeddable":true,"href":"https:\/\/staging.hempions.com\/ch\/wp-json\/wp\/v2\/product_brand?post=40047"},{"taxonomy":"product_cat","embeddable":true,"href":"https:\/\/staging.hempions.com\/ch\/wp-json\/wp\/v2\/product_cat?post=40047"},{"taxonomy":"product_tag","embeddable":true,"href":"https:\/\/staging.hempions.com\/ch\/wp-json\/wp\/v2\/product_tag?post=40047"}],"curies":[{"name":"wp","href":"https:\/\/api.w.org\/{rel}","templated":true}]}}