{"id":39472,"date":"2018-09-17T19:21:51","date_gmt":"2018-09-17T17:21:51","guid":{"rendered":"https:\/\/thehempions.com\/?post_type=product&#038;p=39472"},"modified":"2025-12-09T13:34:59","modified_gmt":"2025-12-09T12:34:59","slug":"bio-hanfprotein-roasted","status":"publish","type":"product","link":"https:\/\/staging.hempions.com\/ch\/hanfprotein\/bio-hanfprotein-roasted\/","title":{"rendered":"Bio Hanfprotein Roasted"},"content":{"rendered":"<h2><strong>Das Protein fu\u0308r wahre Champions<\/strong><\/h2>\n<p>Hanf Protein Roasted geho\u0308rt zur absoluten Ko\u0308nigsklasse. Das Zusammenspiel aus Inhaltsstoffen, Geschmack und Qualita\u0308t lassen auch bei den griechischen Go\u0308ttern des Olymps keine Wu\u0308nsche offen.<\/p>\n<ul>\n<li>Der hohe Gehalt an pflanzlichem Eiwei\u00df unterst\u00fctzt den Aufbau und die Erhaltung von Muskelmasse.<\/li>\n<li>Ein hoher Gehalt an Eisen tr\u00e4gt zur Verringerung von M\u00fcdigkeit und Erm\u00fcdung bei.<\/li>\n<li>Zudem weist das Hanf Protein Roasted einen hohen Ballaststoffgehalt auf.<\/li>\n<\/ul>\n<h3><strong>Das steckt in Hanf Protein Roasted<\/strong><\/h3>\n<p>Feines Hanf Proteinpulver aus schonend ento\u0308lten, gescha\u0308lten Bio Hanfsamen. Die nussige Note entsteht durch die schonende Ro\u0308stung der Hanfsamen. Aufgrund der Entfernung der Schale entsteht ein besonders hoher Eiwei\u00dfgehalt.<\/p>\n<h3><strong>Hempions Tipps zur Anwendung<\/strong><\/h3>\n<p>Bio Hanf Protein Roasted eignet sich ideal fu\u0308r Shakes, ins Mu\u0308sli und fu\u0308r Smoothies. Als teilweiser Mehlersatz beim Backen sorgt das Pulver fu\u0308r eine nussige Note und die Extraportion an wertvollem Eiwei\u00df und Eisen. Als Mehlersatz k\u00f6nnen bis zu <b>25% der Mehlmenge<\/b> im Rezept mit Hanf Protein Roasted ersetzt werden, um die Backf\u00e4higkeit nicht zu beeintr\u00e4chtigen. Viele Backideen findest du auf <strong><a href=\"\/ch\/cat\/kitchen\/\">unserer Rezeptseite<\/a><\/strong> oder in unserem gratis <a href=\"https:\/\/staging.hempions.com\/ch\/rezeptbuch\/\"><strong>Rezept E-Book<\/strong><\/a>.<\/p>\n<h3><strong>Mit einer Portion bestens versorgt <\/strong><\/h3>\n<p>Bereits eine Portion von 25 g Hanf Protein Roasted enth\u00e4lt 14 g pflanzliches Eiwei\u00df und deckt einen wesentlichen Teil des Tagesbedarfs an Eisen. In der praktischen wiederverschlie\u00dfbaren Dose oder im Zip-Beutel ist das Hanf Protein gut vor Licht gesch\u00fctzt und kann angenehm gelagert werden.<\/p>\n<h3><b>Verkehrsbezeichnung<\/b><\/h3>\n<p><span data-sheets-value=\"{&quot;1&quot;:2,&quot;2&quot;:&quot;Proteinreiches Pulver aus gesch\u00e4lten\\r\\nBio Hanfsamen&quot;}\" data-sheets-userformat=\"{&quot;2&quot;:769,&quot;3&quot;:{&quot;1&quot;:0},&quot;11&quot;:4,&quot;12&quot;:0}\">Proteinreiches Pulver aus gesch\u00e4lten Bio Hanfsamen<\/span><\/p>\n<h3 id=\"zutaten\"><strong>Zutaten<\/strong><\/h3>\n<p>100% Hanf Proteinpulver aus gesch\u00e4lten Bio Hanfsamen*<br \/><span style=\"font-size: 14px;\">* aus kontrolliert biologischer Landwirtschaft<\/span><\/p>\n\n\n<div class=\"wp-block-pb-accordion-item c-accordion__item js-accordion-item no-js\" data-initially-open=\"false\" data-click-to-close=\"true\" data-auto-close=\"true\" data-scroll=\"false\" data-scroll-offset=\"0\"><h5 id=\"at-394720\" class=\"c-accordion__title js-accordion-controller\" role=\"button\"><strong>N\u00e4hrwerte<\/strong><\/h5><div id=\"ac-394720\" class=\"c-accordion__content\"><p class=\"eplus-wrapper eplus-styles-uid-6d634f\"><strong>Durchschnittlicher N\u00e4hrwertgehalt (pro 100 g):<\/strong><\/p>\n\n\n<figure style=\"font-size:14px\" class=\"wp-block-table eplus-wrapper\"><table><tbody><tr><td>Energie<\/td><td>1822 kJ \/ 435 kcal<\/td><\/tr><tr><td>Fett<\/td><td>17 g<\/td><\/tr><tr><td>Kohlenhydrate:<\/td><td>4,5 g<\/td><\/tr><tr><td>davon Zucker **<\/td><td>4,5 g<\/td><\/tr><tr><td>Ballaststoffe<\/td><td>12 g<\/td><\/tr><tr><td>Eiwei\u00df<\/td><td>60 g<\/td><\/tr><tr><td>Salz<\/td><td>0,02 g<\/td><\/tr><tr><td>Eisen<\/td><td>20 mg \/ 100 g (143% NRV*)<\/td><\/tr><tr><td>Magnesium<\/td><td>1095 mg \/ 100 g (292% NRV*)<\/td><\/tr><tr><td>Zink<\/td><td>17 mg \/ 100 g (170% NRV*)<\/td><\/tr><\/tbody><\/table><\/figure>\n\n\n<p class=\"eplus-wrapper eplus-styles-uid-bce8e2\">*empfohlene t\u00e4gliche Zufuhrmenge (NRV)<br>** enth\u00e4lt von Natur aus Zucker<\/p><\/div><\/div>\n\n\n<p>Bio Hanf Protein Roasted ist <strong>vegan<\/strong> und weist <strong>keine berauschende Wirkung<\/strong> auf. Erntebedingt k\u00f6nnen Spuren von Gluten enthalten sein.<\/p>\n<h3><strong>Inhalt<\/strong><\/h3>\n<p>Nettof\u00fcllmenge: <strong>175 g<\/strong> oder <b>500 g<br \/><\/b>F\u00fcllh\u00f6he sowie N\u00e4hrstoffwerte unterliegen den bei Naturprodukten \u00fcblichen Schwankungen.<\/p>\n<h3><strong>Lagerung<\/strong><\/h3>\n<p>Gut verschlossen, trocken und vor W\u00e4rme gesch\u00fctzt lagern.<\/p>\n<h3 class=\"p5\"><b>Hinweis<\/b><\/h3>\n<p class=\"p3\">THC-Gehalt: &lt;0,01 %<br \/>CBD-Gehalt: &lt;0,01 %<br \/>Erntebedingt k\u00f6nnen Spuren von Cannabinoiden enthalten sein.<\/p>\n<p>Eine abwechslungsreiche, ausgewogene Ern\u00e4hrung, Bewegung und ein gesunder Lebensstil sind wichtig f\u00fcr die Gesundheit. Verwende 25 g Bio Hanf Protein Roasted t\u00e4glich.<\/p>","protected":false},"excerpt":{"rendered":"<p>nussig &#038; extra fein vermahlen<\/p>","protected":false},"featured_media":115449,"comment_status":"open","ping_status":"closed","template":"","meta":{"CBBTypography":[],"editor_plus_copied_stylings":"{}","site-sidebar-layout":"no-sidebar","site-content-layout":"default","ast-site-content-layout":"default","site-content-style":"default","site-sidebar-style":"default","ast-global-header-display":"","ast-banner-title-visibility":"","ast-main-header-display":"","ast-hfb-above-header-display":"","ast-hfb-below-header-display":"","ast-hfb-mobile-header-display":"","site-post-title":"","ast-breadcrumbs-content":"","ast-featured-img":"","footer-sml-layout":"","ast-disable-related-posts":"","theme-transparent-header-meta":"default","adv-header-id-meta":"","stick-header-meta":"default","header-above-stick-meta":"","header-main-stick-meta":"","header-below-stick-meta":"","astra-migrate-meta-layouts":"set","ast-page-background-enabled":"default","ast-page-background-meta":{"desktop":{"background-color":"","background-image":"","background-repeat":"repeat","background-position":"center center","background-size":"auto","background-attachment":"scroll","background-type":"","background-media":"","overlay-type":"","overlay-color":"","overlay-opacity":"","overlay-gradient":""},"tablet":{"background-color":"","background-image":"","background-repeat":"repeat","background-position":"center center","background-size":"auto","background-attachment":"scroll","background-type":"","background-media":"","overlay-type":"","overlay-color":"","overlay-opacity":"","overlay-gradient":""},"mobile":{"background-color":"","background-image":"","background-repeat":"repeat","background-position":"center center","background-size":"auto","background-attachment":"scroll","background-type":"","background-media":"","overlay-type":"","overlay-color":"","overlay-opacity":"","overlay-gradient":""}},"ast-content-background-meta":{"desktop":{"background-color":"var(--ast-global-color-5)","background-image":"","background-repeat":"repeat","background-position":"center center","background-size":"auto","background-attachment":"scroll","background-type":"","background-media":"","overlay-type":"","overlay-color":"","overlay-opacity":"","overlay-gradient":""},"tablet":{"background-color":"var(--ast-global-color-5)","background-image":"","background-repeat":"repeat","background-position":"center center","background-size":"auto","background-attachment":"scroll","background-type":"","background-media":"","overlay-type":"","overlay-color":"","overlay-opacity":"","overlay-gradient":""},"mobile":{"background-color":"var(--ast-global-color-5)","background-image":"","background-repeat":"repeat","background-position":"center center","background-size":"auto","background-attachment":"scroll","background-type":"","background-media":"","overlay-type":"","overlay-color":"","overlay-opacity":"","overlay-gradient":""}}},"product_brand":[],"product_cat":[3829],"product_tag":[457],"class_list":{"0":"post-39472","1":"product","2":"type-product","3":"status-publish","4":"has-post-thumbnail","6":"product_cat-hanfprotein","7":"product_tag-lebensmittel","8":"desktop-align-left","9":"tablet-align-left","10":"mobile-align-left","11":"ast-product-gallery-layout-horizontal-slider","12":"ast-magnify-disabled","13":"ast-product-single-variable","14":"ast-product-tabs-layout-horizontal","16":"first","17":"instock","18":"sale","19":"taxable","20":"shipping-taxable","21":"purchasable","22":"product-type-variable","23":"has-default-attributes"},"_links":{"self":[{"href":"https:\/\/staging.hempions.com\/ch\/wp-json\/wp\/v2\/product\/39472","targetHints":{"allow":["GET"]}}],"collection":[{"href":"https:\/\/staging.hempions.com\/ch\/wp-json\/wp\/v2\/product"}],"about":[{"href":"https:\/\/staging.hempions.com\/ch\/wp-json\/wp\/v2\/types\/product"}],"replies":[{"embeddable":true,"href":"https:\/\/staging.hempions.com\/ch\/wp-json\/wp\/v2\/comments?post=39472"}],"wp:featuredmedia":[{"embeddable":true,"href":"https:\/\/staging.hempions.com\/ch\/wp-json\/wp\/v2\/media\/115449"}],"wp:attachment":[{"href":"https:\/\/staging.hempions.com\/ch\/wp-json\/wp\/v2\/media?parent=39472"}],"wp:term":[{"taxonomy":"product_brand","embeddable":true,"href":"https:\/\/staging.hempions.com\/ch\/wp-json\/wp\/v2\/product_brand?post=39472"},{"taxonomy":"product_cat","embeddable":true,"href":"https:\/\/staging.hempions.com\/ch\/wp-json\/wp\/v2\/product_cat?post=39472"},{"taxonomy":"product_tag","embeddable":true,"href":"https:\/\/staging.hempions.com\/ch\/wp-json\/wp\/v2\/product_tag?post=39472"}],"curies":[{"name":"wp","href":"https:\/\/api.w.org\/{rel}","templated":true}]}}