{"id":38088,"date":"2018-07-03T16:49:03","date_gmt":"2018-07-03T14:49:03","guid":{"rendered":"https:\/\/www.thehempions.com\/?post_type=product&#038;p=38088"},"modified":"2025-12-02T11:57:29","modified_gmt":"2025-12-02T10:57:29","slug":"hanf-snapback-cap","status":"publish","type":"product","link":"https:\/\/staging.hempions.com\/ch\/accessoires\/hanf-snapback-cap\/","title":{"rendered":"Hanf Snapback Cap"},"content":{"rendered":"<p><span style=\"font-weight: 400;\">In schlichten Farben gehalten ist unsere Hanf Snapback Cap dein perfekter Begleiter. Mit dieser aus Hanftextilien gefertigten Cap h\u00e4ltst du somit etwas ganz Besonderes in deinen H\u00e4nden.<\/span><\/p>\n<h2><b>Hanf Snapback aus dem Stoff der Zukunft<\/b><\/h2>\n<ul>\n<li><span style=\"font-weight: 400;\">Aus <\/span><b>Hanffaser-Textilien&nbsp;<\/b>gefertigt<\/li>\n<li><b><span style=\"font-weight: 400;\">Hanfstoffe sind<\/span>&nbsp;sehr robust<\/b><\/li>\n<li>Im Vergleich zu Baumwolle <strong>wesentlich<\/strong><b>&nbsp;umweltfreundlicher<\/b><\/li>\n<\/ul>\n<h2><strong>Erh\u00e4ltlich in zwei Farben<\/strong><\/h2>\n<ul>\n<li><span style=\"font-weight: 400;\"><strong>Snapback in braun:<\/strong> welche mit einer coolen Kombination aus einem nat\u00fcrlichen braun mit einem schwarzen Schild besticht.<\/span><\/li>\n<li><span style=\"font-weight: 400;\"><strong>Snapback in schwarz: <\/strong>mit einer cooler 3D-Logostickung sowie dem \u201cHempions\u201d Schriftzug auf der R\u00fcckseite.<\/span><\/li>\n<\/ul>\n<h2><b>Stylisch, robust und umweltfreundlich<\/b><\/h2>\n<p><span style=\"font-weight: 400;\">Die Hanf Snapback ist auch f\u00fcr Trendsetter genau das richtige, denn Stoffe aus Hanf erfreuen sich immer gr\u00f6\u00dferer Beliebtheit. Wer Hanftextilien kauft unterst\u00fctzt sogar eine nachhaltige Landwirtschaft. Die Kultivierung von Hanf ist meist wassersparender und umweltschonender als bei Alternativen Faserpflanzen. Im Gegensatz zum Anbau von Baumwolle, welches den gr\u00f6\u00dften Teil der weltweit verbrauchten Pestizide verschlingt, kommt Hanf beispielsweise ohne Spritzmittel aus. Das gro\u00dfe Potential wird vor allem deshalb noch nicht ausgesch\u00f6pft, weil die industrielle Verarbeitung von Hanf noch verbessert und vergr\u00f6\u00dfert werden muss. Mit dem Kauf von Hanftextilien unterst\u00fctzt du diesen Weg zur umweltfreundlicheren Herkunft unserer Textilien.<\/span><\/p>\n<h2><strong>Leicht verstellbar<\/strong><\/h2>\n<p><span style=\"font-weight: 400;\">Die Hanf Cap besteht aus 6 Panelen mit der f\u00fcr Snapbacks typischen Gr\u00f6\u00dfenverstellung hinten. Sie l\u00e4sst sich so leicht auf jede Kopfgr\u00f6\u00dfe anpassen. Das Feuchtigkeit absorbierende Schwei\u00dfband und eine bequeme Passform sorgen dar\u00fcber hinaus f\u00fcr mehr Tragekomfort.&nbsp;<\/span><span style=\"font-weight: 400;\">Die Hempions lieben die Hanf Snapback vor allem deshalb, weil sie sich zu fast jedem Outfit kombinieren l\u00e4sst. Deshalb gehen wir nur selten ohne unsere Cap aus Hanfstoff aus dem Haus.<\/span><\/p>\n<p><span style=\"font-weight: 400;\"><strong>Au\u00dfenmaterial:<\/strong> 100% Hanf<\/span><\/p>","protected":false},"excerpt":{"rendered":"<p>stylische Cap mit Logo-Stick<\/p>","protected":false},"featured_media":38428,"comment_status":"open","ping_status":"closed","template":"","meta":{"CBBTypography":[],"editor_plus_copied_stylings":"{}","site-sidebar-layout":"no-sidebar","site-content-layout":"default","ast-site-content-layout":"default","site-content-style":"default","site-sidebar-style":"default","ast-global-header-display":"","ast-banner-title-visibility":"","ast-main-header-display":"","ast-hfb-above-header-display":"","ast-hfb-below-header-display":"","ast-hfb-mobile-header-display":"","site-post-title":"","ast-breadcrumbs-content":"","ast-featured-img":"","footer-sml-layout":"","ast-disable-related-posts":"","theme-transparent-header-meta":"default","adv-header-id-meta":"","stick-header-meta":"default","header-above-stick-meta":"","header-main-stick-meta":"","header-below-stick-meta":"","astra-migrate-meta-layouts":"set","ast-page-background-enabled":"default","ast-page-background-meta":{"desktop":{"background-color":"","background-image":"","background-repeat":"repeat","background-position":"center center","background-size":"auto","background-attachment":"scroll","background-type":"","background-media":"","overlay-type":"","overlay-color":"","overlay-opacity":"","overlay-gradient":""},"tablet":{"background-color":"","background-image":"","background-repeat":"repeat","background-position":"center center","background-size":"auto","background-attachment":"scroll","background-type":"","background-media":"","overlay-type":"","overlay-color":"","overlay-opacity":"","overlay-gradient":""},"mobile":{"background-color":"","background-image":"","background-repeat":"repeat","background-position":"center center","background-size":"auto","background-attachment":"scroll","background-type":"","background-media":"","overlay-type":"","overlay-color":"","overlay-opacity":"","overlay-gradient":""}},"ast-content-background-meta":{"desktop":{"background-color":"var(--ast-global-color-5)","background-image":"","background-repeat":"repeat","background-position":"center center","background-size":"auto","background-attachment":"scroll","background-type":"","background-media":"","overlay-type":"","overlay-color":"","overlay-opacity":"","overlay-gradient":""},"tablet":{"background-color":"var(--ast-global-color-5)","background-image":"","background-repeat":"repeat","background-position":"center center","background-size":"auto","background-attachment":"scroll","background-type":"","background-media":"","overlay-type":"","overlay-color":"","overlay-opacity":"","overlay-gradient":""},"mobile":{"background-color":"var(--ast-global-color-5)","background-image":"","background-repeat":"repeat","background-position":"center center","background-size":"auto","background-attachment":"scroll","background-type":"","background-media":"","overlay-type":"","overlay-color":"","overlay-opacity":"","overlay-gradient":""}}},"product_brand":[],"product_cat":[463],"product_tag":[4435],"class_list":{"0":"post-38088","1":"product","2":"type-product","3":"status-publish","4":"has-post-thumbnail","6":"product_cat-accessoires","7":"product_tag-accessoires","8":"desktop-align-left","9":"tablet-align-left","10":"mobile-align-left","11":"ast-product-gallery-layout-horizontal-slider","12":"ast-magnify-disabled","13":"ast-product-single-variable","14":"ast-product-tabs-layout-horizontal","16":"first","17":"instock","18":"taxable","19":"shipping-taxable","20":"purchasable","21":"product-type-variable","22":"has-default-attributes"},"_links":{"self":[{"href":"https:\/\/staging.hempions.com\/ch\/wp-json\/wp\/v2\/product\/38088","targetHints":{"allow":["GET"]}}],"collection":[{"href":"https:\/\/staging.hempions.com\/ch\/wp-json\/wp\/v2\/product"}],"about":[{"href":"https:\/\/staging.hempions.com\/ch\/wp-json\/wp\/v2\/types\/product"}],"replies":[{"embeddable":true,"href":"https:\/\/staging.hempions.com\/ch\/wp-json\/wp\/v2\/comments?post=38088"}],"wp:featuredmedia":[{"embeddable":true,"href":"https:\/\/staging.hempions.com\/ch\/wp-json\/wp\/v2\/media\/38428"}],"wp:attachment":[{"href":"https:\/\/staging.hempions.com\/ch\/wp-json\/wp\/v2\/media?parent=38088"}],"wp:term":[{"taxonomy":"product_brand","embeddable":true,"href":"https:\/\/staging.hempions.com\/ch\/wp-json\/wp\/v2\/product_brand?post=38088"},{"taxonomy":"product_cat","embeddable":true,"href":"https:\/\/staging.hempions.com\/ch\/wp-json\/wp\/v2\/product_cat?post=38088"},{"taxonomy":"product_tag","embeddable":true,"href":"https:\/\/staging.hempions.com\/ch\/wp-json\/wp\/v2\/product_tag?post=38088"}],"curies":[{"name":"wp","href":"https:\/\/api.w.org\/{rel}","templated":true}]}}