{"id":37762,"date":"2018-06-14T11:03:57","date_gmt":"2018-06-14T09:03:57","guid":{"rendered":"https:\/\/www.thehempions.com\/?post_type=product&#038;p=37762"},"modified":"2025-12-09T15:02:39","modified_gmt":"2025-12-09T14:02:39","slug":"bio-hanfsamen-ungeschaelt","status":"publish","type":"product","link":"https:\/\/staging.hempions.com\/ch\/hanfsamen\/bio-hanfsamen-ungeschaelt\/","title":{"rendered":"Bio Hanfsamen ungesch\u00e4lt"},"content":{"rendered":"<h2><strong>Im Keim liegt die Kraft wahrer Champions<\/strong><\/h2>\n<p>Die kleinen Samen fu\u0308r gro\u00dfe Taten. In unseren Hanfsamen steckt die volle Power aus heimischem Bio Anbau. Hanfsamen ungesch\u00e4lt sind vollgepackt mit den wertvollen N\u00e4hrstoffe des <span style=\"font-weight: 400;\"><strong><a href=\"https:\/\/staging.hempions.com\/ch\/knowledge\/naehrstoffwunder-hanfsamen\/\">Superfoods Hanfsamen<\/a>:<\/strong><\/span><\/p>\n<ul>\n<li>Reich an essentiellen Omega-3 Fetts\u00e4uren.<\/li>\n<li>Ein hoher Gehalt an Eisen und Magnesium tr\u00e4gt zur Verringerung von M\u00fcdigkeit und Erm\u00fcdung bei.<\/li>\n<li>Reich an Zink, welches zum Schutz der Zellen vor oxidativem Stress beitr\u00e4gt.<\/li>\n<li>Ein hoher Gehalt an Eiwei\u00df unterst\u00fctzt den Aufbau und die Erhaltung von Muskelmasse.<\/li>\n<li>Zudem weisen die Hanfsamen ungesch\u00e4lt einen hohen Ballaststoffgehalt auf.<\/li>\n<\/ul>\n<h3><strong>Das steckt in Bio Hanfsamen ungesch\u00e4lt<\/strong><\/h3>\n<p>Ungescha\u0308lte Bio Hanfsamen aus \u00d6sterreich, knackig und mit leicht nussiger Note.<\/p>\n<h3><strong>Hempions Tipps zur Anwendung<\/strong><\/h3>\n<p>Hanfsamen ungescha\u0308lt sind die knackigen Multitalente in der vitalen Ku\u0308che. Die Samen eignen sich als Zugabe fu\u0308r Backwaren, Bowls un dins Mu\u0308sli. Angero\u0308stet entwickeln sie ein nussiges Aroma und die Schale wird lecker knusprig. Hanfsamen ungescha\u0308lt sind keimf\u00e4hig und eignen sich deshalb ideal zum Ziehen von Hanfsprossen. Eine <strong><a href=\"https:\/\/staging.hempions.com\/ch\/kitchen\/hanfsprossen-ziehen\/\">Anleitung dazu findest du hier<\/a><\/strong>. Weitere Ideen findest du in unserem gratis <strong><a href=\"https:\/\/staging.hempions.com\/ch\/rezeptbuch\/\">Rezept E-Book<\/a><\/strong>.<\/p>\n<h3><strong>Mit einer Portion bestens versorgt <\/strong><\/h3>\n<p>Bereits eine Portion von 50 g Hanfsamen ungesch\u00e4lt am Tag deckt den Bedarf an Omega-3 und Omega-6 Fetts\u00e4uren (<strong><a href=\"https:\/\/www.dge.de\/wissenschaft\/referenzwerte\/fett\/\" target=\"_blank\" rel=\"noopener noreferrer\">laut den Richtwerten der DGE<\/a><\/strong>) sowie einen wesentlichen Teil des Bedarfs an Magnesium, Eisen und Zink. In der praktischen wiederverschlie\u00dfbaren Dose oder im Zip-Beutel sind die Hanfsamen gut vor Licht gesch\u00fctzt und k\u00f6nnen angenehm gelagert werden.<\/p>\n<h3><b>Verkehrsbezeichnung<\/b><\/h3>\n<p><span data-sheets-value=\"{&quot;1&quot;:2,&quot;2&quot;:&quot;Bio Hanfsamen ungesch\u00e4lt&quot;}\" data-sheets-userformat=\"{&quot;2&quot;:769,&quot;3&quot;:{&quot;1&quot;:0},&quot;11&quot;:4,&quot;12&quot;:0}\">Bio Hanfsamen ungesch\u00e4lt<\/span><\/p>\n<h3 id=\"zutaten\"><strong>Zutaten<\/strong><\/h3>\n<p>100% Bio Hanfsamen ungesch\u00e4lt*<br \/><span style=\"font-size: 14px;\">* aus kontrolliert biologischer Landwirtschaft<\/span><\/p>\n\n\n<div class=\"wp-block-pb-accordion-item c-accordion__item js-accordion-item no-js\"><h5 id=\"at-377620\" class=\"c-accordion__title js-accordion-controller\" role=\"button\"><strong>N\u00e4hrwerte<\/strong><\/h5><div id=\"ac-377620\" class=\"c-accordion__content\">\n<p class=\"eplus-wrapper eplus-styles-uid-6d634f\"><strong>Durchschnittliche N\u00e4hrwerte (pro 100 g):<\/strong><\/p>\n\n<figure class=\"wp-block-table eplus-wrapper\" style=\"font-size:14px\"><table><tbody><tr><td>Energie<\/td><td>1701 kJ \/ 407 kcal<\/td><\/tr><tr><td>Fett<\/td><td>31 g<\/td><\/tr><tr><td>&#8211; davon ges\u00e4ttigte Fetts\u00e4uren<\/td><td>5,3 g<\/td><\/tr><tr><td>&#8211; davon einfach unges\u00e4ttigte Fetts\u00e4uren<\/td><td>3,3 g<\/td><\/tr><tr><td>&#8211; davon mehrfach unges\u00e4ttigte Fetts\u00e4uren<\/td><td>22 g<\/td><\/tr><tr><td>Kohlenhydrate<\/td><td>1,0 g<\/td><\/tr><tr><td>&#8211; davon Zucker<\/td><td>1,0 g<\/td><\/tr><tr><td>Ballaststoffe<\/td><td>25 g<\/td><\/tr><tr><td>Eiwei\u00df<\/td><td>30 g<\/td><\/tr><tr><td>Salz<\/td><td>0,03 g<\/td><\/tr><\/tbody><\/table><\/figure>\n\n\n<figure class=\"wp-block-table eplus-wrapper\" style=\"font-size:14px\"><table><tbody><tr><td>Omega-3 Fetts\u00e4uren<\/td><td>4,6 g \/ 100 g<\/td><\/tr><tr><td>Omega-6 Fetts\u00e4uren<\/td><td>16,1 g \/ 100 g<\/td><\/tr><tr><td>Eisen<\/td><td>11 mg \/ 100 g (79% NRV*)<\/td><\/tr><tr><td>Magnesium<\/td><td>370 mg \/ 100 g (99% NRV*)<\/td><\/tr><tr><td>Zink<\/td><td>8,8 mg \/ 100 g (88% NRV*)<\/td><\/tr><\/tbody><\/table><\/figure>\n\n<p class=\"eplus-wrapper eplus-styles-uid-bce8e2\">*empfohlene t\u00e4gliche Zufuhrmenge (NRV)<\/p>\n<\/div><\/div>\n\n\n<p>Bio Hanfsamen ungesch\u00e4lt sind <strong>vegan<\/strong> und weisen <strong>keine berauschende Wirkung<\/strong> auf. Erntebedingt k\u00f6nnen Spuren von Gluten enthalten sein.<\/p>\n<h3><strong>Inhalt<\/strong><\/h3>\n<p>Nettof\u00fcllmenge: <strong>20<\/strong><strong>0 g<\/strong> oder <b>500 g<br \/><\/b>F\u00fcllh\u00f6he sowie N\u00e4hrstoffwerte unterliegen den bei Naturprodukten \u00fcblichen Schwankungen.<\/p>\n<h3><strong>Lagerung<\/strong><\/h3>\n<p>Gut verschlossen, trocken und vor W\u00e4rme gesch\u00fctzt lagern.<\/p>\n<h3 class=\"p5\"><b>Hinweis<\/b><\/h3>\n<p class=\"p3\">THC-Gehalt: &lt;0,01 %<br \/>CBD-Gehalt: &lt;0,01 %<br \/>Erntebedingt k\u00f6nnen Spuren von Cannabinoiden enthalten sein.<\/p>\n<p>Eine abwechslungsreiche, ausgewogene Ern\u00e4hrung, Bewegung und ein gesunder Lebensstil sind wichtig f\u00fcr die Gesundheit. Verwende 50 g Bio Hanfsamen ungesch\u00e4lt t\u00e4glich.<\/p>","protected":false},"excerpt":{"rendered":"<p>in Rohkostqualit\u00e4t, mild nussig<\/p>","protected":false},"featured_media":115450,"comment_status":"open","ping_status":"closed","template":"","meta":{"CBBTypography":[],"editor_plus_copied_stylings":"{}","site-sidebar-layout":"no-sidebar","site-content-layout":"default","ast-site-content-layout":"default","site-content-style":"default","site-sidebar-style":"default","ast-global-header-display":"","ast-banner-title-visibility":"","ast-main-header-display":"","ast-hfb-above-header-display":"","ast-hfb-below-header-display":"","ast-hfb-mobile-header-display":"","site-post-title":"","ast-breadcrumbs-content":"","ast-featured-img":"","footer-sml-layout":"","ast-disable-related-posts":"","theme-transparent-header-meta":"default","adv-header-id-meta":"","stick-header-meta":"default","header-above-stick-meta":"","header-main-stick-meta":"","header-below-stick-meta":"","astra-migrate-meta-layouts":"set","ast-page-background-enabled":"default","ast-page-background-meta":{"desktop":{"background-color":"","background-image":"","background-repeat":"repeat","background-position":"center center","background-size":"auto","background-attachment":"scroll","background-type":"","background-media":"","overlay-type":"","overlay-color":"","overlay-opacity":"","overlay-gradient":""},"tablet":{"background-color":"","background-image":"","background-repeat":"repeat","background-position":"center center","background-size":"auto","background-attachment":"scroll","background-type":"","background-media":"","overlay-type":"","overlay-color":"","overlay-opacity":"","overlay-gradient":""},"mobile":{"background-color":"","background-image":"","background-repeat":"repeat","background-position":"center center","background-size":"auto","background-attachment":"scroll","background-type":"","background-media":"","overlay-type":"","overlay-color":"","overlay-opacity":"","overlay-gradient":""}},"ast-content-background-meta":{"desktop":{"background-color":"var(--ast-global-color-5)","background-image":"","background-repeat":"repeat","background-position":"center center","background-size":"auto","background-attachment":"scroll","background-type":"","background-media":"","overlay-type":"","overlay-color":"","overlay-opacity":"","overlay-gradient":""},"tablet":{"background-color":"var(--ast-global-color-5)","background-image":"","background-repeat":"repeat","background-position":"center center","background-size":"auto","background-attachment":"scroll","background-type":"","background-media":"","overlay-type":"","overlay-color":"","overlay-opacity":"","overlay-gradient":""},"mobile":{"background-color":"var(--ast-global-color-5)","background-image":"","background-repeat":"repeat","background-position":"center center","background-size":"auto","background-attachment":"scroll","background-type":"","background-media":"","overlay-type":"","overlay-color":"","overlay-opacity":"","overlay-gradient":""}}},"product_brand":[],"product_cat":[3827],"product_tag":[457],"class_list":{"0":"post-37762","1":"product","2":"type-product","3":"status-publish","4":"has-post-thumbnail","6":"product_cat-hanfsamen","7":"product_tag-lebensmittel","8":"desktop-align-left","9":"tablet-align-left","10":"mobile-align-left","11":"ast-product-gallery-layout-horizontal-slider","12":"ast-magnify-disabled","13":"ast-product-single-variable","14":"ast-product-tabs-layout-horizontal","16":"first","17":"instock","18":"sale","19":"taxable","20":"shipping-taxable","21":"purchasable","22":"product-type-variable","23":"has-default-attributes"},"_links":{"self":[{"href":"https:\/\/staging.hempions.com\/ch\/wp-json\/wp\/v2\/product\/37762","targetHints":{"allow":["GET"]}}],"collection":[{"href":"https:\/\/staging.hempions.com\/ch\/wp-json\/wp\/v2\/product"}],"about":[{"href":"https:\/\/staging.hempions.com\/ch\/wp-json\/wp\/v2\/types\/product"}],"replies":[{"embeddable":true,"href":"https:\/\/staging.hempions.com\/ch\/wp-json\/wp\/v2\/comments?post=37762"}],"wp:featuredmedia":[{"embeddable":true,"href":"https:\/\/staging.hempions.com\/ch\/wp-json\/wp\/v2\/media\/115450"}],"wp:attachment":[{"href":"https:\/\/staging.hempions.com\/ch\/wp-json\/wp\/v2\/media?parent=37762"}],"wp:term":[{"taxonomy":"product_brand","embeddable":true,"href":"https:\/\/staging.hempions.com\/ch\/wp-json\/wp\/v2\/product_brand?post=37762"},{"taxonomy":"product_cat","embeddable":true,"href":"https:\/\/staging.hempions.com\/ch\/wp-json\/wp\/v2\/product_cat?post=37762"},{"taxonomy":"product_tag","embeddable":true,"href":"https:\/\/staging.hempions.com\/ch\/wp-json\/wp\/v2\/product_tag?post=37762"}],"curies":[{"name":"wp","href":"https:\/\/api.w.org\/{rel}","templated":true}]}}