{"id":37407,"date":"2018-05-20T18:46:40","date_gmt":"2018-05-20T16:46:40","guid":{"rendered":"https:\/\/www.thehempions.com\/?post_type=product&#038;p=37407"},"modified":"2026-01-19T15:17:11","modified_gmt":"2026-01-19T14:17:11","slug":"bio-hanfoel-classic","status":"publish","type":"product","link":"https:\/\/staging.hempions.com\/ch\/hanfoel\/bio-hanfoel-classic\/","title":{"rendered":"Bio Hanf\u00f6l Classic"},"content":{"rendered":"<h2><b>Der K\u00f6nig der Pflanzen\u00f6le<\/b><\/h2>\n<p><span style=\"font-weight: 400;\">Unser Bio Hanf\u00f6l Classic z\u00e4hlt durch seine Zusammensetzung zu den wertvollsten Pflanzen\u00f6len. In Kombination mit dem leicht nussigen Geschmack ist es f\u00fcr uns der &#8222;K\u00f6nig der Pflanzen\u00f6le&#8220;.<\/span><\/p>\n<ul>\n<li>Reich an essentiellen Omega-3 Fetts\u00e4uren.<\/li>\n<li>Ein hoher Gehalt an Vitamin E tr\u00e4gt dazu bei, die Zellen vor oxidativem Stress zu sch\u00fctzen.<\/li>\n<li>Mit einem hohen Gehalt an unges\u00e4ttigten Fetts\u00e4uren<\/li>\n<\/ul>\n<h3><strong>Das steckt in Hanf\u00f6l Classic<\/strong><\/h3>\n<p>Hanf\u00f6l aus Bio Hanfsamen ungescha\u0308lt aus O\u0308sterreich mit nussig-milder Note. Durch die Kaltpressung des \u00d6les und die Verarbeitung der Schale bleiben besonders viele Vitalstoffe im \u00d6l erhalten.<\/p>\n<h3><strong>Hempions Tipps zur Anwendung<\/strong><\/h3>\n<p><span style=\"font-weight: 400;\">Die Hempions lieben das kaltgepresste Hanf\u00f6l Classic besonders wegen seines<strong> feinen, leicht nussigen Geschmacks<\/strong>. Das \u00d6l bringt eine besondere Note in M\u00fcslis, Smoothies, Salate, Gem\u00fcsegerichte und passt hervorragend auf&#8217;s Brot und zu K\u00e4se. <span style=\"font-size: 16px;\">Weitere Ideen findest du in unserem gratis <\/span><strong style=\"font-size: 16px;\"><a href=\"https:\/\/staging.hempions.com\/ch\/rezeptbuch\/\">Rezept E-Book<\/a><\/strong><span style=\"font-size: 16px;\">.<\/span><br \/>Die gr\u00fcne Farbe im Hanf\u00f6l Classic stammt aus den sekund\u00e4ren Pflanzenstoffen, welche vor allem in der Schale der <strong><a href=\"\/ch\/p\/hanfsamen-ungeschaelt\/\">ungesch\u00e4lten Hanfsamen<\/a><\/strong> enthalten sind.<\/span><\/p>\n<h3><strong>Mit einer Portion bestens versorgt <\/strong><\/h3>\n<p>Bereits eine Portion von 10 ml Hanf\u00f6l Classic am Tag deckt den Bedarf an Omega-3 Fetts\u00e4uren (<strong><a href=\"https:\/\/www.dge.de\/wissenschaft\/referenzwerte\/fett\/\" target=\"_blank\" rel=\"noopener noreferrer\">laut den Richtwerten der DGE<\/a><\/strong>). Zudem tragen die mehrfach unges\u00e4ttigten Fetts\u00e4uren im Hanf\u00f6l als Ersatz f\u00fcr ges\u00e4ttigte Fetts\u00e4uren in der Ern\u00e4hrung zur Aufrechterhaltung eines normalen Cholesterinspiegels im Blut bei.<\/p>\n<h3><b>Verkehrsbezeichnung<\/b><\/h3>\n<p><span data-sheets-value=\"{&quot;1&quot;:2,&quot;2&quot;:&quot;Hanf\u00f6l aus gesch\u00e4lten Bio Hanfsamen&quot;}\" data-sheets-userformat=\"{&quot;2&quot;:769,&quot;3&quot;:{&quot;1&quot;:0},&quot;11&quot;:4,&quot;12&quot;:0}\">Hanf\u00f6l aus ungesch\u00e4lten Bio Hanfsamen<\/span><\/p>\n<h3 id=\"zutaten\"><strong>Zutaten<\/strong><\/h3>\n<p>100% Hanf\u00f6l aus ungesch\u00e4lten <span data-sheets-value=\"{&quot;1&quot;:2,&quot;2&quot;:&quot;Hanf\u00f6l aus gesch\u00e4lten Bio Hanfsamen&quot;}\" data-sheets-userformat=\"{&quot;2&quot;:769,&quot;3&quot;:{&quot;1&quot;:0},&quot;11&quot;:4,&quot;12&quot;:0}\">Bio <\/span>Hanfsamen*<br \/><span style=\"font-size: 14px;\">* aus kontrolliert biologischer Landwirtschaft<\/span><\/p>\n\n\n<div class=\"wp-block-pb-accordion-item c-accordion__item js-accordion-item no-js\"><h5 id=\"at-374070\" class=\"c-accordion__title js-accordion-controller\" role=\"button\"><strong>N\u00e4hrwerte<\/strong><\/h5><div id=\"ac-374070\" class=\"c-accordion__content\">\n<p class=\"eplus-wrapper eplus-styles-uid-6d634f\"><strong>Durchschnittlicher N\u00e4hrwertgehalt pro 100 ml:<\/strong><\/p>\n\n<figure class=\"wp-block-table eplus-wrapper\" style=\"font-size:14px\"><table><tbody><tr><td>Energie<\/td><td>3432 kJ \/ 837 kcal<\/td><\/tr><tr><td>Fett<\/td><td>92,5 g<\/td><\/tr><tr><td>davon ges\u00e4ttigte Fetts\u00e4uren<\/td><td>8,7 g<\/td><\/tr><tr><td>davon einfach unges\u00e4ttigte Fetts\u00e4uren<\/td><td>12,3 g<\/td><\/tr><tr><td>davon mehrfach unges\u00e4ttigte Fetts\u00e4uren<\/td><td>71,5 g<\/td><\/tr><tr><td>Kohlenhydrate<\/td><td>0 g<\/td><\/tr><tr><td>davon Zucker<\/td><td>0 g<\/td><\/tr><tr><td>Eiwei\u00df<\/td><td>0 g<\/td><\/tr><tr><td>Salz<\/td><td>0 g<\/td><\/tr><\/tbody><\/table><\/figure>\n\n\n<figure class=\"wp-block-table eplus-wrapper\" style=\"font-size:14px\"><table><tbody><tr><td>Omega-3 Fetts\u00e4uren<\/td><td>15,9 g \/ 100 g<\/td><\/tr><tr><td>Vitamin E<\/td><td>74,5 mg \/ 100 g (625% NRV*)<\/td><\/tr><\/tbody><\/table><\/figure>\n\n<p class=\"eplus-wrapper eplus-styles-uid-bce8e2\">*empfohlene t\u00e4gliche Zufuhrmenge (NRV)<\/p>\n<\/div><\/div>\n\n\n<p><span style=\"font-weight: 400;\"><br \/>Unser Bio Hanf\u00f6l Classic ist<\/span><b> vegan <\/b>und <span style=\"font-weight: 400;\">weist <\/span><b>keine berauschende Wirkung<\/b><span style=\"font-weight: 400;\"> auf. E<\/span><span style=\"font-weight: 400;\">rntebedingt k\u00f6nnen Spuren von Gluten enthalten sein.<\/span><\/p>\n<h3><b>Inhalt<\/b><\/h3>\n<p><span style=\"font-weight: 400;\">Nettof\u00fcllmenge: 250 ml<br \/><\/span><span style=\"font-weight: 400;\">F\u00fcllh\u00f6he sowie N\u00e4hrstoffwerte unterliegen den bei Naturprodukten \u00fcblichen Schwankungen.<\/span><\/p>\n<h3><b>Lagerung<\/b><\/h3>\n<p><span style=\"font-weight: 400;\">Gut verschlossen, trocken und vor W\u00e4rme gesch\u00fctzt lagern.<\/span><\/p>\n<h3 class=\"p5\"><b>Hinweis<\/b><\/h3>\n<p class=\"p3\">THC-Gehalt: &lt;0,01 %<br \/>CBD-Gehalt: &lt;0,01 %<br \/>Erntebedingt k\u00f6nnen Spuren von Cannabinoiden enthalten sein.<\/p>\n<p class=\"p3\">Eine abwechslungsreiche, ausgewogene Ern\u00e4hrung, Bewegung und ein gesunder Lebensstil sind wichtig f\u00fcr die Gesundheit.<br \/>Verwende 10 ml (2 Teel\u00f6ffel) Bio Hanf\u00f6l Classic t\u00e4glich.<\/p>","protected":false},"excerpt":{"rendered":"<p>Heublumen Aroma, nussiger Geschmack<\/p>","protected":false},"featured_media":115448,"comment_status":"open","ping_status":"closed","template":"","meta":{"CBBTypography":[],"editor_plus_copied_stylings":"{}","site-sidebar-layout":"no-sidebar","site-content-layout":"default","ast-site-content-layout":"default","site-content-style":"default","site-sidebar-style":"default","ast-global-header-display":"","ast-banner-title-visibility":"","ast-main-header-display":"","ast-hfb-above-header-display":"","ast-hfb-below-header-display":"","ast-hfb-mobile-header-display":"","site-post-title":"","ast-breadcrumbs-content":"","ast-featured-img":"","footer-sml-layout":"","ast-disable-related-posts":"","theme-transparent-header-meta":"default","adv-header-id-meta":"","stick-header-meta":"default","header-above-stick-meta":"","header-main-stick-meta":"","header-below-stick-meta":"","astra-migrate-meta-layouts":"set","ast-page-background-enabled":"default","ast-page-background-meta":{"desktop":{"background-color":"","background-image":"","background-repeat":"repeat","background-position":"center center","background-size":"auto","background-attachment":"scroll","background-type":"","background-media":"","overlay-type":"","overlay-color":"","overlay-opacity":"","overlay-gradient":""},"tablet":{"background-color":"","background-image":"","background-repeat":"repeat","background-position":"center center","background-size":"auto","background-attachment":"scroll","background-type":"","background-media":"","overlay-type":"","overlay-color":"","overlay-opacity":"","overlay-gradient":""},"mobile":{"background-color":"","background-image":"","background-repeat":"repeat","background-position":"center center","background-size":"auto","background-attachment":"scroll","background-type":"","background-media":"","overlay-type":"","overlay-color":"","overlay-opacity":"","overlay-gradient":""}},"ast-content-background-meta":{"desktop":{"background-color":"var(--ast-global-color-5)","background-image":"","background-repeat":"repeat","background-position":"center center","background-size":"auto","background-attachment":"scroll","background-type":"","background-media":"","overlay-type":"","overlay-color":"","overlay-opacity":"","overlay-gradient":""},"tablet":{"background-color":"var(--ast-global-color-5)","background-image":"","background-repeat":"repeat","background-position":"center center","background-size":"auto","background-attachment":"scroll","background-type":"","background-media":"","overlay-type":"","overlay-color":"","overlay-opacity":"","overlay-gradient":""},"mobile":{"background-color":"var(--ast-global-color-5)","background-image":"","background-repeat":"repeat","background-position":"center center","background-size":"auto","background-attachment":"scroll","background-type":"","background-media":"","overlay-type":"","overlay-color":"","overlay-opacity":"","overlay-gradient":""}}},"product_brand":[],"product_cat":[3828],"product_tag":[457],"class_list":{"0":"post-37407","1":"product","2":"type-product","3":"status-publish","4":"has-post-thumbnail","6":"product_cat-hanfoel","7":"product_tag-lebensmittel","8":"desktop-align-left","9":"tablet-align-left","10":"mobile-align-left","11":"ast-product-gallery-layout-horizontal-slider","12":"ast-magnify-disabled","13":"ast-product-single-variable","14":"ast-product-tabs-layout-horizontal","16":"first","17":"instock","18":"sale","19":"taxable","20":"shipping-taxable","21":"purchasable","22":"product-type-variable","23":"has-default-attributes"},"_links":{"self":[{"href":"https:\/\/staging.hempions.com\/ch\/wp-json\/wp\/v2\/product\/37407","targetHints":{"allow":["GET"]}}],"collection":[{"href":"https:\/\/staging.hempions.com\/ch\/wp-json\/wp\/v2\/product"}],"about":[{"href":"https:\/\/staging.hempions.com\/ch\/wp-json\/wp\/v2\/types\/product"}],"replies":[{"embeddable":true,"href":"https:\/\/staging.hempions.com\/ch\/wp-json\/wp\/v2\/comments?post=37407"}],"wp:featuredmedia":[{"embeddable":true,"href":"https:\/\/staging.hempions.com\/ch\/wp-json\/wp\/v2\/media\/115448"}],"wp:attachment":[{"href":"https:\/\/staging.hempions.com\/ch\/wp-json\/wp\/v2\/media?parent=37407"}],"wp:term":[{"taxonomy":"product_brand","embeddable":true,"href":"https:\/\/staging.hempions.com\/ch\/wp-json\/wp\/v2\/product_brand?post=37407"},{"taxonomy":"product_cat","embeddable":true,"href":"https:\/\/staging.hempions.com\/ch\/wp-json\/wp\/v2\/product_cat?post=37407"},{"taxonomy":"product_tag","embeddable":true,"href":"https:\/\/staging.hempions.com\/ch\/wp-json\/wp\/v2\/product_tag?post=37407"}],"curies":[{"name":"wp","href":"https:\/\/api.w.org\/{rel}","templated":true}]}}