{"id":37404,"date":"2018-05-20T16:43:31","date_gmt":"2018-05-20T14:43:31","guid":{"rendered":"https:\/\/www.thehempions.com\/?post_type=product&#038;p=37404"},"modified":"2025-12-06T09:04:09","modified_gmt":"2025-12-06T08:04:09","slug":"bio-hanftee","status":"publish","type":"product","link":"https:\/\/staging.hempions.com\/ch\/hanftee\/bio-hanftee\/","title":{"rendered":"Bio Hanftee"},"content":{"rendered":"<h2><b>Die Wohltat f\u00fcr K\u00f6rper und Geist<\/b><\/h2>\n<p><span style=\"font-weight: 400;\">Unser Bio Hanftee ist der perfekte <\/span>Begleiter zum Entspannen und Abschalten<span style=\"font-weight: 400;\">. In dem Tee aus den Bl\u00e4ttern der Hanfpflanze steckt jedoch mehr.<\/span><\/p>\n<ul>\n<li style=\"font-weight: 400;\"><span style=\"font-weight: 400;\">Mild und ausgewogen fein im Geschmack<\/span><\/li>\n<li style=\"font-weight: 400;\"><span style=\"font-weight: 400;\">Voller wertvoller <\/span><b>\u00e4therischer \u00d6le<\/b><\/li>\n<li style=\"font-weight: 400;\"><span style=\"font-weight: 400;\">Wird bereits seit Jahrhunderten gesch\u00e4tzt<\/span><\/li>\n<li style=\"font-weight: 400;\"><span style=\"font-weight: 400;\">Aus <\/span><b>THC-armen<\/b><span style=\"font-weight: 400;\">&nbsp;Hanfbl\u00e4ttern und somit nicht berauschend<\/span><\/li>\n<\/ul>\n<h3><b>Der hei\u00dfe Hanfgenuss<\/b><\/h3>\n<p><span style=\"font-weight: 400;\">Der Aufguss aus Hanfbl\u00e4ttern begeistert mittlerweile nicht nur Kr\u00e4utertee-Fans. Durch den feinen Geschmack erfreut sich der Tee immer gr\u00f6\u00dferer Beliebtheit. Kreative Tee-<\/span><span style=\"font-weight: 400;\">Fans k\u00f6nnen sich zudem ihre eigene Kombination aus Hanfbl\u00e4ttern kreieren: Der feine Geschmack harmoniert vor allem mit Minze, Zitronenmelisse sowie Hibiskus und Hagebutte. <\/span><\/p>\n<p><span style=\"font-weight: 400;\">Schon im alten Indien wurde Hanftee f\u00fcr G\u00e4ste als rituelles Willkommensgetr\u00e4nk zubereitet. Des Weiteren setzen die alten Inder den Aufguss aus getrockneten Bl\u00fcten und Bl\u00e4ttern als Arzneimittel ein. Viele Teetrinker berichten von einer beruhigenden und muskelentspannenden Wirkung durch die wertvollen Inhaltsstoffe. Au\u00dferdem kann eine Tasse Tee den Appetit anregen sowie zu einem guten Schlaf beitragen.<\/span><\/p>\n<p><span style=\"font-weight: 400;\">Die Hempions lieben Hanftee vor allem zum Abschalten und Entspannen nach einem anstrengenden Tag in der Natur. Im Sommer genie\u00dfen wir den Aufguss am liebsten eiskalt mit einem Spritzer Zitrone.<\/span><\/p>\n<p><span style=\"font-weight: 400;\">Die Bl\u00e4tter f\u00fcr unseren Tee stammen aus THC-armen Industriehanf-Sorten. Wobei der THC-Gehalt unter 0,2% in allen Industriehanf-Sorten generell eine berauschende Wirkung in allen Produkten ausschlie\u00dft.<\/span><\/p>\n<h3><b>Verkehrsbezeichnung<\/b><\/h3>\n<p>Getrocknete Bio Hanf Bl\u00e4tter<\/p>\n<h3 id=\"zutaten\"><strong>Zutaten<\/strong><\/h3>\n<p>100% getrocknete Hanf Bl\u00e4tter*<br \/>\n<span style=\"font-size: 14px;\">* aus kontrolliert biologischer Landwirtschaft<\/span><\/p>\n<p>Unser Hanftee ist<b> vegan <\/b>und weist&nbsp;<b>keine berauschende Wirkung<\/b> auf.<\/p>\n<h3><b>Inhalt<\/b><\/h3>\n<p><span style=\"font-weight: 400;\">Nettof\u00fcllmenge: 25<strong>&nbsp;g<\/strong><br \/>\n<\/span><span style=\"font-weight: 400;\">F\u00fcllh\u00f6he unterliegt den bei Naturprodukten \u00fcblichen Schwankungen.<\/span><\/p>\n<h3><b>Lagerung<\/b><\/h3>\n<p><span style=\"font-weight: 400;\">Gut verschlossen, trocken und vor W\u00e4rme gesch\u00fctzt lagern.<\/span><\/p>\n<h3 class=\"p5\"><b>Hinweis<\/b><\/h3>\n<p class=\"p3\">THC-Gehalt: &lt; 0,2 %<br \/>\nCBD-Gehalt: 0 &#8211; 1 %<\/p>","protected":false},"excerpt":{"rendered":"<p>zum Abschalten &#038; Entspannen<\/p>","protected":false},"featured_media":115413,"comment_status":"open","ping_status":"closed","template":"","meta":{"CBBTypography":[],"editor_plus_copied_stylings":"{}","site-sidebar-layout":"no-sidebar","site-content-layout":"default","ast-site-content-layout":"default","site-content-style":"default","site-sidebar-style":"default","ast-global-header-display":"","ast-banner-title-visibility":"","ast-main-header-display":"","ast-hfb-above-header-display":"","ast-hfb-below-header-display":"","ast-hfb-mobile-header-display":"","site-post-title":"","ast-breadcrumbs-content":"","ast-featured-img":"","footer-sml-layout":"","ast-disable-related-posts":"","theme-transparent-header-meta":"default","adv-header-id-meta":"","stick-header-meta":"default","header-above-stick-meta":"","header-main-stick-meta":"","header-below-stick-meta":"","astra-migrate-meta-layouts":"set","ast-page-background-enabled":"default","ast-page-background-meta":{"desktop":{"background-color":"","background-image":"","background-repeat":"repeat","background-position":"center center","background-size":"auto","background-attachment":"scroll","background-type":"","background-media":"","overlay-type":"","overlay-color":"","overlay-opacity":"","overlay-gradient":""},"tablet":{"background-color":"","background-image":"","background-repeat":"repeat","background-position":"center center","background-size":"auto","background-attachment":"scroll","background-type":"","background-media":"","overlay-type":"","overlay-color":"","overlay-opacity":"","overlay-gradient":""},"mobile":{"background-color":"","background-image":"","background-repeat":"repeat","background-position":"center center","background-size":"auto","background-attachment":"scroll","background-type":"","background-media":"","overlay-type":"","overlay-color":"","overlay-opacity":"","overlay-gradient":""}},"ast-content-background-meta":{"desktop":{"background-color":"var(--ast-global-color-5)","background-image":"","background-repeat":"repeat","background-position":"center center","background-size":"auto","background-attachment":"scroll","background-type":"","background-media":"","overlay-type":"","overlay-color":"","overlay-opacity":"","overlay-gradient":""},"tablet":{"background-color":"var(--ast-global-color-5)","background-image":"","background-repeat":"repeat","background-position":"center center","background-size":"auto","background-attachment":"scroll","background-type":"","background-media":"","overlay-type":"","overlay-color":"","overlay-opacity":"","overlay-gradient":""},"mobile":{"background-color":"var(--ast-global-color-5)","background-image":"","background-repeat":"repeat","background-position":"center center","background-size":"auto","background-attachment":"scroll","background-type":"","background-media":"","overlay-type":"","overlay-color":"","overlay-opacity":"","overlay-gradient":""}}},"product_brand":[],"product_cat":[3832],"product_tag":[457],"class_list":{"0":"post-37404","1":"product","2":"type-product","3":"status-publish","4":"has-post-thumbnail","6":"product_cat-hanftee","7":"product_tag-lebensmittel","8":"desktop-align-left","9":"tablet-align-left","10":"mobile-align-left","11":"ast-product-gallery-layout-horizontal-slider","12":"ast-magnify-disabled","13":"ast-product-single-variable","14":"ast-product-tabs-layout-horizontal","16":"first","17":"instock","18":"sale","19":"taxable","20":"shipping-taxable","21":"purchasable","22":"product-type-variable","23":"has-default-attributes"},"_links":{"self":[{"href":"https:\/\/staging.hempions.com\/ch\/wp-json\/wp\/v2\/product\/37404","targetHints":{"allow":["GET"]}}],"collection":[{"href":"https:\/\/staging.hempions.com\/ch\/wp-json\/wp\/v2\/product"}],"about":[{"href":"https:\/\/staging.hempions.com\/ch\/wp-json\/wp\/v2\/types\/product"}],"replies":[{"embeddable":true,"href":"https:\/\/staging.hempions.com\/ch\/wp-json\/wp\/v2\/comments?post=37404"}],"wp:featuredmedia":[{"embeddable":true,"href":"https:\/\/staging.hempions.com\/ch\/wp-json\/wp\/v2\/media\/115413"}],"wp:attachment":[{"href":"https:\/\/staging.hempions.com\/ch\/wp-json\/wp\/v2\/media?parent=37404"}],"wp:term":[{"taxonomy":"product_brand","embeddable":true,"href":"https:\/\/staging.hempions.com\/ch\/wp-json\/wp\/v2\/product_brand?post=37404"},{"taxonomy":"product_cat","embeddable":true,"href":"https:\/\/staging.hempions.com\/ch\/wp-json\/wp\/v2\/product_cat?post=37404"},{"taxonomy":"product_tag","embeddable":true,"href":"https:\/\/staging.hempions.com\/ch\/wp-json\/wp\/v2\/product_tag?post=37404"}],"curies":[{"name":"wp","href":"https:\/\/api.w.org\/{rel}","templated":true}]}}