{"id":37124,"date":"2018-03-26T23:36:50","date_gmt":"2018-03-26T21:36:50","guid":{"rendered":"https:\/\/www.thehempions.com\/?post_type=product&#038;p=37124"},"modified":"2025-12-09T15:02:27","modified_gmt":"2025-12-09T14:02:27","slug":"bio-hanfsamen-geschaelt","status":"publish","type":"product","link":"https:\/\/staging.hempions.com\/ch\/hanfsamen\/bio-hanfsamen-geschaelt\/","title":{"rendered":"Bio Hanfsamen gesch\u00e4lt"},"content":{"rendered":"<p><strong style=\"font-size: 1.7em;\">Kleine Herzen fu\u0308r gro\u00dfe Champions<\/strong><br \/>Hier kommt das pure Herz der Hanfsamen zum Vorschein &#8211; und damit deren geballte Kraft. Mit dem vitalen Multitalent startest du durch wie die gro\u0308\u00dften Champion aller Zeiten.<\/p>\n<ul>\n<li>Reich an essentiellen Omega-3 Fetts\u00e4uren.<\/li>\n<li>Ein hoher Gehalt an Eisen und Magnesium tr\u00e4gt zur Verringerung von M\u00fcdigkeit und Erm\u00fcdung bei.<\/li>\n<li>Reich an Zink, welches zum Schutz der Zellen vor oxidativem Stress beitr\u00e4gt.<\/li>\n<li>Pflanzliches Eiwei\u00df unterst\u00fctzt den Aufbau und die Erhaltung von Muskelmasse.<\/li>\n<\/ul>\n<h3><strong>Das steckt in Hanfsamen gesch\u00e4lt<\/strong><\/h3>\n<p>Zarte Bio Hanfsamen gescha\u0308lt aus O\u0308sterreich mit nussig-milder Note. Die Scha\u0308lung mit rein mechanischen Verfahren garantiert Rohkost-Qualita\u0308t.<\/p>\n<h3><strong>Hempions Tipps zur Anwendung<\/strong><\/h3>\n<p>Hanfsamen gescha\u0308lt passen ideal in Backwaren, Mu\u0308slis, Bowls, Fruchtsalate und Smoothies. Angero\u0308stet entfalten die Samen ein intensiv-nussiges Aroma und passen zu Fisch, Salaten und als universelles Topping. <span style=\"font-weight: 400;\">Des Weiteren k\u00f6nnen kreative B\u00e4cker die gesch\u00e4lten Bio Hanfsamen auch als <strong>Ersatz f\u00fcr N\u00fcsse<\/strong> wie Mandeln oder Haseln\u00fcsse in Kuchenrezepten verwenden. Gepaart mit unserem <strong><a href=\"\/ch\/p\/bio-hanfprotein-high-fiber\/\">Bio Hanfprotein High Fiber<\/a> <\/strong>werden die Backwaren so zu etwas ganz Besonderem. <\/span><span style=\"font-size: 16px;\">Weitere Ideen findest du in unserem gratis <\/span><strong style=\"font-size: 16px;\"><a href=\"https:\/\/staging.hempions.com\/ch\/rezeptbuch\/\">Rezept E-Book<\/a><\/strong><span style=\"font-size: 16px;\">.<\/span><\/p>\n<h3><strong>Mit einer Portion bestens versorgt <\/strong><\/h3>\n<p>Bereits eine Portion von 25 g Hanfsamen gesch\u00e4lt am Tag deckt den Bedarf an Omega-3 Fetts\u00e4uren (<strong><a href=\"https:\/\/www.dge.de\/wissenschaft\/referenzwerte\/fett\/\" target=\"_blank\" rel=\"noopener noreferrer\">laut den Richtwerten der DGE<\/a><\/strong>) sowie einen wesentlichen Teil des Bedarfs an Magnesium, Eisen und Zink. In der praktischen wiederverschlie\u00dfbaren Dose oder im Zip-Beutel sind die Hanfsamen gut vor Licht gesch\u00fctzt und k\u00f6nnen angenehm gelagert werden.<\/p>\n<h3><b>Verkehrsbezeichnung<\/b><\/h3>\n<p>Bio Hanfsamen gesch\u00e4lt<\/p>\n<h3 id=\"zutaten\"><strong>Zutaten<\/strong><\/h3>\n<p>100% Bio Hanfsamen gesch\u00e4lt*<br \/><span style=\"font-size: 14px;\">* aus kontrolliert biologischer Landwirtschaft<\/span><\/p>\n\n\n<div class=\"wp-block-pb-accordion-item c-accordion__item js-accordion-item no-js\"><h5 id=\"at-371240\" class=\"c-accordion__title js-accordion-controller\" role=\"button\"><strong>N\u00e4hrwerte<\/strong><\/h5><div id=\"ac-371240\" class=\"c-accordion__content\">\n<p class=\"eplus-wrapper eplus-styles-uid-6d634f\"><strong>Durchschnittliche N\u00e4hrwerte (pro 100 g):<\/strong><\/p>\n\n<figure class=\"wp-block-table eplus-wrapper\" style=\"font-size:14px\"><table><tbody><tr><td>Energie<\/td><td>2577 kJ \/ 623 kcal<\/td><\/tr><tr><td>Fett<\/td><td>53 g<\/td><\/tr><tr><td>&#8211; davon ges\u00e4ttigte Fetts\u00e4uren<\/td><td>5,8 g<\/td><\/tr><tr><td>&#8211; davon einfach unges\u00e4ttigte Fetts\u00e4uren<\/td><td>8,5 g<\/td><\/tr><tr><td>&#8211; davon mehrfach unges\u00e4ttigte Fetts\u00e4uren<\/td><td>39 g<\/td><\/tr><tr><td>Kohlenhydrate<\/td><td>2,5 g<\/td><\/tr><tr><td>&#8211; davon Zucker<\/td><td>2,5 g<\/td><\/tr><tr><td>Ballaststoffe<\/td><td>6,0 g<\/td><\/tr><tr><td>Eiwei\u00df<\/td><td>31 g<\/td><\/tr><tr><td>Salz<\/td><td>0,03 g<\/td><\/tr><\/tbody><\/table><\/figure>\n\n\n<figure class=\"wp-block-table eplus-wrapper\" style=\"font-size:14px\"><table><tbody><tr><td>Omega-3 Fetts\u00e4uren<\/td><td>8,0 g \/ 100 g<\/td><\/tr><tr><td>Eisen<\/td><td>12 mg \/ 100 g (86% NRV*)<\/td><\/tr><tr><td>Magnesium<\/td><td>650 mg \/ 100 g (173% NRV*)<\/td><\/tr><tr><td>Zink<\/td><td>10 mg \/ 100 g (100% NRV*)<\/td><\/tr><\/tbody><\/table><\/figure>\n\n<p class=\"eplus-wrapper eplus-styles-uid-bce8e2\">*empfohlene t\u00e4gliche Zufuhrmenge (NRV)<\/p>\n<\/div><\/div>\n\n\n<p>Bio Hanfsamen gesch\u00e4lt sind <strong>vegan<\/strong> und weisen <strong>keine berauschende Wirkung<\/strong> auf. Erntebedingt k\u00f6nnen Spuren von Gluten enthalten sein.<\/p>\n<h3><strong>Inhalt<\/strong><\/h3>\n<p>Nettof\u00fcllmenge: <strong>20<\/strong><strong>0 g<\/strong> oder <b>500 g<\/b><br \/>F\u00fcllh\u00f6he sowie N\u00e4hrstoffwerte unterliegen den bei Naturprodukten \u00fcblichen Schwankungen.<\/p>\n<h3><strong>Lagerung<\/strong><\/h3>\n<p>Gut verschlossen, trocken und vor W\u00e4rme gesch\u00fctzt lagern.<\/p>\n<h3 class=\"p5\"><b>Hinweis<\/b><\/h3>\n<p class=\"p3\">THC-Gehalt: &lt;0,01 %<br \/>CBD-Gehalt: &lt;0,01 %<br \/>Erntebedingt k\u00f6nnen Spuren von Cannabinoiden enthalten sein.<\/p>\n<p>Eine abwechslungsreiche, ausgewogene Ern\u00e4hrung, Bewegung und ein gesunder Lebensstil sind wichtig f\u00fcr die Gesundheit.<br \/>Verwende 50 g Bio Hanfsamen gesch\u00e4lt t\u00e4glich.<\/p>","protected":false},"excerpt":{"rendered":"<p>in Rohkostqualit\u00e4t, mild nussig<\/p>","protected":false},"featured_media":115429,"comment_status":"open","ping_status":"closed","template":"","meta":{"CBBTypography":[],"editor_plus_copied_stylings":"{}","site-sidebar-layout":"no-sidebar","site-content-layout":"default","ast-site-content-layout":"default","site-content-style":"default","site-sidebar-style":"default","ast-global-header-display":"","ast-banner-title-visibility":"","ast-main-header-display":"","ast-hfb-above-header-display":"","ast-hfb-below-header-display":"","ast-hfb-mobile-header-display":"","site-post-title":"","ast-breadcrumbs-content":"","ast-featured-img":"","footer-sml-layout":"","ast-disable-related-posts":"","theme-transparent-header-meta":"default","adv-header-id-meta":"","stick-header-meta":"default","header-above-stick-meta":"","header-main-stick-meta":"","header-below-stick-meta":"","astra-migrate-meta-layouts":"set","ast-page-background-enabled":"default","ast-page-background-meta":{"desktop":{"background-color":"","background-image":"","background-repeat":"repeat","background-position":"center center","background-size":"auto","background-attachment":"scroll","background-type":"","background-media":"","overlay-type":"","overlay-color":"","overlay-opacity":"","overlay-gradient":""},"tablet":{"background-color":"","background-image":"","background-repeat":"repeat","background-position":"center center","background-size":"auto","background-attachment":"scroll","background-type":"","background-media":"","overlay-type":"","overlay-color":"","overlay-opacity":"","overlay-gradient":""},"mobile":{"background-color":"","background-image":"","background-repeat":"repeat","background-position":"center center","background-size":"auto","background-attachment":"scroll","background-type":"","background-media":"","overlay-type":"","overlay-color":"","overlay-opacity":"","overlay-gradient":""}},"ast-content-background-meta":{"desktop":{"background-color":"var(--ast-global-color-5)","background-image":"","background-repeat":"repeat","background-position":"center center","background-size":"auto","background-attachment":"scroll","background-type":"","background-media":"","overlay-type":"","overlay-color":"","overlay-opacity":"","overlay-gradient":""},"tablet":{"background-color":"var(--ast-global-color-5)","background-image":"","background-repeat":"repeat","background-position":"center center","background-size":"auto","background-attachment":"scroll","background-type":"","background-media":"","overlay-type":"","overlay-color":"","overlay-opacity":"","overlay-gradient":""},"mobile":{"background-color":"var(--ast-global-color-5)","background-image":"","background-repeat":"repeat","background-position":"center center","background-size":"auto","background-attachment":"scroll","background-type":"","background-media":"","overlay-type":"","overlay-color":"","overlay-opacity":"","overlay-gradient":""}}},"product_brand":[],"product_cat":[3827],"product_tag":[457],"class_list":{"0":"post-37124","1":"product","2":"type-product","3":"status-publish","4":"has-post-thumbnail","6":"product_cat-hanfsamen","7":"product_tag-lebensmittel","8":"desktop-align-left","9":"tablet-align-left","10":"mobile-align-left","11":"ast-product-gallery-layout-horizontal-slider","12":"ast-magnify-disabled","13":"ast-product-single-variable","14":"ast-product-tabs-layout-horizontal","16":"first","17":"instock","18":"sale","19":"taxable","20":"shipping-taxable","21":"purchasable","22":"product-type-variable","23":"has-default-attributes"},"_links":{"self":[{"href":"https:\/\/staging.hempions.com\/ch\/wp-json\/wp\/v2\/product\/37124","targetHints":{"allow":["GET"]}}],"collection":[{"href":"https:\/\/staging.hempions.com\/ch\/wp-json\/wp\/v2\/product"}],"about":[{"href":"https:\/\/staging.hempions.com\/ch\/wp-json\/wp\/v2\/types\/product"}],"replies":[{"embeddable":true,"href":"https:\/\/staging.hempions.com\/ch\/wp-json\/wp\/v2\/comments?post=37124"}],"wp:featuredmedia":[{"embeddable":true,"href":"https:\/\/staging.hempions.com\/ch\/wp-json\/wp\/v2\/media\/115429"}],"wp:attachment":[{"href":"https:\/\/staging.hempions.com\/ch\/wp-json\/wp\/v2\/media?parent=37124"}],"wp:term":[{"taxonomy":"product_brand","embeddable":true,"href":"https:\/\/staging.hempions.com\/ch\/wp-json\/wp\/v2\/product_brand?post=37124"},{"taxonomy":"product_cat","embeddable":true,"href":"https:\/\/staging.hempions.com\/ch\/wp-json\/wp\/v2\/product_cat?post=37124"},{"taxonomy":"product_tag","embeddable":true,"href":"https:\/\/staging.hempions.com\/ch\/wp-json\/wp\/v2\/product_tag?post=37124"}],"curies":[{"name":"wp","href":"https:\/\/api.w.org\/{rel}","templated":true}]}}