{"id":48232,"date":"2020-04-22T10:02:01","date_gmt":"2020-04-22T08:02:01","guid":{"rendered":"https:\/\/hempions.com\/?page_id=48232"},"modified":"2025-05-12T12:21:25","modified_gmt":"2025-05-12T10:21:25","slug":"fabian-braitsch","status":"publish","type":"page","link":"https:\/\/staging.hempions.com\/ch\/team\/fabian-braitsch\/","title":{"rendered":"Fabian Braitsch &#8211; Hempions Gr\u00fcnder"},"content":{"rendered":"<div class=\"inherit-container-width wp-block-group eplus-wrapper is-layout-constrained wp-block-group-is-layout-constrained eplus-styles-uid-635f6f\"><div class=\"wp-block-group__inner-container\"><div class=\"inherit-container-width wp-block-group eplus-wrapper is-layout-constrained wp-block-group-is-layout-constrained eplus-styles-uid-e6c978\"><div class=\"wp-block-group__inner-container\">\n<h1 class=\"wp-block-heading has-text-align-center eplus-wrapper\"><strong>Fabian Braitsch<\/strong><\/h1>\n\n\n<h2 class=\"wp-block-heading has-text-align-center eplus-wrapper eplus-styles-uid-d66b37\">Hempions Gr\u00fcnder &amp; ehemaliger Ski-Profi<\/h2><\/div><\/div>\n\n<figure class=\"wp-block-image aligncenter size-large eplus-wrapper eplus-styles-uid-96e77f\"><img loading=\"lazy\" decoding=\"async\" width=\"800\" height=\"800\" src=\"https:\/\/hempions.com\/wp-content\/uploads\/Fabian-Braitsch-Profilbild-2025-800x800.jpg\" alt=\"\" class=\"wp-image-116476\" title=\"\" srcset=\"https:\/\/staging.hempions.com\/wp-content\/uploads\/Fabian-Braitsch-Profilbild-2025-800x800.jpg 800w, https:\/\/staging.hempions.com\/wp-content\/uploads\/Fabian-Braitsch-Profilbild-2025-1000x1000.jpg 1000w, https:\/\/staging.hempions.com\/wp-content\/uploads\/Fabian-Braitsch-Profilbild-2025-100x100.jpg 100w, https:\/\/staging.hempions.com\/wp-content\/uploads\/Fabian-Braitsch-Profilbild-2025-600x600.jpg 600w, https:\/\/staging.hempions.com\/wp-content\/uploads\/Fabian-Braitsch-Profilbild-2025-300x300.jpg 300w, https:\/\/staging.hempions.com\/wp-content\/uploads\/Fabian-Braitsch-Profilbild-2025-150x150.jpg 150w, https:\/\/staging.hempions.com\/wp-content\/uploads\/Fabian-Braitsch-Profilbild-2025-768x768.jpg 768w, https:\/\/staging.hempions.com\/wp-content\/uploads\/Fabian-Braitsch-Profilbild-2025-1536x1536.jpg 1536w, https:\/\/staging.hempions.com\/wp-content\/uploads\/Fabian-Braitsch-Profilbild-2025-2048x2048.jpg 2048w, https:\/\/staging.hempions.com\/wp-content\/uploads\/Fabian-Braitsch-Profilbild-2025-12x12.jpg 12w, https:\/\/staging.hempions.com\/wp-content\/uploads\/Fabian-Braitsch-Profilbild-2025-60x60.jpg 60w, https:\/\/staging.hempions.com\/wp-content\/uploads\/Fabian-Braitsch-Profilbild-2025-110x110.jpg 110w, https:\/\/staging.hempions.com\/wp-content\/uploads\/Fabian-Braitsch-Profilbild-2025-24x24.jpg 24w, https:\/\/staging.hempions.com\/wp-content\/uploads\/Fabian-Braitsch-Profilbild-2025-48x48.jpg 48w, https:\/\/staging.hempions.com\/wp-content\/uploads\/Fabian-Braitsch-Profilbild-2025-96x96.jpg 96w, https:\/\/staging.hempions.com\/wp-content\/uploads\/Fabian-Braitsch-Profilbild-2025-90x90.jpg 90w\" sizes=\"auto, (max-width: 800px) 100vw, 800px\" \/><\/figure><\/div><\/div>\n\n<div class=\"inherit-container-width wp-block-group eplus-wrapper is-layout-constrained wp-block-group-is-layout-constrained eplus-styles-uid-bb1356\"><div class=\"wp-block-group__inner-container\"><div class=\"inherit-container-width wp-block-group eplus-wrapper is-layout-constrained wp-block-group-is-layout-constrained eplus-styles-uid-37a318\"><div class=\"wp-block-group__inner-container\">\n<p class=\"eplus-wrapper\">Fabian liebt es, neue Menschen und Kulturen kennenzulernen. Der Ski Europacup Sieger ist bei Hempions f\u00fcr Vertrieb und Marketing zust\u00e4ndig. Zudem f\u00fchrt er gemeinsam mit Bruder Florian die Gesch\u00e4fte bei Hempions. Fabian hat immer ein L\u00e4cheln im Gesicht, ist zielstrebig und am liebsten auf der ganzen Welt unterwegs.<\/p>\n\n\n<ul class=\"wp-block-list eplus-wrapper eplus-styles-uid-691cbf\">\n<li class=\"eplus-wrapper\"><strong>Motto:\u00a0<\/strong>Warum nicht?<\/li>\n\n\n\n<li class=\"eplus-wrapper\"><strong>Sport:\u00a0<\/strong>\u00a0Ski Freestyle<\/li>\n\n\n\n<li class=\"eplus-wrapper\"><strong>Gr\u00f6\u00dfter Erfolg:\u00a0<\/strong>\u00a0Gesamtsieg Europacup, Universiade-Goldmedaille in Granada, 2015.<\/li>\n\n\n\n<li class=\"eplus-wrapper\"><strong>Funfact: <\/strong>Fabian hat sich \u00fcber 22 Tage ausschlie\u00dflich von Hanf ern\u00e4hrt<\/li>\n\n\n\n<li class=\"eplus-wrapper\"><strong>Instagram:\u00a0<\/strong><a href=\"https:\/\/www.instagram.com\/fabianbraitsch\/\" target=\"_blank\" rel=\"noopener\">@fabianbraitsch<\/a><\/li>\n\n\n\n<li class=\"eplus-wrapper\"><strong>Lieblingsprodukt:\u00a0<\/strong><a href=\"\/ch\/p-cat\/lebensmittel\/hanfcrunchies\/\">Hanf Crunchies<\/a>, da kann ich nicht aufh\u00f6ren zu snacken<\/li>\n<\/ul>\n\n<div class=\"inherit-container-width wp-block-group eplus-wrapper is-layout-constrained wp-block-group-is-layout-constrained eplus-styles-uid-914211\"><div class=\"wp-block-group__inner-container\"><p class=\"eplus-wrapper eplus-styles-uid-c54caa\"><em>\u201eMich faszinieren die Welt der Lebensmittel und das Potential der Hanfpflanze f\u00fcr eine bessere Zukunft gleicherma\u00dfen. Bei Hempions kann ich beides miteinander verbinden und mit Begeisterung am Essen der Zukunft arbeiten, das dem Gaumen, K\u00f6rper und der Umwelt wirklich schmeckt.<\/em><strong><strong><em>\u201d<\/em><\/strong><\/strong><\/p><\/div><\/div><\/div><\/div>\n\n<div class=\"inherit-container-width wp-block-group eplus-wrapper is-layout-constrained wp-block-group-is-layout-constrained eplus-styles-uid-e48684\"><div class=\"wp-block-group__inner-container\"><figure class=\"wp-block-image aligncenter size-large eplus-wrapper eplus-styles-uid-837380\"><img loading=\"lazy\" decoding=\"async\" width=\"800\" height=\"469\" src=\"https:\/\/hempions.com\/wp-content\/uploads\/FabianAction-800x469.jpg\" alt=\"\" class=\"wp-image-48238\" title=\"\" srcset=\"https:\/\/staging.hempions.com\/wp-content\/uploads\/FabianAction-800x469.jpg 800w, https:\/\/staging.hempions.com\/wp-content\/uploads\/FabianAction-600x352.jpg 600w, https:\/\/staging.hempions.com\/wp-content\/uploads\/FabianAction-300x176.jpg 300w, https:\/\/staging.hempions.com\/wp-content\/uploads\/FabianAction-768x450.jpg 768w, https:\/\/staging.hempions.com\/wp-content\/uploads\/FabianAction-1536x901.jpg 1536w, https:\/\/staging.hempions.com\/wp-content\/uploads\/FabianAction.jpg 1920w\" sizes=\"auto, (max-width: 800px) 100vw, 800px\" \/><\/figure><\/div><\/div>\n\n<div class=\"inherit-container-width wp-block-group eplus-wrapper is-layout-constrained wp-block-group-is-layout-constrained eplus-styles-uid-c4a530\"><div class=\"wp-block-group__inner-container\"><p class=\"eplus-wrapper eplus-styles-uid-f6c4c2\"><b><strong>Wieso bist du bei Hempions?<\/strong><\/b><\/p>\n\n\n<p class=\"eplus-wrapper\">Meine Berufung bei Hempions macht mir viel Freude und gibt mir Sinn. Hanf ist f\u00fcr mich die Pflanze mit dem gr\u00f6\u00dften Potential f\u00fcr eine bessere Zukunft. Bei Hempions kann ich t\u00e4glich mein bestes geben und wei\u00df, dass es sich lohnen wird.<\/p>\n\n\n<ul class=\"wp-block-list eplus-wrapper eplus-styles-uid-6c4386\">\n<li class=\"eplus-wrapper\">Umweltfreundlicher Anbau auf der ganzen Welt<\/li>\n\n\n\n<li class=\"eplus-wrapper\">Nutzung der ganzen Pflanze: Nichts ist nutzlos<\/li>\n\n\n\n<li class=\"eplus-wrapper\">Hanf ist Basis f\u00fcr zehntausende Produkte aus nachhaltiger Wertsch\u00f6pfung<\/li>\n<\/ul>\n\n\n<p class=\"eplus-wrapper\"><strong>Was willst du mit Hempions erreichen?<\/strong><\/p>\n\n\n\n<p class=\"eplus-wrapper\">Ich m\u00f6chte mit Hempions Positives bewirken. Es ist Zeit, Unternehmen aufzubauen, die von Grund auf eine besseren Zukunft von Natur und Mensch erm\u00f6glichen. Ich geh\u00f6re zu der ersten Generation, die mit den Folgen der Ausbeutung unseres Planten leben muss. Auf die Frage, was wir denn gegen die Zerst\u00f6rung des Planeten getan haben m\u00f6chte ich antworten k\u00f6nnen: &#8222;Unser Bestes!&#8220;<\/p>\n<\/div><\/div><\/div><\/div>\n\n<div class=\"inherit-container-width wp-block-group eplus-wrapper is-layout-constrained wp-block-group-is-layout-constrained eplus-styles-uid-e48684\"><div class=\"wp-block-group__inner-container\">\n<div class=\"wp-block-boldblocks-carousel-item-repeater cbb-block-parent is-carousel js-carousel-layout cbb-g-1 cbb-carousel-preload\" data-carousel-settings=\"{&amp;quot;speed&amp;quot;:300,&amp;quot;loop&amp;quot;:true,&amp;quot;rewind&amp;quot;:false,&amp;quot;autoplay&amp;quot;:{&amp;quot;delay&amp;quot;:3000},&amp;quot;effect&amp;quot;:&amp;quot;slide&amp;quot;,&amp;quot;slidesPerView&amp;quot;:1,&amp;quot;breakpoints&amp;quot;:{&amp;quot;576&amp;quot;:{&amp;quot;slidesPerView&amp;quot;:1,&amp;quot;slidesPerGroup&amp;quot;:1},&amp;quot;768&amp;quot;:{&amp;quot;slidesPerView&amp;quot;:2,&amp;quot;slidesPerGroup&amp;quot;:1}},&amp;quot;centeredSlides&amp;quot;:false,&amp;quot;pagination&amp;quot;:true,&amp;quot;paginationSettings&amp;quot;:{&amp;quot;enable&amp;quot;:true,&amp;quot;size&amp;quot;:&amp;quot;12px&amp;quot;,&amp;quot;spacing&amp;quot;:&amp;quot;10px&amp;quot;,&amp;quot;color&amp;quot;:&amp;quot;&amp;quot;,&amp;quot;inactiveColor&amp;quot;:&amp;quot;&amp;quot;,&amp;quot;opacity&amp;quot;:0.3,&amp;quot;dynamicBullets&amp;quot;:true,&amp;quot;horizontalGap&amp;quot;:&amp;quot;5px&amp;quot;},&amp;quot;navigation&amp;quot;:false,&amp;quot;scrollbar&amp;quot;:false}\"><div class=\"carousel__inner\">\n<div class=\"wp-block-boldblocks-carousel-item cbb-block is-carousel-item has-parent carousel-item is-layout-flow wp-block-boldblocks-carousel-item-is-layout-flow\">\n<figure class=\"wp-block-image size-large eplus-wrapper\"><img loading=\"lazy\" decoding=\"async\" width=\"800\" height=\"800\" src=\"https:\/\/hempions.com\/wp-content\/uploads\/Fabian-beim-Markt-fuer-Hempions-800x800.jpg\" alt=\"\" class=\"wp-image-78204\" title=\"\" srcset=\"https:\/\/staging.hempions.com\/wp-content\/uploads\/Fabian-beim-Markt-fuer-Hempions-800x800.jpg 800w, https:\/\/staging.hempions.com\/wp-content\/uploads\/Fabian-beim-Markt-fuer-Hempions-100x100.jpg 100w, https:\/\/staging.hempions.com\/wp-content\/uploads\/Fabian-beim-Markt-fuer-Hempions-600x600.jpg 600w, https:\/\/staging.hempions.com\/wp-content\/uploads\/Fabian-beim-Markt-fuer-Hempions-300x300.jpg 300w, https:\/\/staging.hempions.com\/wp-content\/uploads\/Fabian-beim-Markt-fuer-Hempions-150x150.jpg 150w, https:\/\/staging.hempions.com\/wp-content\/uploads\/Fabian-beim-Markt-fuer-Hempions-768x768.jpg 768w, https:\/\/staging.hempions.com\/wp-content\/uploads\/Fabian-beim-Markt-fuer-Hempions-12x12.jpg 12w, https:\/\/staging.hempions.com\/wp-content\/uploads\/Fabian-beim-Markt-fuer-Hempions-60x60.jpg 60w, https:\/\/staging.hempions.com\/wp-content\/uploads\/Fabian-beim-Markt-fuer-Hempions-110x110.jpg 110w, https:\/\/staging.hempions.com\/wp-content\/uploads\/Fabian-beim-Markt-fuer-Hempions-24x24.jpg 24w, https:\/\/staging.hempions.com\/wp-content\/uploads\/Fabian-beim-Markt-fuer-Hempions-48x48.jpg 48w, https:\/\/staging.hempions.com\/wp-content\/uploads\/Fabian-beim-Markt-fuer-Hempions-96x96.jpg 96w, https:\/\/staging.hempions.com\/wp-content\/uploads\/Fabian-beim-Markt-fuer-Hempions-32x32.jpg 32w, https:\/\/staging.hempions.com\/wp-content\/uploads\/Fabian-beim-Markt-fuer-Hempions.jpg 1000w\" sizes=\"auto, (max-width: 800px) 100vw, 800px\" \/><\/figure>\n<\/div>\n\n\n\n<div class=\"wp-block-boldblocks-carousel-item cbb-block is-carousel-item has-parent carousel-item is-layout-flow wp-block-boldblocks-carousel-item-is-layout-flow\">\n<figure class=\"wp-block-image size-large eplus-wrapper\"><img loading=\"lazy\" decoding=\"async\" width=\"800\" height=\"800\" src=\"https:\/\/hempions.com\/wp-content\/uploads\/Fabian-Goldmedaillengewinner-bei-der-Universiade-800x800.jpeg\" alt=\"\" class=\"wp-image-78206\" title=\"\" srcset=\"https:\/\/staging.hempions.com\/wp-content\/uploads\/Fabian-Goldmedaillengewinner-bei-der-Universiade-800x800.jpeg 800w, https:\/\/staging.hempions.com\/wp-content\/uploads\/Fabian-Goldmedaillengewinner-bei-der-Universiade-100x100.jpeg 100w, https:\/\/staging.hempions.com\/wp-content\/uploads\/Fabian-Goldmedaillengewinner-bei-der-Universiade-600x600.jpeg 600w, https:\/\/staging.hempions.com\/wp-content\/uploads\/Fabian-Goldmedaillengewinner-bei-der-Universiade-300x300.jpeg 300w, https:\/\/staging.hempions.com\/wp-content\/uploads\/Fabian-Goldmedaillengewinner-bei-der-Universiade-150x150.jpeg 150w, https:\/\/staging.hempions.com\/wp-content\/uploads\/Fabian-Goldmedaillengewinner-bei-der-Universiade-768x768.jpeg 768w, https:\/\/staging.hempions.com\/wp-content\/uploads\/Fabian-Goldmedaillengewinner-bei-der-Universiade-12x12.jpeg 12w, https:\/\/staging.hempions.com\/wp-content\/uploads\/Fabian-Goldmedaillengewinner-bei-der-Universiade-60x60.jpeg 60w, https:\/\/staging.hempions.com\/wp-content\/uploads\/Fabian-Goldmedaillengewinner-bei-der-Universiade-110x110.jpeg 110w, https:\/\/staging.hempions.com\/wp-content\/uploads\/Fabian-Goldmedaillengewinner-bei-der-Universiade-24x24.jpeg 24w, https:\/\/staging.hempions.com\/wp-content\/uploads\/Fabian-Goldmedaillengewinner-bei-der-Universiade-48x48.jpeg 48w, https:\/\/staging.hempions.com\/wp-content\/uploads\/Fabian-Goldmedaillengewinner-bei-der-Universiade-96x96.jpeg 96w, https:\/\/staging.hempions.com\/wp-content\/uploads\/Fabian-Goldmedaillengewinner-bei-der-Universiade-32x32.jpeg 32w, https:\/\/staging.hempions.com\/wp-content\/uploads\/Fabian-Goldmedaillengewinner-bei-der-Universiade.jpeg 1000w\" sizes=\"auto, (max-width: 800px) 100vw, 800px\" \/><\/figure>\n<\/div>\n\n\n\n<div class=\"wp-block-boldblocks-carousel-item cbb-block is-carousel-item has-parent carousel-item is-layout-flow wp-block-boldblocks-carousel-item-is-layout-flow\">\n<figure class=\"wp-block-image size-large eplus-wrapper\"><img loading=\"lazy\" decoding=\"async\" width=\"800\" height=\"800\" src=\"https:\/\/hempions.com\/wp-content\/uploads\/Fabian-am-Freeskien-800x800.jpg\" alt=\"\" class=\"wp-image-78225\" title=\"\" srcset=\"https:\/\/staging.hempions.com\/wp-content\/uploads\/Fabian-am-Freeskien-800x800.jpg 800w, https:\/\/staging.hempions.com\/wp-content\/uploads\/Fabian-am-Freeskien-100x100.jpg 100w, https:\/\/staging.hempions.com\/wp-content\/uploads\/Fabian-am-Freeskien-600x600.jpg 600w, https:\/\/staging.hempions.com\/wp-content\/uploads\/Fabian-am-Freeskien-300x300.jpg 300w, https:\/\/staging.hempions.com\/wp-content\/uploads\/Fabian-am-Freeskien-150x150.jpg 150w, https:\/\/staging.hempions.com\/wp-content\/uploads\/Fabian-am-Freeskien-768x768.jpg 768w, https:\/\/staging.hempions.com\/wp-content\/uploads\/Fabian-am-Freeskien-12x12.jpg 12w, https:\/\/staging.hempions.com\/wp-content\/uploads\/Fabian-am-Freeskien-60x60.jpg 60w, https:\/\/staging.hempions.com\/wp-content\/uploads\/Fabian-am-Freeskien-110x110.jpg 110w, https:\/\/staging.hempions.com\/wp-content\/uploads\/Fabian-am-Freeskien-24x24.jpg 24w, https:\/\/staging.hempions.com\/wp-content\/uploads\/Fabian-am-Freeskien-48x48.jpg 48w, https:\/\/staging.hempions.com\/wp-content\/uploads\/Fabian-am-Freeskien-96x96.jpg 96w, https:\/\/staging.hempions.com\/wp-content\/uploads\/Fabian-am-Freeskien-32x32.jpg 32w, https:\/\/staging.hempions.com\/wp-content\/uploads\/Fabian-am-Freeskien.jpg 1000w\" sizes=\"auto, (max-width: 800px) 100vw, 800px\" \/><\/figure>\n<\/div>\n\n\n\n<div class=\"wp-block-boldblocks-carousel-item cbb-block is-carousel-item has-parent carousel-item is-layout-flow wp-block-boldblocks-carousel-item-is-layout-flow\">\n<figure class=\"wp-block-image size-large eplus-wrapper\"><img loading=\"lazy\" decoding=\"async\" width=\"800\" height=\"800\" src=\"https:\/\/hempions.com\/wp-content\/uploads\/Fabian-im-Hanffeld-800x800.jpg\" alt=\"\" class=\"wp-image-78205\" title=\"\" srcset=\"https:\/\/staging.hempions.com\/wp-content\/uploads\/Fabian-im-Hanffeld-800x800.jpg 800w, https:\/\/staging.hempions.com\/wp-content\/uploads\/Fabian-im-Hanffeld-100x100.jpg 100w, https:\/\/staging.hempions.com\/wp-content\/uploads\/Fabian-im-Hanffeld-600x600.jpg 600w, https:\/\/staging.hempions.com\/wp-content\/uploads\/Fabian-im-Hanffeld-300x300.jpg 300w, https:\/\/staging.hempions.com\/wp-content\/uploads\/Fabian-im-Hanffeld-150x150.jpg 150w, https:\/\/staging.hempions.com\/wp-content\/uploads\/Fabian-im-Hanffeld-768x768.jpg 768w, https:\/\/staging.hempions.com\/wp-content\/uploads\/Fabian-im-Hanffeld-12x12.jpg 12w, https:\/\/staging.hempions.com\/wp-content\/uploads\/Fabian-im-Hanffeld-60x60.jpg 60w, https:\/\/staging.hempions.com\/wp-content\/uploads\/Fabian-im-Hanffeld-110x110.jpg 110w, https:\/\/staging.hempions.com\/wp-content\/uploads\/Fabian-im-Hanffeld-24x24.jpg 24w, https:\/\/staging.hempions.com\/wp-content\/uploads\/Fabian-im-Hanffeld-48x48.jpg 48w, https:\/\/staging.hempions.com\/wp-content\/uploads\/Fabian-im-Hanffeld-96x96.jpg 96w, https:\/\/staging.hempions.com\/wp-content\/uploads\/Fabian-im-Hanffeld-32x32.jpg 32w, https:\/\/staging.hempions.com\/wp-content\/uploads\/Fabian-im-Hanffeld.jpg 1000w\" sizes=\"auto, (max-width: 800px) 100vw, 800px\" \/><\/figure>\n<\/div>\n\n\n\n<div class=\"wp-block-boldblocks-carousel-item cbb-block is-carousel-item has-parent carousel-item is-layout-flow wp-block-boldblocks-carousel-item-is-layout-flow\">\n<figure class=\"wp-block-image size-large eplus-wrapper\"><img loading=\"lazy\" decoding=\"async\" width=\"800\" height=\"800\" src=\"https:\/\/hempions.com\/wp-content\/uploads\/Fabian-am-Posieren-mit-den-Ski-800x800.jpg\" alt=\"\" class=\"wp-image-78222\" title=\"\" srcset=\"https:\/\/staging.hempions.com\/wp-content\/uploads\/Fabian-am-Posieren-mit-den-Ski-800x800.jpg 800w, https:\/\/staging.hempions.com\/wp-content\/uploads\/Fabian-am-Posieren-mit-den-Ski-100x100.jpg 100w, https:\/\/staging.hempions.com\/wp-content\/uploads\/Fabian-am-Posieren-mit-den-Ski-600x600.jpg 600w, https:\/\/staging.hempions.com\/wp-content\/uploads\/Fabian-am-Posieren-mit-den-Ski-300x300.jpg 300w, https:\/\/staging.hempions.com\/wp-content\/uploads\/Fabian-am-Posieren-mit-den-Ski-150x150.jpg 150w, https:\/\/staging.hempions.com\/wp-content\/uploads\/Fabian-am-Posieren-mit-den-Ski-768x768.jpg 768w, https:\/\/staging.hempions.com\/wp-content\/uploads\/Fabian-am-Posieren-mit-den-Ski-12x12.jpg 12w, https:\/\/staging.hempions.com\/wp-content\/uploads\/Fabian-am-Posieren-mit-den-Ski-60x60.jpg 60w, https:\/\/staging.hempions.com\/wp-content\/uploads\/Fabian-am-Posieren-mit-den-Ski-110x110.jpg 110w, https:\/\/staging.hempions.com\/wp-content\/uploads\/Fabian-am-Posieren-mit-den-Ski-24x24.jpg 24w, https:\/\/staging.hempions.com\/wp-content\/uploads\/Fabian-am-Posieren-mit-den-Ski-48x48.jpg 48w, https:\/\/staging.hempions.com\/wp-content\/uploads\/Fabian-am-Posieren-mit-den-Ski-96x96.jpg 96w, https:\/\/staging.hempions.com\/wp-content\/uploads\/Fabian-am-Posieren-mit-den-Ski-32x32.jpg 32w, https:\/\/staging.hempions.com\/wp-content\/uploads\/Fabian-am-Posieren-mit-den-Ski.jpg 1000w\" sizes=\"auto, (max-width: 800px) 100vw, 800px\" \/><\/figure>\n<\/div>\n\n\n\n<div class=\"wp-block-boldblocks-carousel-item cbb-block is-carousel-item has-parent carousel-item is-layout-flow wp-block-boldblocks-carousel-item-is-layout-flow\">\n<figure class=\"wp-block-image size-large eplus-wrapper\"><img loading=\"lazy\" decoding=\"async\" width=\"800\" height=\"800\" src=\"https:\/\/hempions.com\/wp-content\/uploads\/Fabian-am-Freeskien-mit-Aussicht-800x800.jpg\" alt=\"\" class=\"wp-image-78224\" title=\"\" srcset=\"https:\/\/staging.hempions.com\/wp-content\/uploads\/Fabian-am-Freeskien-mit-Aussicht-800x800.jpg 800w, https:\/\/staging.hempions.com\/wp-content\/uploads\/Fabian-am-Freeskien-mit-Aussicht-100x100.jpg 100w, https:\/\/staging.hempions.com\/wp-content\/uploads\/Fabian-am-Freeskien-mit-Aussicht-600x600.jpg 600w, https:\/\/staging.hempions.com\/wp-content\/uploads\/Fabian-am-Freeskien-mit-Aussicht-300x300.jpg 300w, https:\/\/staging.hempions.com\/wp-content\/uploads\/Fabian-am-Freeskien-mit-Aussicht-150x150.jpg 150w, https:\/\/staging.hempions.com\/wp-content\/uploads\/Fabian-am-Freeskien-mit-Aussicht-768x768.jpg 768w, https:\/\/staging.hempions.com\/wp-content\/uploads\/Fabian-am-Freeskien-mit-Aussicht-12x12.jpg 12w, https:\/\/staging.hempions.com\/wp-content\/uploads\/Fabian-am-Freeskien-mit-Aussicht-60x60.jpg 60w, https:\/\/staging.hempions.com\/wp-content\/uploads\/Fabian-am-Freeskien-mit-Aussicht-110x110.jpg 110w, https:\/\/staging.hempions.com\/wp-content\/uploads\/Fabian-am-Freeskien-mit-Aussicht-24x24.jpg 24w, https:\/\/staging.hempions.com\/wp-content\/uploads\/Fabian-am-Freeskien-mit-Aussicht-48x48.jpg 48w, https:\/\/staging.hempions.com\/wp-content\/uploads\/Fabian-am-Freeskien-mit-Aussicht-96x96.jpg 96w, https:\/\/staging.hempions.com\/wp-content\/uploads\/Fabian-am-Freeskien-mit-Aussicht-32x32.jpg 32w, https:\/\/staging.hempions.com\/wp-content\/uploads\/Fabian-am-Freeskien-mit-Aussicht.jpg 1000w\" sizes=\"auto, (max-width: 800px) 100vw, 800px\" \/><\/figure>\n<\/div>\n<\/div><\/div>\n<\/div><\/div>","protected":false},"excerpt":{"rendered":"<p> [&hellip;]<\/p>","protected":false},"author":6,"featured_media":78072,"parent":1883,"menu_order":0,"comment_status":"closed","ping_status":"closed","template":"","meta":{"CBBTypography":[],"editor_plus_copied_stylings":"{}","site-sidebar-layout":"default","site-content-layout":"page-builder","ast-site-content-layout":"full-width-container","site-content-style":"unboxed","site-sidebar-style":"unboxed","ast-global-header-display":"","ast-banner-title-visibility":"disabled","ast-main-header-display":"","ast-hfb-above-header-display":"","ast-hfb-below-header-display":"","ast-hfb-mobile-header-display":"","site-post-title":"disabled","ast-breadcrumbs-content":"","ast-featured-img":"","footer-sml-layout":"","ast-disable-related-posts":"","theme-transparent-header-meta":"default","adv-header-id-meta":"","stick-header-meta":"default","header-above-stick-meta":"","header-main-stick-meta":"","header-below-stick-meta":"","astra-migrate-meta-layouts":"set","ast-page-background-enabled":"default","ast-page-background-meta":{"desktop":{"background-color":"","background-image":"","background-repeat":"repeat","background-position":"center center","background-size":"auto","background-attachment":"scroll","background-type":"","background-media":"","overlay-type":"","overlay-color":"","overlay-opacity":"","overlay-gradient":""},"tablet":{"background-color":"","background-image":"","background-repeat":"repeat","background-position":"center center","background-size":"auto","background-attachment":"scroll","background-type":"","background-media":"","overlay-type":"","overlay-color":"","overlay-opacity":"","overlay-gradient":""},"mobile":{"background-color":"","background-image":"","background-repeat":"repeat","background-position":"center center","background-size":"auto","background-attachment":"scroll","background-type":"","background-media":"","overlay-type":"","overlay-color":"","overlay-opacity":"","overlay-gradient":""}},"ast-content-background-meta":{"desktop":{"background-color":"var(--ast-global-color-5)","background-image":"","background-repeat":"repeat","background-position":"center center","background-size":"auto","background-attachment":"scroll","background-type":"","background-media":"","overlay-type":"","overlay-color":"","overlay-opacity":"","overlay-gradient":""},"tablet":{"background-color":"var(--ast-global-color-5)","background-image":"","background-repeat":"repeat","background-position":"center center","background-size":"auto","background-attachment":"scroll","background-type":"","background-media":"","overlay-type":"","overlay-color":"","overlay-opacity":"","overlay-gradient":""},"mobile":{"background-color":"var(--ast-global-color-5)","background-image":"","background-repeat":"repeat","background-position":"center center","background-size":"auto","background-attachment":"scroll","background-type":"","background-media":"","overlay-type":"","overlay-color":"","overlay-opacity":"","overlay-gradient":""}},"footnotes":""},"class_list":["post-48232","page","type-page","status-publish","has-post-thumbnail","hentry"],"_links":{"self":[{"href":"https:\/\/staging.hempions.com\/ch\/wp-json\/wp\/v2\/pages\/48232","targetHints":{"allow":["GET"]}}],"collection":[{"href":"https:\/\/staging.hempions.com\/ch\/wp-json\/wp\/v2\/pages"}],"about":[{"href":"https:\/\/staging.hempions.com\/ch\/wp-json\/wp\/v2\/types\/page"}],"author":[{"embeddable":true,"href":"https:\/\/staging.hempions.com\/ch\/wp-json\/wp\/v2\/users\/6"}],"replies":[{"embeddable":true,"href":"https:\/\/staging.hempions.com\/ch\/wp-json\/wp\/v2\/comments?post=48232"}],"version-history":[{"count":3,"href":"https:\/\/staging.hempions.com\/ch\/wp-json\/wp\/v2\/pages\/48232\/revisions"}],"predecessor-version":[{"id":116481,"href":"https:\/\/staging.hempions.com\/ch\/wp-json\/wp\/v2\/pages\/48232\/revisions\/116481"}],"up":[{"embeddable":true,"href":"https:\/\/staging.hempions.com\/ch\/wp-json\/wp\/v2\/pages\/1883"}],"wp:featuredmedia":[{"embeddable":true,"href":"https:\/\/staging.hempions.com\/ch\/wp-json\/wp\/v2\/media\/78072"}],"wp:attachment":[{"href":"https:\/\/staging.hempions.com\/ch\/wp-json\/wp\/v2\/media?parent=48232"}],"curies":[{"name":"wp","href":"https:\/\/api.w.org\/{rel}","templated":true}]}}