{"id":48231,"date":"2020-04-22T09:33:59","date_gmt":"2020-04-22T07:33:59","guid":{"rendered":"https:\/\/hempions.com\/?page_id=48231"},"modified":"2025-05-12T12:21:13","modified_gmt":"2025-05-12T10:21:13","slug":"florian-braitsch","status":"publish","type":"page","link":"https:\/\/staging.hempions.com\/ch\/team\/florian-braitsch\/","title":{"rendered":"Florian Braitsch &#8211; Hempions Gr\u00fcnder"},"content":{"rendered":"<div class=\"inherit-container-width wp-block-group eplus-wrapper is-layout-constrained wp-block-group-is-layout-constrained eplus-styles-uid-635f6f\"><div class=\"wp-block-group__inner-container\"><div class=\"inherit-container-width wp-block-group eplus-wrapper is-layout-constrained wp-block-group-is-layout-constrained eplus-styles-uid-e6c978\"><div class=\"wp-block-group__inner-container\">\n<h1 class=\"wp-block-heading has-text-align-center eplus-wrapper\"><strong>Florian Braitsch<\/strong><\/h1>\n\n\n<h2 class=\"wp-block-heading has-text-align-center eplus-wrapper eplus-styles-uid-d66b37\">Hempions Gr\u00fcnder &amp; ehemaliger Profi-Turner<\/h2><\/div><\/div>\n\n<figure class=\"wp-block-image aligncenter size-large eplus-wrapper eplus-styles-uid-96e77f\"><img loading=\"lazy\" decoding=\"async\" width=\"800\" height=\"800\" src=\"https:\/\/hempions.com\/wp-content\/uploads\/Florian-Braitsch-Profilbild-2025-800x800.jpg\" alt=\"\" class=\"wp-image-116477\" title=\"\" srcset=\"https:\/\/staging.hempions.com\/wp-content\/uploads\/Florian-Braitsch-Profilbild-2025-800x800.jpg 800w, https:\/\/staging.hempions.com\/wp-content\/uploads\/Florian-Braitsch-Profilbild-2025-1000x1000.jpg 1000w, https:\/\/staging.hempions.com\/wp-content\/uploads\/Florian-Braitsch-Profilbild-2025-100x100.jpg 100w, https:\/\/staging.hempions.com\/wp-content\/uploads\/Florian-Braitsch-Profilbild-2025-600x600.jpg 600w, https:\/\/staging.hempions.com\/wp-content\/uploads\/Florian-Braitsch-Profilbild-2025-300x300.jpg 300w, https:\/\/staging.hempions.com\/wp-content\/uploads\/Florian-Braitsch-Profilbild-2025-150x150.jpg 150w, https:\/\/staging.hempions.com\/wp-content\/uploads\/Florian-Braitsch-Profilbild-2025-768x768.jpg 768w, https:\/\/staging.hempions.com\/wp-content\/uploads\/Florian-Braitsch-Profilbild-2025-1536x1536.jpg 1536w, https:\/\/staging.hempions.com\/wp-content\/uploads\/Florian-Braitsch-Profilbild-2025-2048x2048.jpg 2048w, https:\/\/staging.hempions.com\/wp-content\/uploads\/Florian-Braitsch-Profilbild-2025-12x12.jpg 12w, https:\/\/staging.hempions.com\/wp-content\/uploads\/Florian-Braitsch-Profilbild-2025-60x60.jpg 60w, https:\/\/staging.hempions.com\/wp-content\/uploads\/Florian-Braitsch-Profilbild-2025-110x110.jpg 110w, https:\/\/staging.hempions.com\/wp-content\/uploads\/Florian-Braitsch-Profilbild-2025-24x24.jpg 24w, https:\/\/staging.hempions.com\/wp-content\/uploads\/Florian-Braitsch-Profilbild-2025-48x48.jpg 48w, https:\/\/staging.hempions.com\/wp-content\/uploads\/Florian-Braitsch-Profilbild-2025-96x96.jpg 96w, https:\/\/staging.hempions.com\/wp-content\/uploads\/Florian-Braitsch-Profilbild-2025-90x90.jpg 90w\" sizes=\"auto, (max-width: 800px) 100vw, 800px\" \/><\/figure><\/div><\/div>\n\n<div class=\"inherit-container-width wp-block-group eplus-wrapper is-layout-constrained wp-block-group-is-layout-constrained eplus-styles-uid-bb1356\"><div class=\"wp-block-group__inner-container\"><div class=\"inherit-container-width wp-block-group eplus-wrapper is-layout-constrained wp-block-group-is-layout-constrained eplus-styles-uid-37a318\"><div class=\"wp-block-group__inner-container\">\n<p class=\"eplus-wrapper\">Florian kommt aus dem Turnsport, einer der h\u00e4rtesten Sportarten \u00fcberhaupt. Der mehrfache \u00d6sterreichische Meister ist unser Spezialist f\u00fcr Website, Design und Medien. Zusammen mit Bruder Fabian leitet Florian die Gesch\u00e4fte bei Hempions. Er liebt die Natur und ist ein wahrer Genie\u00dfer, wenn es um leckeres, vitales Essen geht.<\/p>\n\n\n<ul class=\"wp-block-list eplus-wrapper eplus-styles-uid-bcfaa3\">\n<li class=\"eplus-wrapper\"><b>Spitzname:<\/b>\u00a0Flo<\/li>\n\n\n\n<li class=\"eplus-wrapper\"><b>Motto: <\/b>If you can believe it, your mind can achieve it.<\/li>\n\n\n\n<li class=\"eplus-wrapper\"><b>Sport:\u00a0<\/b>\u00a0Kunstturnen<\/li>\n\n\n\n<li class=\"eplus-wrapper\"><b>Gr\u00f6\u00dfte Erfolge:\u00a0<\/b>\u00a0WM-Teilnahme, mehrfacher \u00d6sterreichischer Meister<\/li>\n\n\n\n<li class=\"eplus-wrapper\"><b>Geheimnis: <\/b>Es kommt \u00fcberall auf die richtige Balance an &#8211; wie beim Handstand.<\/li>\n\n\n\n<li class=\"eplus-wrapper\"><b>Lieblingsprodukt: <\/b>Ganz klar <a href=\"\/ch\/p\/bio-hanfprotein-high-fiber\/\">Hanfprotein<\/a> \u2013 macht aus allem eine Kraftmahlzeit<\/li>\n\n\n\n<li class=\"eplus-wrapper\"><strong>Instagram:\u00a0<\/strong><a href=\"https:\/\/www.instagram.com\/flo.braitsch\/\" target=\"_blank\" rel=\"noopener\">@flo.braitsch<\/a><\/li>\n\n\n\n<li class=\"eplus-wrapper\"><b>Funfact<\/b>: Florian hat schon fast in jede Speise Hanfprotein reingemischt<\/li>\n<\/ul>\n\n<div class=\"inherit-container-width wp-block-group eplus-wrapper is-layout-constrained wp-block-group-is-layout-constrained eplus-styles-uid-914211\"><div class=\"wp-block-group__inner-container\"><p class=\"eplus-wrapper eplus-styles-uid-c54caa\"><em>\u201e<\/em><strong>Mich begeistert Hanf als nachhaltige L\u00f6sung, die K\u00f6rper und Geist optimal versorgt und einfach gut schmeckt.<\/strong><em>\u201c<\/em><\/p><\/div><\/div><\/div><\/div>\n\n<div class=\"inherit-container-width wp-block-group eplus-wrapper is-layout-constrained wp-block-group-is-layout-constrained eplus-styles-uid-e48684\"><div class=\"wp-block-group__inner-container\"><figure class=\"wp-block-image aligncenter eplus-wrapper eplus-styles-uid-837380\"><img decoding=\"async\" src=\"https:\/\/hempions.com\/wp-content\/uploads\/FlorianAction.jpg\" alt=\"Florian Braitsch in Action\" title=\"\"><\/figure><\/div><\/div>\n\n<div class=\"inherit-container-width wp-block-group eplus-wrapper is-layout-constrained wp-block-group-is-layout-constrained eplus-styles-uid-c4a530\"><div class=\"wp-block-group__inner-container\"><p class=\"eplus-wrapper eplus-styles-uid-f6c4c2\"><b>Wieso bist du bei Hempions und von Hanf so begeistert?<\/b><\/p>\n\n\n<p class=\"eplus-wrapper\">Mich fasziniert, in wie vielen Bereichen Hanf mir wesentliche Vorteile bietet. Als Sportler ist mir dabei die Ern\u00e4hrung besonders wichtig. Weitere Chancen sind<\/p>\n\n\n<ul class=\"wp-block-list eplus-wrapper eplus-styles-uid-75fe28\">\n<li class=\"eplus-wrapper\">Umweltfreundlicher Anbau auf der ganzen Welt<\/li>\n\n\n\n<li class=\"eplus-wrapper\">Nutzung der ganzen Pflanze: Nichts ist nutzlos<\/li>\n\n\n\n<li class=\"eplus-wrapper\">Hanf ist Basis f\u00fcr zehntausende Produkte aus nachhaltiger Wertsch\u00f6pfung<\/li>\n<\/ul>\n\n\n<p class=\"eplus-wrapper\"><b>Was treibt dich an?<\/b><\/p>\n\n\n\n<p class=\"eplus-wrapper\">Unsere Produkte im Regal zu sehen, welche Leute mit Begeisterung kaufen und mit gutem Gewissen promoten. Mit Hempions m\u00f6chte ich den Leuten Freude bereiten. Zudem ist mir wichtig, im gro\u00dfen Stil Zugang zu wertvollen Lebensmitteln zu bieten. Ich m\u00f6chte ganzheitlich Positives bewegen und mit gutem Gewissen hinter meiner Arbeit stehen k\u00f6nnen.<\/p>\n<\/div><\/div><\/div><\/div>\n\n<div class=\"inherit-container-width wp-block-group eplus-wrapper is-layout-constrained wp-block-group-is-layout-constrained eplus-styles-uid-e48684\"><div class=\"wp-block-group__inner-container\">\n<div class=\"wp-block-boldblocks-carousel-item-repeater cbb-block-parent is-carousel js-carousel-layout cbb-g-1 cbb-carousel-preload\" data-carousel-settings=\"{&amp;quot;speed&amp;quot;:300,&amp;quot;loop&amp;quot;:true,&amp;quot;rewind&amp;quot;:false,&amp;quot;autoplay&amp;quot;:{&amp;quot;delay&amp;quot;:3000},&amp;quot;effect&amp;quot;:&amp;quot;slide&amp;quot;,&amp;quot;slidesPerView&amp;quot;:1,&amp;quot;breakpoints&amp;quot;:{&amp;quot;576&amp;quot;:{&amp;quot;slidesPerView&amp;quot;:1,&amp;quot;slidesPerGroup&amp;quot;:1},&amp;quot;768&amp;quot;:{&amp;quot;slidesPerView&amp;quot;:2,&amp;quot;slidesPerGroup&amp;quot;:1}},&amp;quot;centeredSlides&amp;quot;:false,&amp;quot;pagination&amp;quot;:true,&amp;quot;paginationSettings&amp;quot;:{&amp;quot;enable&amp;quot;:true,&amp;quot;size&amp;quot;:&amp;quot;12px&amp;quot;,&amp;quot;spacing&amp;quot;:&amp;quot;10px&amp;quot;,&amp;quot;color&amp;quot;:&amp;quot;&amp;quot;,&amp;quot;inactiveColor&amp;quot;:&amp;quot;&amp;quot;,&amp;quot;opacity&amp;quot;:0.3,&amp;quot;dynamicBullets&amp;quot;:true,&amp;quot;horizontalGap&amp;quot;:&amp;quot;5px&amp;quot;},&amp;quot;navigation&amp;quot;:false,&amp;quot;scrollbar&amp;quot;:false}\"><div class=\"carousel__inner\">\n<div class=\"wp-block-boldblocks-carousel-item cbb-block is-carousel-item has-parent carousel-item is-layout-flow wp-block-boldblocks-carousel-item-is-layout-flow\">\n<figure class=\"wp-block-image size-large eplus-wrapper\"><img loading=\"lazy\" decoding=\"async\" width=\"800\" height=\"800\" src=\"https:\/\/hempions.com\/wp-content\/uploads\/Florian-beim-Hanf-Nudeln-Essen-800x800.jpg\" alt=\"\" class=\"wp-image-78157\" title=\"\" srcset=\"https:\/\/staging.hempions.com\/wp-content\/uploads\/Florian-beim-Hanf-Nudeln-Essen-800x800.jpg 800w, https:\/\/staging.hempions.com\/wp-content\/uploads\/Florian-beim-Hanf-Nudeln-Essen-100x100.jpg 100w, https:\/\/staging.hempions.com\/wp-content\/uploads\/Florian-beim-Hanf-Nudeln-Essen-600x600.jpg 600w, https:\/\/staging.hempions.com\/wp-content\/uploads\/Florian-beim-Hanf-Nudeln-Essen-300x300.jpg 300w, https:\/\/staging.hempions.com\/wp-content\/uploads\/Florian-beim-Hanf-Nudeln-Essen-150x150.jpg 150w, https:\/\/staging.hempions.com\/wp-content\/uploads\/Florian-beim-Hanf-Nudeln-Essen-768x768.jpg 768w, https:\/\/staging.hempions.com\/wp-content\/uploads\/Florian-beim-Hanf-Nudeln-Essen-12x12.jpg 12w, https:\/\/staging.hempions.com\/wp-content\/uploads\/Florian-beim-Hanf-Nudeln-Essen-60x60.jpg 60w, https:\/\/staging.hempions.com\/wp-content\/uploads\/Florian-beim-Hanf-Nudeln-Essen-110x110.jpg 110w, https:\/\/staging.hempions.com\/wp-content\/uploads\/Florian-beim-Hanf-Nudeln-Essen-24x24.jpg 24w, https:\/\/staging.hempions.com\/wp-content\/uploads\/Florian-beim-Hanf-Nudeln-Essen-48x48.jpg 48w, https:\/\/staging.hempions.com\/wp-content\/uploads\/Florian-beim-Hanf-Nudeln-Essen-96x96.jpg 96w, https:\/\/staging.hempions.com\/wp-content\/uploads\/Florian-beim-Hanf-Nudeln-Essen-32x32.jpg 32w, https:\/\/staging.hempions.com\/wp-content\/uploads\/Florian-beim-Hanf-Nudeln-Essen.jpg 1000w\" sizes=\"auto, (max-width: 800px) 100vw, 800px\" \/><\/figure>\n<\/div>\n\n\n\n<div class=\"wp-block-boldblocks-carousel-item cbb-block is-carousel-item has-parent carousel-item is-layout-flow wp-block-boldblocks-carousel-item-is-layout-flow\">\n<figure class=\"wp-block-image size-large eplus-wrapper\"><img loading=\"lazy\" decoding=\"async\" width=\"800\" height=\"800\" src=\"https:\/\/hempions.com\/wp-content\/uploads\/FB-Turner-800x800.jpeg\" alt=\"\" class=\"wp-image-78156\" title=\"\" srcset=\"https:\/\/staging.hempions.com\/wp-content\/uploads\/FB-Turner-800x800.jpeg 800w, https:\/\/staging.hempions.com\/wp-content\/uploads\/FB-Turner-100x100.jpeg 100w, https:\/\/staging.hempions.com\/wp-content\/uploads\/FB-Turner-600x600.jpeg 600w, https:\/\/staging.hempions.com\/wp-content\/uploads\/FB-Turner-300x300.jpeg 300w, https:\/\/staging.hempions.com\/wp-content\/uploads\/FB-Turner-150x150.jpeg 150w, https:\/\/staging.hempions.com\/wp-content\/uploads\/FB-Turner-768x768.jpeg 768w, https:\/\/staging.hempions.com\/wp-content\/uploads\/FB-Turner-12x12.jpeg 12w, https:\/\/staging.hempions.com\/wp-content\/uploads\/FB-Turner-60x60.jpeg 60w, https:\/\/staging.hempions.com\/wp-content\/uploads\/FB-Turner-110x110.jpeg 110w, https:\/\/staging.hempions.com\/wp-content\/uploads\/FB-Turner-24x24.jpeg 24w, https:\/\/staging.hempions.com\/wp-content\/uploads\/FB-Turner-48x48.jpeg 48w, https:\/\/staging.hempions.com\/wp-content\/uploads\/FB-Turner-96x96.jpeg 96w, https:\/\/staging.hempions.com\/wp-content\/uploads\/FB-Turner-32x32.jpeg 32w, https:\/\/staging.hempions.com\/wp-content\/uploads\/FB-Turner.jpeg 1000w\" sizes=\"auto, (max-width: 800px) 100vw, 800px\" \/><\/figure>\n<\/div>\n\n\n\n<div class=\"wp-block-boldblocks-carousel-item cbb-block is-carousel-item has-parent carousel-item is-layout-flow wp-block-boldblocks-carousel-item-is-layout-flow\">\n<figure class=\"wp-block-image size-large eplus-wrapper\"><img loading=\"lazy\" decoding=\"async\" width=\"800\" height=\"800\" src=\"https:\/\/hempions.com\/wp-content\/uploads\/Florian-probiert-Rezept-fuer-Hanf-Pfannenbrot-800x800.jpg\" alt=\"\" class=\"wp-image-78158\" title=\"\" srcset=\"https:\/\/staging.hempions.com\/wp-content\/uploads\/Florian-probiert-Rezept-fuer-Hanf-Pfannenbrot-800x800.jpg 800w, https:\/\/staging.hempions.com\/wp-content\/uploads\/Florian-probiert-Rezept-fuer-Hanf-Pfannenbrot-100x100.jpg 100w, https:\/\/staging.hempions.com\/wp-content\/uploads\/Florian-probiert-Rezept-fuer-Hanf-Pfannenbrot-600x600.jpg 600w, https:\/\/staging.hempions.com\/wp-content\/uploads\/Florian-probiert-Rezept-fuer-Hanf-Pfannenbrot-300x300.jpg 300w, https:\/\/staging.hempions.com\/wp-content\/uploads\/Florian-probiert-Rezept-fuer-Hanf-Pfannenbrot-150x150.jpg 150w, https:\/\/staging.hempions.com\/wp-content\/uploads\/Florian-probiert-Rezept-fuer-Hanf-Pfannenbrot-768x768.jpg 768w, https:\/\/staging.hempions.com\/wp-content\/uploads\/Florian-probiert-Rezept-fuer-Hanf-Pfannenbrot-12x12.jpg 12w, https:\/\/staging.hempions.com\/wp-content\/uploads\/Florian-probiert-Rezept-fuer-Hanf-Pfannenbrot-60x60.jpg 60w, https:\/\/staging.hempions.com\/wp-content\/uploads\/Florian-probiert-Rezept-fuer-Hanf-Pfannenbrot-110x110.jpg 110w, https:\/\/staging.hempions.com\/wp-content\/uploads\/Florian-probiert-Rezept-fuer-Hanf-Pfannenbrot-24x24.jpg 24w, https:\/\/staging.hempions.com\/wp-content\/uploads\/Florian-probiert-Rezept-fuer-Hanf-Pfannenbrot-48x48.jpg 48w, https:\/\/staging.hempions.com\/wp-content\/uploads\/Florian-probiert-Rezept-fuer-Hanf-Pfannenbrot-96x96.jpg 96w, https:\/\/staging.hempions.com\/wp-content\/uploads\/Florian-probiert-Rezept-fuer-Hanf-Pfannenbrot-32x32.jpg 32w, https:\/\/staging.hempions.com\/wp-content\/uploads\/Florian-probiert-Rezept-fuer-Hanf-Pfannenbrot.jpg 1000w\" sizes=\"auto, (max-width: 800px) 100vw, 800px\" \/><\/figure>\n<\/div>\n\n\n\n<div class=\"wp-block-boldblocks-carousel-item cbb-block is-carousel-item has-parent carousel-item is-layout-flow wp-block-boldblocks-carousel-item-is-layout-flow\">\n<figure class=\"wp-block-image size-large eplus-wrapper\"><img loading=\"lazy\" decoding=\"async\" width=\"800\" height=\"800\" src=\"https:\/\/hempions.com\/wp-content\/uploads\/Florian-Braitsch-Actionsfoto-800x800.jpeg\" alt=\"\" class=\"wp-image-78132\" title=\"\" srcset=\"https:\/\/staging.hempions.com\/wp-content\/uploads\/Florian-Braitsch-Actionsfoto-800x800.jpeg 800w, https:\/\/staging.hempions.com\/wp-content\/uploads\/Florian-Braitsch-Actionsfoto-100x100.jpeg 100w, https:\/\/staging.hempions.com\/wp-content\/uploads\/Florian-Braitsch-Actionsfoto-600x600.jpeg 600w, https:\/\/staging.hempions.com\/wp-content\/uploads\/Florian-Braitsch-Actionsfoto-300x300.jpeg 300w, https:\/\/staging.hempions.com\/wp-content\/uploads\/Florian-Braitsch-Actionsfoto-150x150.jpeg 150w, https:\/\/staging.hempions.com\/wp-content\/uploads\/Florian-Braitsch-Actionsfoto-768x768.jpeg 768w, https:\/\/staging.hempions.com\/wp-content\/uploads\/Florian-Braitsch-Actionsfoto-12x12.jpeg 12w, https:\/\/staging.hempions.com\/wp-content\/uploads\/Florian-Braitsch-Actionsfoto-60x60.jpeg 60w, https:\/\/staging.hempions.com\/wp-content\/uploads\/Florian-Braitsch-Actionsfoto-110x110.jpeg 110w, https:\/\/staging.hempions.com\/wp-content\/uploads\/Florian-Braitsch-Actionsfoto-24x24.jpeg 24w, https:\/\/staging.hempions.com\/wp-content\/uploads\/Florian-Braitsch-Actionsfoto-48x48.jpeg 48w, https:\/\/staging.hempions.com\/wp-content\/uploads\/Florian-Braitsch-Actionsfoto-96x96.jpeg 96w, https:\/\/staging.hempions.com\/wp-content\/uploads\/Florian-Braitsch-Actionsfoto-32x32.jpeg 32w, https:\/\/staging.hempions.com\/wp-content\/uploads\/Florian-Braitsch-Actionsfoto.jpeg 1000w\" sizes=\"auto, (max-width: 800px) 100vw, 800px\" \/><\/figure>\n<\/div>\n<\/div><\/div>\n<\/div><\/div>","protected":false},"excerpt":{"rendered":"<p> [&hellip;]<\/p>","protected":false},"author":6,"featured_media":78131,"parent":1883,"menu_order":0,"comment_status":"closed","ping_status":"closed","template":"","meta":{"CBBTypography":[],"editor_plus_copied_stylings":"{}","site-sidebar-layout":"default","site-content-layout":"page-builder","ast-site-content-layout":"full-width-container","site-content-style":"unboxed","site-sidebar-style":"unboxed","ast-global-header-display":"","ast-banner-title-visibility":"disabled","ast-main-header-display":"","ast-hfb-above-header-display":"","ast-hfb-below-header-display":"","ast-hfb-mobile-header-display":"","site-post-title":"disabled","ast-breadcrumbs-content":"","ast-featured-img":"","footer-sml-layout":"","ast-disable-related-posts":"","theme-transparent-header-meta":"default","adv-header-id-meta":"","stick-header-meta":"default","header-above-stick-meta":"","header-main-stick-meta":"","header-below-stick-meta":"","astra-migrate-meta-layouts":"set","ast-page-background-enabled":"default","ast-page-background-meta":{"desktop":{"background-color":"","background-image":"","background-repeat":"repeat","background-position":"center center","background-size":"auto","background-attachment":"scroll","background-type":"","background-media":"","overlay-type":"","overlay-color":"","overlay-opacity":"","overlay-gradient":""},"tablet":{"background-color":"","background-image":"","background-repeat":"repeat","background-position":"center center","background-size":"auto","background-attachment":"scroll","background-type":"","background-media":"","overlay-type":"","overlay-color":"","overlay-opacity":"","overlay-gradient":""},"mobile":{"background-color":"","background-image":"","background-repeat":"repeat","background-position":"center center","background-size":"auto","background-attachment":"scroll","background-type":"","background-media":"","overlay-type":"","overlay-color":"","overlay-opacity":"","overlay-gradient":""}},"ast-content-background-meta":{"desktop":{"background-color":"var(--ast-global-color-5)","background-image":"","background-repeat":"repeat","background-position":"center center","background-size":"auto","background-attachment":"scroll","background-type":"","background-media":"","overlay-type":"","overlay-color":"","overlay-opacity":"","overlay-gradient":""},"tablet":{"background-color":"var(--ast-global-color-5)","background-image":"","background-repeat":"repeat","background-position":"center center","background-size":"auto","background-attachment":"scroll","background-type":"","background-media":"","overlay-type":"","overlay-color":"","overlay-opacity":"","overlay-gradient":""},"mobile":{"background-color":"var(--ast-global-color-5)","background-image":"","background-repeat":"repeat","background-position":"center center","background-size":"auto","background-attachment":"scroll","background-type":"","background-media":"","overlay-type":"","overlay-color":"","overlay-opacity":"","overlay-gradient":""}},"footnotes":""},"class_list":["post-48231","page","type-page","status-publish","has-post-thumbnail","hentry"],"_links":{"self":[{"href":"https:\/\/staging.hempions.com\/ch\/wp-json\/wp\/v2\/pages\/48231","targetHints":{"allow":["GET"]}}],"collection":[{"href":"https:\/\/staging.hempions.com\/ch\/wp-json\/wp\/v2\/pages"}],"about":[{"href":"https:\/\/staging.hempions.com\/ch\/wp-json\/wp\/v2\/types\/page"}],"author":[{"embeddable":true,"href":"https:\/\/staging.hempions.com\/ch\/wp-json\/wp\/v2\/users\/6"}],"replies":[{"embeddable":true,"href":"https:\/\/staging.hempions.com\/ch\/wp-json\/wp\/v2\/comments?post=48231"}],"version-history":[{"count":3,"href":"https:\/\/staging.hempions.com\/ch\/wp-json\/wp\/v2\/pages\/48231\/revisions"}],"predecessor-version":[{"id":116480,"href":"https:\/\/staging.hempions.com\/ch\/wp-json\/wp\/v2\/pages\/48231\/revisions\/116480"}],"up":[{"embeddable":true,"href":"https:\/\/staging.hempions.com\/ch\/wp-json\/wp\/v2\/pages\/1883"}],"wp:featuredmedia":[{"embeddable":true,"href":"https:\/\/staging.hempions.com\/ch\/wp-json\/wp\/v2\/media\/78131"}],"wp:attachment":[{"href":"https:\/\/staging.hempions.com\/ch\/wp-json\/wp\/v2\/media?parent=48231"}],"curies":[{"name":"wp","href":"https:\/\/api.w.org\/{rel}","templated":true}]}}