{"id":48221,"date":"2020-04-22T06:51:45","date_gmt":"2020-04-22T04:51:45","guid":{"rendered":"https:\/\/hempions.com\/?page_id=48221"},"modified":"2020-04-23T14:08:17","modified_gmt":"2020-04-23T12:08:17","slug":"haftungsausschluss","status":"publish","type":"page","link":"https:\/\/staging.hempions.com\/ch\/haftungsausschluss\/","title":{"rendered":"Haftungsausschluss"},"content":{"rendered":"<p><b>Haftungsausschluss und allgemeiner Hinweis zu medizinischen Themenbereichen<\/b><\/p>\n<p><span style=\"font-weight: 400;\">Jegliche Inhalte auf unserer Website dienen ausschlie\u00dflich der neutralen Information und allgemeinen Weiterbildung.<br \/>\n<\/span><span style=\"font-weight: 400;\">Sie stellen weder eine Empfehlung noch eine Bewerbung der angef\u00fchrten Produkte, Methoden und Behandlungen dar. Bei Inhalten besteht kein Anspruch auf Vollst\u00e4ndigkeit, Aktualit\u00e4t, Richtigkeit und Ausgewogenheit der dargestellten Informationen.<\/span><\/p>\n<p><span style=\"font-weight: 400;\">Beschreibungen von Produkten und erg\u00e4nzende Inhalte k\u00f6nnen die fachliche Beratung durch Arzt oder Apotheker in keinem Fall ersetzen. Sie eignen sich nicht als Grundlage f\u00fcr eigenst\u00e4ndige Diagnosen sowie Beginn, \u00c4nderung und Beendigung von Behandlungen und Krankheiten.<br \/>\n<\/span><span style=\"font-weight: 400;\">Bei gesundheitlichen Fragen und Beschwerden konsultiert du am besten den Arzt deines Vertrauens.<\/span><\/p>\n<p><span style=\"font-weight: 400;\">Dar\u00fcber hinaus sind die dargestellten Inhalte und angebotenen Produkte nicht als Ersatz f\u00fcr ein verschriebenes Medikament gedacht. Sie eignen sich nicht dazu Erkrankungen zu diagnostizieren, behandeln, heilen oder verhindern.\u00a0<\/span><\/p>\n<p><span style=\"font-weight: 400;\">Weder die Hempions GmbH noch die Autoren \u00fcbernehmen Haftung f\u00fcr Sch\u00e4den und Unannehmlichkeiten, die sich aus der Anwendung der dargebotenen Inhalte und Produkte ergeben.<br \/>\n<\/span><span style=\"font-weight: 400;\">Einer Verwendung von CBD-Produkten w\u00e4hrend der Schwangerschaft oder beim Stillen raten wir unbedingt ab.\u00a0<\/span><\/p>\n<p><span style=\"font-weight: 400;\">Alle unsere Hanfprodukte stammen aus zertifizierten EU-Nutzhanfsorten. Diese sind im gemeinsamen Sortenkatalog f\u00fcr landwirtschaftliche Pflanzenarten gem\u00e4\u00df Artikel 17 der Richtlinie 2002\/53\/EG des Rates vom 13. Juni 2002, ABl. Nr. L 193\/2002 S.1 oder in der \u00f6sterreichischen Sortenliste gem\u00e4\u00df \u00a7 65 Saatgutgesetz 1997, BGBl. l Nr. 72\/1997, in der geltenden Fassung, angef\u00fchrt.<\/span><\/p>\n<p><span style=\"font-weight: 400;\">Die Hanfpflanze wird seit Jahrtausenden auf der ganzen Welt genutzt. Ein nat\u00fcrlicher Bestandteil der Pflanze ist Cannabidiol (CBD).\u00a0<\/span><span style=\"font-weight: 400;\">Aktuell gibt es noch zu wenige klinische Studien, welche eine medizinische Wirkung von Haf belegen.<\/span><\/p>\n<p><span style=\"font-weight: 400;\">Wir sind nicht berechtigt, Empfehlungen und Ausk\u00fcnfte zu gesundheitlichen Aspekten der Produkte zu geben. Der Gesetzgeber untersagt die Kommunikation von Heilversprechen jeglicher Art. Daran wollen wir uns mit sachlichen und gut recherchierten Informationen halten.<\/span><\/p>","protected":false},"excerpt":{"rendered":"<p> [&hellip;]<\/p>","protected":false},"author":6,"featured_media":0,"parent":0,"menu_order":0,"comment_status":"closed","ping_status":"closed","template":"","meta":{"CBBTypography":[],"editor_plus_copied_stylings":"{}","site-sidebar-layout":"default","site-content-layout":"default","ast-site-content-layout":"default","site-content-style":"default","site-sidebar-style":"default","ast-global-header-display":"","ast-banner-title-visibility":"","ast-main-header-display":"","ast-hfb-above-header-display":"","ast-hfb-below-header-display":"","ast-hfb-mobile-header-display":"","site-post-title":"","ast-breadcrumbs-content":"disabled","ast-featured-img":"","footer-sml-layout":"","ast-disable-related-posts":"","theme-transparent-header-meta":"default","adv-header-id-meta":"","stick-header-meta":"default","header-above-stick-meta":"","header-main-stick-meta":"","header-below-stick-meta":"","astra-migrate-meta-layouts":"default","ast-page-background-enabled":"default","ast-page-background-meta":{"desktop":{"background-color":"","background-image":"","background-repeat":"repeat","background-position":"center center","background-size":"auto","background-attachment":"scroll","background-type":"","background-media":"","overlay-type":"","overlay-color":"","overlay-opacity":"","overlay-gradient":""},"tablet":{"background-color":"","background-image":"","background-repeat":"repeat","background-position":"center center","background-size":"auto","background-attachment":"scroll","background-type":"","background-media":"","overlay-type":"","overlay-color":"","overlay-opacity":"","overlay-gradient":""},"mobile":{"background-color":"","background-image":"","background-repeat":"repeat","background-position":"center center","background-size":"auto","background-attachment":"scroll","background-type":"","background-media":"","overlay-type":"","overlay-color":"","overlay-opacity":"","overlay-gradient":""}},"ast-content-background-meta":{"desktop":{"background-color":"var(--ast-global-color-5)","background-image":"","background-repeat":"repeat","background-position":"center center","background-size":"auto","background-attachment":"scroll","background-type":"","background-media":"","overlay-type":"","overlay-color":"","overlay-opacity":"","overlay-gradient":""},"tablet":{"background-color":"var(--ast-global-color-5)","background-image":"","background-repeat":"repeat","background-position":"center center","background-size":"auto","background-attachment":"scroll","background-type":"","background-media":"","overlay-type":"","overlay-color":"","overlay-opacity":"","overlay-gradient":""},"mobile":{"background-color":"var(--ast-global-color-5)","background-image":"","background-repeat":"repeat","background-position":"center center","background-size":"auto","background-attachment":"scroll","background-type":"","background-media":"","overlay-type":"","overlay-color":"","overlay-opacity":"","overlay-gradient":""}},"footnotes":""},"class_list":["post-48221","page","type-page","status-publish","hentry"],"_links":{"self":[{"href":"https:\/\/staging.hempions.com\/ch\/wp-json\/wp\/v2\/pages\/48221","targetHints":{"allow":["GET"]}}],"collection":[{"href":"https:\/\/staging.hempions.com\/ch\/wp-json\/wp\/v2\/pages"}],"about":[{"href":"https:\/\/staging.hempions.com\/ch\/wp-json\/wp\/v2\/types\/page"}],"author":[{"embeddable":true,"href":"https:\/\/staging.hempions.com\/ch\/wp-json\/wp\/v2\/users\/6"}],"replies":[{"embeddable":true,"href":"https:\/\/staging.hempions.com\/ch\/wp-json\/wp\/v2\/comments?post=48221"}],"version-history":[{"count":3,"href":"https:\/\/staging.hempions.com\/ch\/wp-json\/wp\/v2\/pages\/48221\/revisions"}],"predecessor-version":[{"id":48356,"href":"https:\/\/staging.hempions.com\/ch\/wp-json\/wp\/v2\/pages\/48221\/revisions\/48356"}],"wp:attachment":[{"href":"https:\/\/staging.hempions.com\/ch\/wp-json\/wp\/v2\/media?parent=48221"}],"curies":[{"name":"wp","href":"https:\/\/api.w.org\/{rel}","templated":true}]}}