{"id":41929,"date":"2019-04-26T21:36:36","date_gmt":"2019-04-26T19:36:36","guid":{"rendered":"https:\/\/thehempions.com\/affiliate-home\/affiliate-register\/"},"modified":"2021-05-28T11:57:21","modified_gmt":"2021-05-28T09:57:21","slug":"affiliate-register","status":"publish","type":"page","link":"https:\/\/staging.hempions.com\/ch\/affiliate-home\/affiliate-register\/","title":{"rendered":"Als Affiliate bewerben"},"content":{"rendered":"<div style=\"display: none;\">\t<div id=\"wpam_form_error_panel\" class=\"wpam_form_errors\">\n\t\t<ul>\n\n\t\t<\/ul>\n\t<\/div><div id=\"wpam-reg-form\">\n<form action=\"\" method=\"post\" id=\"mainForm\" class=\"pure-form pure-form-stacked\" data-trp-original-action=\"\">\n    <input type=\"hidden\" id=\"_wpnonce\" name=\"_wpnonce\" value=\"835b8aea0c\" \/><input type=\"hidden\" name=\"_wp_http_referer\" value=\"\/ch\/wp-json\/wp\/v2\/pages\/41929\" \/>\t\t* Pflichtfelder<br \/><br \/>\n\t\t<fieldset>\n\t\t\t\t\t\t\t\t<label for=\"_firstName\">Vorname&nbsp;*<\/label>\n\t\t\t\t\t\n\t\t\t\t\t\t\t\t\t\t\t\t\t<input type=\"text\" id=\"_firstName\" name=\"_firstName\" value=\"\" required \/>\n\t\t\t\t\t\t\t\t\t\t\t\t\t\t\t<label for=\"_lastName\">Nachname&nbsp;*<\/label>\n\t\t\t\t\t\n\t\t\t\t\t\t\t\t\t\t\t\t\t<input type=\"text\" id=\"_lastName\" name=\"_lastName\" value=\"\" required \/>\n\t\t\t\t\t\t\t\t\t\t\t\t\t\t\t<label for=\"_email\">E-Mail-Adresse&nbsp;*<\/label>\n\t\t\t\t\t\n\t\t\t\t\t\t                                                            <input type=\"text\" id=\"_email\" name=\"_email\" value=\"\" required \/>\n                                                            \t\t\t\t\t\t\t\t<label for=\"_websiteUrl\">Webseite <\/label>\n\t\t\t\t\t\n\t\t\t\t\t\t\t\t\t\t\t\t\t<input type=\"text\" id=\"_websiteUrl\" name=\"_websiteUrl\" value=\"\"  \/>\n\t\t\t\t\t\t\t\t\t\t    \n                            <label for=\"chkAgreeTerms\" id=\"agreeTermsLabel\" class=\"pure-checkbox\"><input type=\"checkbox\" id=\"chkAgreeTerms\" name=\"chkAgreeTerms\"  required \/>&nbsp;Ich habe gelesen und stimme zu <a target=\"_blank\" href=\"https:\/\/staging.hempions.com\/ch\/geschaeftsbedingungen-affiliates\/\">Allgemeine Gesch\u00e4ftsbedingungen<\/a><\/label>\n                            <div id=\"termsAgreeWarning\" style=\"color: red; display: none\">Du musst den Bedingungen zustimmen.<\/div>\n\t\t\t    \n                <!--<div class=\"wpam-registration-form\">-->\n                <input type=\"hidden\" name=\"wpam_reg_submit\" value=\"1\" \/>\n                <input type=\"submit\" name=\"submit\" value=\"Bewerbung zum Affiliateprogramm absenden\" class=\"wpam-registration-form-submit pure-button pure-button-active\" \/>\n                <!--<\/div>-->  \n                <\/fieldset>\n<input type=\"hidden\" name=\"trp-form-language\" value=\"ch\"\/><\/form>\n<\/div>\n<div id=\"tncDialog\" style=\"display: none\">\n\t<div id=\"termsBox\" style=\"padding: 20px; width: auto; height: 380px; overflow: scroll; background-color: white; color: black; border: 1px solid black; white-space: pre-wrap;\"><h2>Zustimmung<\/h2>\r\nMit der Anmeldung als Affiliate im Hempions Affiliate-Programm (\u201eProgramm\u201c) erkl\u00e4rst du dich mit den folgenden Bedingungen (\u201eNutzungsbedingungen\u201c) einverstanden.\r\n\r\n<strong>Hempions<\/strong> beh\u00e4lt sich das Recht vor, die Nutzungsbedingungen von Zeit zu Zeit ohne vorherige Ank\u00fcndigung zu aktualisieren und zu \u00e4ndern. Alle neuen Funktionen, die das aktuelle Programm erg\u00e4nzen oder verbessern, einschlie\u00dflich der Ver\u00f6ffentlichung neuer Tools und Ressourcen, unterliegen den Nutzungsbedingungen. Die fortgesetzte Nutzung des Programms nach solchen \u00c4nderungen gilt als deine Zustimmung zu diesen \u00c4nderungen.\r\n\r\nEin Versto\u00df gegen eine der nachstehenden Bedingungen f\u00fchrt zur K\u00fcndigung deines Kontos und zum Verlust jeglicher ausstehender Partnerprovisionszahlungen, die w\u00e4hrend des Versto\u00dfes erzielt wurden. Du erkl\u00e4rst dich damit einverstanden, das Partnerprogramm auf eigenes Risiko zu nutzen.\r\n<h2>Kontobedingungen<\/h2>\r\n<ul>\r\n \t<li>Du musst mindestens 16 Jahre alt sein, um an diesem Programm teilnehmen zu k\u00f6nnen.<\/li>\r\n \t<li>Du musst eine nat\u00fcrliche Person sein.\u00a0Mit \u201eBots\u201c oder anderen automatisierten Methoden registrierte Konten sind nicht zul\u00e4ssig.<\/li>\r\n \t<li>Du musst deinen vollst\u00e4ndigen Namen, eine g\u00fcltige E-Mail Adresse und alle weiteren Informationen angeben, um den Anmeldevorgang abzuschlie\u00dfen.<\/li>\r\n \t<li>Dein Login darf nur von einem Affiliate verwendet werden - ein Account, der von mehreren Personen gemeinsam genutzt wird, ist nicht zul\u00e4ssig.<\/li>\r\n \t<li>Du bist daf\u00fcr verantwortlich, die Sicherheit deines Kontos und deines Passworts zu gew\u00e4hrleisten.<strong>\u00a0Hempions <\/strong>k\u00f6nnen und werden nicht f\u00fcr Verluste oder Sch\u00e4den haftbar gemacht, die durch die Nichteinhaltung dieser Sicherheitsverpflichtung entstehen.<\/li>\r\n \t<li>Du bist f\u00fcr alle Inhalte und Aktivit\u00e4ten verantwortlich, die unter deinem Konto erfolgen.<\/li>\r\n \t<li>Du darfst das Programm nicht f\u00fcr illegale oder nicht autorisierte Zwecke verwenden. Du darfst bei der Nutzung des Dienstes nicht gegen Gesetze in deinem Land versto\u00dfen (einschlie\u00dflich, aber nicht beschr\u00e4nkt auf Urheberrechtsgesetze).<\/li>\r\n \t<li>Du darfst <strong>das Partnerprogramm<\/strong> nicht verwenden, um \u00fcber deine eigenen Eink\u00e4ufe bei<strong>\u00a0Hempions<\/strong> Geld zu verdienen. Solche K\u00e4ufe k\u00f6nnen (nach unserem alleinigen Ermessen) dazu f\u00fchren, dass die Vermittlungsgeb\u00fchr einbehalten wird und \/ oder die Vereinbarung beendet wird.<\/li>\r\n \t<li>Du hast f\u00fcr die Versteuerung des Provisionseinkommens bzw. der Sozialversicherungsabgaben selbst zu sorgen.<\/li>\r\n<\/ul>\r\n<h2>Links \/ Grafiken auf deiner Website, in deinen E-Mails oder anderen Mitteilungen<\/h2>\r\nSobald du dich f\u00fcr das Partnerprogramm angemeldet hast, erhaltest du einen eindeutigen Partnercode. Du darfst Links, Banner oder andere Grafiken mit deinem Partnercode auf deiner Website, in deinen E-Mails oder in anderen Plattformen zur Kommunikation platzieren. Wir stellen dir Richtlinien, Verkn\u00fcpfungsstile und Grafiken zur Verf\u00fcgung, die du zum Verkn\u00fcpfen mit<strong>\u00a0Hempions<\/strong> verwenden kannst. Wir k\u00f6nnen das Design der Grafiken jederzeit und ohne Vorank\u00fcndigung \u00e4ndern. Die Abmessungen der Bilder werden jedoch nicht ohne vorherige Ank\u00fcndigung ge\u00e4ndert.\r\n\r\nUm eine genaue Nachverfolgung, Berichterstellung und Gutschrift von Provisionen zu erm\u00f6glichen, stellen wir dir spezielle <strong>Linkformate<\/strong> zur Verf\u00fcgung, die in allen Links zwischen deiner Website und<strong>\u00a0Hempions<\/strong> verwendet werden k\u00f6nnen. Du musst sicherstellen, dass jede der Verbindungen zwischen deiner Website und<strong>\u00a0Hempions<\/strong>\u00a0solche speziellen\u00a0<strong>Linkformate<\/strong> ordnungsgem\u00e4\u00df verwendet. Links zu<strong>\u00a0Hempions,<\/strong> die gem\u00e4\u00df dieser Vereinbarung auf deiner Website platziert wurden und die solche speziellen <strong>Linkformate<\/strong> ordnungsgem\u00e4\u00df verwenden, werden als \u201eAffiliate Links\u201c bezeichnet. Du verdienst nur Empfehlungsprovisionen f\u00fcr Verk\u00e4ufe von<strong>\u00a0Hempions <\/strong>Produkten, wenn die K\u00e4ufer \u00fcber einen Affiliate Link auf unsere Website geleitet werden; Wir haften dir gegen\u00fcber nicht f\u00fcr Vers\u00e4umnisse, den Affiliate Links richtig in deiner Website einzubauen oder bei dem Fall, dass der Affiliate Link falsch eingetippt wurde.\r\n<h2>Vermittlungsgeb\u00fchren \/ Provisionen und Zahlung<\/h2>\r\nDamit ein Produktverkauf berechtigt ist, eine Empfehlungsgeb\u00fchr zu erhalten, muss der Kunde einen Affiliate Link von deiner Website, E-Mail oder anderen Mitteilungen anklicken\u00a0und w\u00e4hrend dieser Sitzung eine Bestellung f\u00fcr ein Produkt abschlie\u00dfen.\r\n\r\nProvisionen werden nur f\u00fcr Links gezahlt, die von unseren Systemen automatisch verfolgt und gemeldet werden. Wir zahlen keine Provisionen, wenn jemand sagt, dass sie gekauft haben, oder jemand sagt, dass er einen Empfehlungscode eingegeben hat, wenn er nicht von unserem System erfasst wurde. Wir k\u00f6nnen nur Provisionen f\u00fcr Gesch\u00e4fte entrichten, die durch ordnungsgem\u00e4\u00df formatierte Affiliate Links generiert werden, die von unseren Systemen automatisch nachverfolgt werden.\r\n\r\nWir behalten uns das Recht vor, Provisionen zu disqualifizieren, die durch betr\u00fcgerische, illegale oder \u00fcberm\u00e4\u00dfig aggressive, fragw\u00fcrdige Verkaufs- oder Marketingmethoden erzielt wurden.\r\n\r\nZahlungen beginnen erst, wenn du mehr als <strong>20 \u20ac <\/strong>Affiliate-Einkommen verdient hast. Wenn dein Partnerkonto niemals den Schwellenwert <strong>von 20 \u20ac<\/strong>\u00a0\u00fcberschreitet, werden deine Provisionen nicht realisiert oder ausgezahlt. Wir sind nur f\u00fcr die Zahlung von Konten verantwortlich, die die Schwelle <strong>von 20 \u20ac<\/strong>\u00a0\u00fcberschritten haben.\r\n<h2>Identifizierung als Hempions Affiliate<\/h2>\r\nDu darfst keine Pressemitteilung zu dieser Vereinbarung oder deiner Teilnahme am Programm herausgeben. Eine solche Ma\u00dfnahme kann dazu f\u00fchren, dass du das Programm beenden musst. Dar\u00fcber hinaus darfst du die Beziehung zwischen dir und <strong>Hempions<\/strong> in keiner Weise falsch darstellen oder versch\u00f6nern, wie beispielsweise zu sagen, dass du unsere Produkte mitentwickelst oder du Teil von<strong>\u00a0Hempions<\/strong> bist. Dies gilt nur dann nicht, wenn dies wir dies ausdr\u00fccklich mit dir schriftlich vereinbart haben.\r\n<h2>Zahlungsplan<\/h2>\r\nSolange deine monatlichen Affiliate-Einnahmen \u00fcber <strong>20 \u20ac liegen<\/strong> werden diese jeden Monat ausgezahlt. Wenn du seit deiner letzten Zahlung nicht <strong>20 \u20ac<\/strong> verdient hast, zahlen wir dir das Geld in dem Monat, indem du die Schwelle wieder \u00fcberschritten hast.\r\n<h2>Kundendefinition<\/h2>\r\nKunden, die Produkte \u00fcber dieses Programm kaufen, gelten auch als unsere Kunden. Dementsprechend gelten alle unsere allgemeinen Gesch\u00e4ftsbedingungen (AGB) in Bezug auf Kundenbestellungen, Kundendienst und Produktverkauf f\u00fcr diese Kunden. Wir k\u00f6nnen unsere AGB \u00e4ndern. Beispielsweise legen wir die Preise f\u00fcr Produkte, die im Rahmen dieses Programms verkauft werden, gem\u00e4\u00df unseren eigenen Preisrichtlinien fest. Produktpreise und Verf\u00fcgbarkeit k\u00f6nnen von Zeit zu Zeit variieren. Da sich Preis\u00e4nderungen auf Produkte auswirken k\u00f6nnen, die du auf deiner Website aufgelistet hast, sollest du auf deiner Website keine Produktpreise anzeigen. Wir werden wirtschaftlich angemessene Anstrengungen unternehmen, um genaue Informationen bereitzustellen, k\u00f6nnen jedoch nicht die Verf\u00fcgbarkeit oder den Preis eines bestimmten Produkts garantieren.\r\n<h2>Deine Verantwortungen<\/h2>\r\nDu tr\u00e4gst die alleinige Verantwortung f\u00fcr die Entwicklung, den Betrieb und die Wartung deiner Website sowie f\u00fcr alle Materialien, die auf deiner Website erscheinen. Beispielsweise bist du allein verantwortlich f\u00fcr:\r\n\r\n- den technischen Betrieb deiner Website und alle damit verbundenen Ger\u00e4te\r\n- die Anzeige von Affiliate Links auf deiner Website\r\n- die Genauigkeit, Richtigkeit und Angemessenheit der auf deiner Website ver\u00f6ffentlichten Materialien (einschlie\u00dflich aller produktbezogenen Materialien und aller Informationen, die du in Affiliate Links aufnimmst oder mit Affiliate Links verkn\u00fcpfst)\r\n- die Sicherstellung, dass auf deiner Website nicht die Rechte Dritter verletzt werden (einschlie\u00dflich Urheber-, Marken- und andere pers\u00f6nliche Eigentumsrechte)\r\n- die Sicherstellung, dass auf deiner Website ver\u00f6ffentlichtes Material nicht verleumderisch oder anderweitig illegal ist.\r\n- die Sicherstellung, dass deine Website durch Datenschutzrichtlinien oder auf andere Weise genau und angemessen offenbart, wie du von Besuchern erfasste Daten, einschlie\u00dflich der Orte, sammelst, verwendest, speicherst und weitergibst.\r\n<h2>Laufzeit der Vereinbarung und des Programms<\/h2>\r\nDie Laufzeit dieser Vereinbarung beginnt mit der Annahme deines Programmantrags und endet mit der K\u00fcndigung durch eine der Parteien. Entweder du oder wir k\u00f6nnen diese Vereinbarung jederzeit mit oder ohne Grund k\u00fcndigen, indem die andere Partei schriftlich k\u00fcndigen wird. Bei K\u00fcndigung dieser Vereinbarung aus irgendeinem Grund wirst du die Verwendung aller Links zu <strong>https:\/\/hempions.com<\/strong> und all unserer Marken, Handelskleidung und Logos sowie alle anderen Materialien unverz\u00fcglich beenden und von deiner Website entfernen, die dir von uns in Verbindung mit dem Programm zur Verf\u00fcgung gestellt werden.<strong>\u00a0Hempions<\/strong> behalten sich das Recht vor, das Programm jederzeit zu beenden. Bei Beendigung des Programms zahlt<strong>\u00a0Hempions<\/strong> alle ausstehenden Einnahmen bei entsprechender Schwelle aus.\r\n<h2>Beendigung<\/h2>\r\n<strong>Hempions<\/strong> hat das Recht, nach eigenem Ermessen dein Konto zu suspendieren oder zu k\u00fcndigen und jegliche aktuelle oder zuk\u00fcnftige Nutzung des Programms\u00a0aus beliebigen Gr\u00fcnden jederzeit zu\u00a0<strong>verweigern<\/strong>. Eine solche K\u00fcndigung des Dienstes f\u00fchrt zur Deaktivierung oder L\u00f6schung deines Kontos oder des Zugriffs auf dein Konto und zum Erl\u00f6schen und Verzicht auf alle potenziellen oder zu zahlenden Provisionen in deinem Konto, wenn diese durch betr\u00fcgerische oder illegal verdiente Provisionen sowie mit aggressiven, fragw\u00fcrdigen Verkaufs- oder Marketingmethoden erzielt wurden.<strong>\u00a0Hempions<\/strong>\u00a0beh\u00e4lt sich das Recht vor, aus irgendeinem Grund jederzeit den Dienst zu verweigern.\r\n<h2>Beziehung der Parteien<\/h2>\r\nDu und <strong>Hempions<\/strong> sind unabh\u00e4ngige Auftragnehmer, und nichts in dieser Vereinbarung begr\u00fcndet eine Partnerschaft, ein Joint Venture, eine Agentur, ein Franchise, einen Verkaufsvertreter oder ein Arbeitsverh\u00e4ltnis zwischen den Parteien. Du bist nicht befugt, Angebote oder Zusicherungen in unserem Namen abzugeben oder anzunehmen. Du wirst keine Aussagen machen, ob auf deiner Website oder auf andere Weise, die den in diesem Abschnitt genannten Umst\u00e4nden widersprechen.\r\n<h2>Haftungsbeschr\u00e4nkungen<\/h2>\r\nWir haften nicht f\u00fcr indirekte, spezielle oder Folgesch\u00e4den (oder Verluste von Einnahmen, Gewinnen oder Daten), die im Zusammenhang mit dieser Vereinbarung oder dem Programm entstehen, auch wenn wir auf die M\u00f6glichkeit solcher Sch\u00e4den hingewiesen wurden. Dar\u00fcber hinaus \u00fcberschreitet unsere Gesamtschuld, die sich aus dieser Vereinbarung und dem Programm ergibt, nicht die gesamten \u00dcberweisungsgeb\u00fchren, die dir im Rahmen dieser Vereinbarung gezahlt wurden oder zu zahlen sind.\r\n<h2>Haftungsausschluss<\/h2>\r\nWir geben keine ausdr\u00fccklichen oder stillschweigenden Garantien oder Zusicherungen in Bezug auf das Programm oder auf die \u00fcber das Programm verkauften Produkte ab (einschlie\u00dflich, ohne Einschr\u00e4nkung, Garantien f\u00fcr die Eignung, Marktg\u00e4ngigkeit, Nichtverletzung oder implizite Garantien, die sich aus einem Leistungs-, Handels- oder Gesch\u00e4ftsverlauf ergeben). Dar\u00fcber hinaus \u00fcbernehmen wir keine <strong>Zusicherung,<\/strong> dass die Website der<strong> Hempions GmbH<\/strong> ununterbrochen oder fehlerfrei ist, und wir haften nicht f\u00fcr die Folgen von Unterbrechungen oder Fehlern.<\/div>\n<\/div>\n<\/div>\n\n<div class=\"wpcf7 no-js\" id=\"wpcf7-f58655-o1\" lang=\"en-US\" dir=\"ltr\" data-wpcf7-id=\"58655\">\n<div class=\"screen-reader-response\"><p role=\"status\" aria-live=\"polite\" aria-atomic=\"true\"><\/p> <ul><\/ul><\/div>\n<form action=\"\/ch\/wp-json\/wp\/v2\/pages\/41929#wpcf7-f58655-o1\" method=\"post\" class=\"wpcf7-form init\" aria-label=\"Contact form\" novalidate=\"novalidate\" data-status=\"init\" data-trp-original-action=\"\/ch\/wp-json\/wp\/v2\/pages\/41929#wpcf7-f58655-o1\">\n<fieldset class=\"hidden-fields-container\"><input type=\"hidden\" name=\"_wpcf7\" value=\"58655\" \/><input type=\"hidden\" name=\"_wpcf7_version\" value=\"6.1.5\" \/><input type=\"hidden\" name=\"_wpcf7_locale\" value=\"en_US\" \/><input type=\"hidden\" name=\"_wpcf7_unit_tag\" value=\"wpcf7-f58655-o1\" \/><input type=\"hidden\" name=\"_wpcf7_container_post\" value=\"0\" \/><input type=\"hidden\" name=\"_wpcf7_posted_data_hash\" value=\"\" \/><input type=\"hidden\" name=\"_wpcf7_recaptcha_response\" value=\"\" \/>\n<\/fieldset>\n<p><label> Vorname <span style=\"color: red;\">*<\/span><br \/>\n<span class=\"wpcf7-form-control-wrap\" data-name=\"vorname\"><input size=\"40\" maxlength=\"400\" class=\"wpcf7-form-control wpcf7-text wpcf7-validates-as-required\" aria-required=\"true\" aria-invalid=\"false\" value=\"\" type=\"text\" name=\"vorname\" \/><\/span> <\/label>\n<\/p>\n<p><label> Nachname <span style=\"color: red;\">*<\/span><br \/>\n<span class=\"wpcf7-form-control-wrap\" data-name=\"nachname\"><input size=\"40\" maxlength=\"400\" class=\"wpcf7-form-control wpcf7-text wpcf7-validates-as-required\" aria-required=\"true\" aria-invalid=\"false\" value=\"\" type=\"text\" name=\"nachname\" \/><\/span> <\/label>\n<\/p>\n<p><label> E-Mail <span style=\"color: red;\">*<\/span><br \/>\n<span class=\"wpcf7-form-control-wrap\" data-name=\"email\"><input size=\"40\" maxlength=\"400\" class=\"wpcf7-form-control wpcf7-email wpcf7-validates-as-required wpcf7-text wpcf7-validates-as-email\" aria-required=\"true\" aria-invalid=\"false\" value=\"\" type=\"email\" name=\"email\" \/><\/span> <\/label>\n<\/p>\n<p><label> Website<br \/>\n<span class=\"wpcf7-form-control-wrap\" data-name=\"website\"><input size=\"40\" maxlength=\"400\" class=\"wpcf7-form-control wpcf7-url wpcf7-text wpcf7-validates-as-url\" aria-invalid=\"false\" value=\"\" type=\"url\" name=\"website\" \/><\/span> <\/label>\n<\/p>\n<p><label> Warum m\u00f6chtest du Affiliate werden?<br \/>\n<span class=\"wpcf7-form-control-wrap\" data-name=\"nachricht\"><textarea cols=\"40\" rows=\"10\" maxlength=\"2000\" class=\"wpcf7-form-control wpcf7-textarea\" aria-invalid=\"false\" name=\"nachricht\"><\/textarea><\/span> <\/label>\n<\/p>\n<p><span class=\"wpcf7-form-control-wrap\" data-name=\"zustimmung\"><span class=\"wpcf7-form-control wpcf7-acceptance\"><span class=\"wpcf7-list-item\"><label><input type=\"checkbox\" name=\"zustimmung\" value=\"1\" aria-invalid=\"false\" \/><span class=\"wpcf7-list-item-label\">Mit dem Klick auf \"Senden\" akzeptierst du die <a href=\"https:\/\/staging.hempions.com\/ch\/datenschutz\/\" target=\"_blank\">Datenschutzerkl\u00e4rung<\/a> und <a href=\"https:\/\/staging.hempions.com\/ch\/geschaeftsbedingungen-affiliates\/\" target=\"_blank\">Affiliate Gesch\u00e4ftsbedingungen<\/a>.<\/span><\/label><\/span><\/span><\/span>\n<\/p>\n<span class=\"wpcf7-form-control-wrap recaptcha\" data-name=\"recaptcha\"><span data-sitekey=\"6LeN57cZAAAAANkSVs4AkrfdHLesHVdYt9sdxWgz\" class=\"wpcf7-form-control wpcf7-recaptcha g-recaptcha\"><\/span>\r\n<noscript>\r\n\t<div class=\"grecaptcha-noscript\">\r\n\t\t<iframe loading=\"lazy\" src=\"https:\/\/www.google.com\/recaptcha\/api\/fallback?k=6LeN57cZAAAAANkSVs4AkrfdHLesHVdYt9sdxWgz\" frameborder=\"0\" scrolling=\"no\" width=\"310\" height=\"430\">\r\n\t\t<\/iframe>\r\n\t\t<textarea name=\"g-recaptcha-response\" rows=\"3\" cols=\"40\" placeholder=\"reCaptcha Response Here\">\r\n\t\t<\/textarea>\r\n\t<\/div>\r\n<\/noscript>\r\n<\/span>\n<p style=\"margin-top: 10px;\"><input class=\"wpcf7-form-control wpcf7-submit has-spinner\" type=\"submit\" value=\"Senden\" \/>\n<\/p>\n<p style=\"text-align: right; font-size: 12px;\"><span style=\"color: red;\">*<\/span>erforderlich\n<\/p><div class=\"wpcf7-response-output\" aria-hidden=\"true\"><\/div>\n<input type=\"hidden\" name=\"trp-form-language\" value=\"ch\"\/><\/form>\n<\/div>\n\n<p><!--\u2013-  -\u2013--><\/p>","protected":false},"excerpt":{"rendered":"","protected":false},"author":1,"featured_media":0,"parent":41927,"menu_order":0,"comment_status":"closed","ping_status":"closed","template":"","meta":{"CBBTypography":[],"editor_plus_copied_stylings":"{}","site-sidebar-layout":"default","site-content-layout":"default","ast-site-content-layout":"default","site-content-style":"default","site-sidebar-style":"default","ast-global-header-display":"","ast-banner-title-visibility":"","ast-main-header-display":"","ast-hfb-above-header-display":"","ast-hfb-below-header-display":"","ast-hfb-mobile-header-display":"","site-post-title":"","ast-breadcrumbs-content":"","ast-featured-img":"disabled","footer-sml-layout":"","ast-disable-related-posts":"","theme-transparent-header-meta":"default","adv-header-id-meta":"","stick-header-meta":"default","header-above-stick-meta":"","header-main-stick-meta":"","header-below-stick-meta":"","astra-migrate-meta-layouts":"default","ast-page-background-enabled":"default","ast-page-background-meta":{"desktop":{"background-color":"","background-image":"","background-repeat":"repeat","background-position":"center center","background-size":"auto","background-attachment":"scroll","background-type":"","background-media":"","overlay-type":"","overlay-color":"","overlay-opacity":"","overlay-gradient":""},"tablet":{"background-color":"","background-image":"","background-repeat":"repeat","background-position":"center center","background-size":"auto","background-attachment":"scroll","background-type":"","background-media":"","overlay-type":"","overlay-color":"","overlay-opacity":"","overlay-gradient":""},"mobile":{"background-color":"","background-image":"","background-repeat":"repeat","background-position":"center center","background-size":"auto","background-attachment":"scroll","background-type":"","background-media":"","overlay-type":"","overlay-color":"","overlay-opacity":"","overlay-gradient":""}},"ast-content-background-meta":{"desktop":{"background-color":"var(--ast-global-color-5)","background-image":"","background-repeat":"repeat","background-position":"center center","background-size":"auto","background-attachment":"scroll","background-type":"","background-media":"","overlay-type":"","overlay-color":"","overlay-opacity":"","overlay-gradient":""},"tablet":{"background-color":"var(--ast-global-color-5)","background-image":"","background-repeat":"repeat","background-position":"center center","background-size":"auto","background-attachment":"scroll","background-type":"","background-media":"","overlay-type":"","overlay-color":"","overlay-opacity":"","overlay-gradient":""},"mobile":{"background-color":"var(--ast-global-color-5)","background-image":"","background-repeat":"repeat","background-position":"center center","background-size":"auto","background-attachment":"scroll","background-type":"","background-media":"","overlay-type":"","overlay-color":"","overlay-opacity":"","overlay-gradient":""}},"footnotes":""},"class_list":["post-41929","page","type-page","status-publish","hentry"],"_links":{"self":[{"href":"https:\/\/staging.hempions.com\/ch\/wp-json\/wp\/v2\/pages\/41929","targetHints":{"allow":["GET"]}}],"collection":[{"href":"https:\/\/staging.hempions.com\/ch\/wp-json\/wp\/v2\/pages"}],"about":[{"href":"https:\/\/staging.hempions.com\/ch\/wp-json\/wp\/v2\/types\/page"}],"author":[{"embeddable":true,"href":"https:\/\/staging.hempions.com\/ch\/wp-json\/wp\/v2\/users\/1"}],"replies":[{"embeddable":true,"href":"https:\/\/staging.hempions.com\/ch\/wp-json\/wp\/v2\/comments?post=41929"}],"version-history":[{"count":2,"href":"https:\/\/staging.hempions.com\/ch\/wp-json\/wp\/v2\/pages\/41929\/revisions"}],"predecessor-version":[{"id":59282,"href":"https:\/\/staging.hempions.com\/ch\/wp-json\/wp\/v2\/pages\/41929\/revisions\/59282"}],"up":[{"embeddable":true,"href":"https:\/\/staging.hempions.com\/ch\/wp-json\/wp\/v2\/pages\/41927"}],"wp:attachment":[{"href":"https:\/\/staging.hempions.com\/ch\/wp-json\/wp\/v2\/media?parent=41929"}],"curies":[{"name":"wp","href":"https:\/\/api.w.org\/{rel}","templated":true}]}}