{"id":37532,"date":"2018-05-29T22:15:21","date_gmt":"2018-05-29T20:15:21","guid":{"rendered":"https:\/\/www.thehempions.com\/?page_id=37532"},"modified":"2022-08-12T17:00:50","modified_gmt":"2022-08-12T15:00:50","slug":"vision-und-werte","status":"publish","type":"page","link":"https:\/\/staging.hempions.com\/ch\/vision-und-werte\/","title":{"rendered":"Vision und Werte"},"content":{"rendered":"<p style=\"text-align: center; margin: 40px 0; max-width: 600px; border: 1px solid #000000; border-radius: 10px; padding: 40px;\"><span style=\"font-weight: 400; font-size: 20px;\">Unsere <strong>Vision<\/strong> ist es, das volle Potential der Hanfpflanze zum Vorteil von Mensch und Natur zu nutzen.<\/span><\/p>\n<h2 style=\"margin-top: 40px;\"><strong>Wieso \u201eHempions\u201c?<\/strong><\/h2>\n<p><img loading=\"lazy\" decoding=\"async\" class=\"wp-image-44376 size-full alignnone\" src=\"https:\/\/hempions.com\/wp-content\/uploads\/HempionsLogoHeaderHQ-1.png\" alt=\"\" width=\"360\" height=\"104\" title=\"\" srcset=\"https:\/\/staging.hempions.com\/wp-content\/uploads\/HempionsLogoHeaderHQ-1.png 360w, https:\/\/staging.hempions.com\/wp-content\/uploads\/HempionsLogoHeaderHQ-1-300x87.png 300w, https:\/\/staging.hempions.com\/wp-content\/uploads\/HempionsLogoHeaderHQ-1-208x60.png 208w\" sizes=\"auto, (max-width: 360px) 100vw, 360px\" \/><\/p>\n<div style=\"margin-bottom: 40px; max-width: 700px;\">Der Name<strong>\u00a0Hempions<\/strong>\u00a0leitet sich von den beiden W\u00f6rtern\u00a0<strong>Hemp\u00a0<\/strong>(engl. f\u00fcr Hanf) und\u00a0<strong>Champions<\/strong>\u00a0(engl. f\u00fcr Sieger) ab.<br \/>\nDies geht Hand in Hand mit <strong>unser Motto<\/strong>:<\/div>\n<div style=\"margin-bottom: 40px; max-width: 700px;\"><strong><span style=\"font-size: 20px;\">Wir machen Hanf f\u00fcr Champions.<\/span><\/strong><\/div>\n<div style=\"margin-bottom: 40px; max-width: 700px;\">Wir wollen es schaffen, dass Hanf in Zukunft seinem immensen Potential als <strong>Champion<\/strong> der Pflanzenwelt gerecht wird. Die Gewinner dabei nicht nur die Menschen, sondern auch die Natur. Dadurch werden wir alle zum Champions, oder besser gesagt <strong>Hempions<\/strong>. Denn kaum eine Pflanze bietet dazu mehr M\u00f6glichkeiten als Hanf, die \u00e4lteste Kulturpflanze der Welt.<\/div>\n<p><img loading=\"lazy\" decoding=\"async\" class=\"alignnone wp-image-44376\" src=\"https:\/\/hempions.com\/wp-content\/uploads\/HempionsWerte-800x450.jpg\" alt=\"Hempions Werte Hanf\" width=\"600\" height=\"338\" title=\"\"><\/p>\n<h2 style=\"margin-top: 40px;\"><strong>Unsere Werte<\/strong><\/h2>\n<div style=\"margin-bottom: 40px; max-width: 700px;\"><img decoding=\"async\" style=\"padding-bottom: 15px;\" src=\"https:\/\/hempions.com\/wp-content\/uploads\/Wert_Nachhaltig.png\" width=\"50\" alt=\"\" title=\"\"><span style=\"margin-left: 15px; font-size: 20px;\"><b>Nachhaltig<\/b><\/span><br \/>\n<span style=\"font-weight: 400;\">Kommende Generationen liegen uns am Herzen. Mit einem nachhaltigen Produkt-Kreislauf tragen wir unseren Teil zur Gesundheit von Mutter Erde bei.<\/span><\/div>\n<div style=\"margin-bottom: 40px; max-width: 700px;\"><img decoding=\"async\" style=\"padding-bottom: 15px;\" src=\"https:\/\/hempions.com\/wp-content\/uploads\/Wert_Leistungsorientiert.png\" width=\"50\" alt=\"\" title=\"\"><span style=\"margin-left: 15px; font-size: 20px;\"><b>Leistungsorientiert<\/b><\/span><br \/>\n<span style=\"font-weight: 400;\">Wir wollen etwas bewegen und unseren Beitrag f\u00fcr eine ges\u00fcndere und nachhaltigere Welt leisten. Wir und die Hanfpflanze sind nur dann wahre Champions, wenn wir diesem Anspruch erfolgreich gerecht werden. Die Hempions beginnen heute, anstatt auf morgen zu warten<\/span><b> &#8211; <\/b><span style=\"font-weight: 400;\">denn Taten z\u00e4hlen mehr als Worte.<\/span><\/div>\n<div style=\"margin-bottom: 40px; max-width: 700px;\"><img decoding=\"async\" style=\"padding-bottom: 15px;\" src=\"https:\/\/hempions.com\/wp-content\/uploads\/Wert_Freudig.png\" width=\"50\" alt=\"\" title=\"\"><span style=\"margin-left: 15px; font-size: 20px;\"><b>Zufrieden<\/b><\/span><br \/>\n<span style=\"font-weight: 400;\">Uns liegt es am Herzen, dass jeder Kunde Spa\u00df und Freude an unseren Produkten und dem Kontakt mit Hempions hat. Genau so sind wir mit Spa\u00df und Freude an unserer Arbeit, von Grund auf positiv und finden Erf\u00fcllung in unserer Aufgabe.\u00a0<\/span><\/div>\n<div style=\"margin-bottom: 40px; max-width: 700px;\"><img decoding=\"async\" style=\"padding-bottom: 15px;\" src=\"https:\/\/hempions.com\/wp-content\/uploads\/Wert_Gesund.png\" width=\"50\" alt=\"\" title=\"\"><span style=\"margin-left: 15px; font-size: 20px;\"><b>Vital<\/b><\/span><br \/>\n<span style=\"font-weight: 400;\">Als h\u00f6chstes Gut ist uns die Gesundheit aller Menschen ein besonderes Anliegen. Wir setzen uns daf\u00fcr ein, dass du deine Leistungsf\u00e4higkeit steigern und das Beste aus jedem Tag holen kannst.<\/span><\/div>","protected":false},"excerpt":{"rendered":"<p> [&hellip;]<\/p>","protected":false},"author":1,"featured_media":46381,"parent":0,"menu_order":0,"comment_status":"closed","ping_status":"closed","template":"","meta":{"CBBTypography":[],"editor_plus_copied_stylings":"{}","site-sidebar-layout":"default","site-content-layout":"default","ast-site-content-layout":"default","site-content-style":"default","site-sidebar-style":"default","ast-global-header-display":"","ast-banner-title-visibility":"","ast-main-header-display":"","ast-hfb-above-header-display":"","ast-hfb-below-header-display":"","ast-hfb-mobile-header-display":"","site-post-title":"disabled","ast-breadcrumbs-content":"disabled","ast-featured-img":"","footer-sml-layout":"","ast-disable-related-posts":"","theme-transparent-header-meta":"default","adv-header-id-meta":"","stick-header-meta":"default","header-above-stick-meta":"","header-main-stick-meta":"","header-below-stick-meta":"","astra-migrate-meta-layouts":"default","ast-page-background-enabled":"default","ast-page-background-meta":{"desktop":{"background-color":"","background-image":"","background-repeat":"repeat","background-position":"center center","background-size":"auto","background-attachment":"scroll","background-type":"","background-media":"","overlay-type":"","overlay-color":"","overlay-opacity":"","overlay-gradient":""},"tablet":{"background-color":"","background-image":"","background-repeat":"repeat","background-position":"center center","background-size":"auto","background-attachment":"scroll","background-type":"","background-media":"","overlay-type":"","overlay-color":"","overlay-opacity":"","overlay-gradient":""},"mobile":{"background-color":"","background-image":"","background-repeat":"repeat","background-position":"center center","background-size":"auto","background-attachment":"scroll","background-type":"","background-media":"","overlay-type":"","overlay-color":"","overlay-opacity":"","overlay-gradient":""}},"ast-content-background-meta":{"desktop":{"background-color":"var(--ast-global-color-5)","background-image":"","background-repeat":"repeat","background-position":"center center","background-size":"auto","background-attachment":"scroll","background-type":"","background-media":"","overlay-type":"","overlay-color":"","overlay-opacity":"","overlay-gradient":""},"tablet":{"background-color":"var(--ast-global-color-5)","background-image":"","background-repeat":"repeat","background-position":"center center","background-size":"auto","background-attachment":"scroll","background-type":"","background-media":"","overlay-type":"","overlay-color":"","overlay-opacity":"","overlay-gradient":""},"mobile":{"background-color":"var(--ast-global-color-5)","background-image":"","background-repeat":"repeat","background-position":"center center","background-size":"auto","background-attachment":"scroll","background-type":"","background-media":"","overlay-type":"","overlay-color":"","overlay-opacity":"","overlay-gradient":""}},"footnotes":""},"class_list":["post-37532","page","type-page","status-publish","has-post-thumbnail","hentry"],"_links":{"self":[{"href":"https:\/\/staging.hempions.com\/ch\/wp-json\/wp\/v2\/pages\/37532","targetHints":{"allow":["GET"]}}],"collection":[{"href":"https:\/\/staging.hempions.com\/ch\/wp-json\/wp\/v2\/pages"}],"about":[{"href":"https:\/\/staging.hempions.com\/ch\/wp-json\/wp\/v2\/types\/page"}],"author":[{"embeddable":true,"href":"https:\/\/staging.hempions.com\/ch\/wp-json\/wp\/v2\/users\/1"}],"replies":[{"embeddable":true,"href":"https:\/\/staging.hempions.com\/ch\/wp-json\/wp\/v2\/comments?post=37532"}],"version-history":[{"count":2,"href":"https:\/\/staging.hempions.com\/ch\/wp-json\/wp\/v2\/pages\/37532\/revisions"}],"predecessor-version":[{"id":72967,"href":"https:\/\/staging.hempions.com\/ch\/wp-json\/wp\/v2\/pages\/37532\/revisions\/72967"}],"wp:featuredmedia":[{"embeddable":true,"href":"https:\/\/staging.hempions.com\/ch\/wp-json\/wp\/v2\/media\/46381"}],"wp:attachment":[{"href":"https:\/\/staging.hempions.com\/ch\/wp-json\/wp\/v2\/media?parent=37532"}],"curies":[{"name":"wp","href":"https:\/\/api.w.org\/{rel}","templated":true}]}}