{"id":37149,"date":"2018-04-26T14:03:48","date_gmt":"2018-04-26T12:03:48","guid":{"rendered":"https:\/\/www.thehempions.com\/?page_id=37149"},"modified":"2024-05-29T11:51:02","modified_gmt":"2024-05-29T09:51:02","slug":"widerrufsrecht","status":"publish","type":"page","link":"https:\/\/staging.hempions.com\/ch\/widerrufsrecht\/","title":{"rendered":"Widerrufsrecht"},"content":{"rendered":"<h1 class=\"wp-block-heading has-text-align-center eplus-wrapper\" style=\"margin-bottom:40px\"><strong>Widerrufsrecht<\/strong><\/h1>\n\n\n<div class=\"wp-block-columns eplus-wrapper is-layout-flex wp-container-core-columns-is-layout-8a3a412e wp-block-columns-is-layout-flex eplus-styles-uid-1e5cbe\" style=\"margin-bottom:40px\"><div class=\"wp-block-column eplus-wrapper is-layout-flow wp-block-column-is-layout-flow eplus-styles-uid-5563f3\"><h3 class=\"wp-block-heading eplus-wrapper eplus-styles-uid-84c86b\"><strong>Falschlieferungen \/ Paketschaden\u00a0<\/strong><\/h3>\n\n<p class=\"eplus-wrapper eplus-styles-uid-b803f8\"><strong>Wichtig:<\/strong> falls du <strong>defekte<\/strong> oder<strong> falsche Produkte<\/strong> erhalten hast, bitten wir darum, innerhalb von <strong>f\u00fcnf Kalendertagen<\/strong> nach Erhalt des Paketes eine E-Mail mit Fotos des betroffenen Paketes bzw. Produktes an <strong><a href=\"mailto:support@hempions.ch\">support@hempions.ch<\/a><\/strong> zu senden. Dann k\u00f6nnen wir dies sofort an die zust\u00e4ndige Stelle weiterleiten und dir einen Ersatz zusenden.<\/p><\/div><\/div>\n\n<h3><b>Widerrufsbelehrung<\/b><\/h3>\n<p><span style=\"font-weight: 400;\">Verbraucher haben ein vierzehnt\u00e4giges Widerrufsrecht<\/span><\/p>\n<h3><b>Widerrufsrecht<\/b><\/h3>\n<p><span style=\"font-weight: 400;\">Du hast das Recht, binnen vierzehn Tagen ohne Angabe von Gr\u00fcnden diesen Vertrag zu widerrufen.<\/span><\/p>\n<p><span style=\"font-weight: 400;\">Die Widerrufsfrist betr\u00e4gt vierzehn Tage ab dem Tag, an dem du oder ein von dir benannter Dritter, der nicht der Bef\u00f6rderer ist, die letzte Ware in Besitz genommen hast bzw. hat.<\/span><\/p>\n<p><span style=\"font-weight: 400;\">Um dein Widerrufsrecht auszu\u00fcben, musst du uns (Hempions GmbH, Glaserweg 20, 6890 Lustenau, \u00d6sterreich, info@hempions.com, Telefon: +43 720 302244) mittels einer eindeutigen Erkl\u00e4rung (z. B. ein mit der Post versandter Brief oder E-Mail) \u00fcber deinen Entschluss, diesen Vertrag zu widerrufen, informieren. Du kannst daf\u00fcr das beigef\u00fcgte Muster-Widerrufsformular verwenden, das jedoch nicht vorgeschrieben ist.<\/span><\/p>\n<p><span style=\"font-weight: 400;\">Zur Wahrung der Widerrufsfrist reicht es aus, dass du die Mitteilung \u00fcber die Aus\u00fcbung des Widerrufsrechts vor Ablauf der Widerrufsfrist absendest.<\/span><\/p>\n<h3><b>Folgen des Widerrufs<\/b><\/h3>\n<p><span style=\"font-weight: 400;\">Wenn du diesen Vertrag widerrufst, haben wir dir alle Zahlungen, die wir von dir erhalten haben, einschlie\u00dflich der Lieferkosten (mit Ausnahme der zus\u00e4tzlichen Kosten, die sich daraus ergeben, dass du eine andere Art der Lieferung als die von uns angebotene, g\u00fcnstigste Standardlieferung gew\u00e4hlt hast), unverz\u00fcglich und sp\u00e4testens binnen vierzehn Tagen ab dem Tag zur\u00fcckzuzahlen, an dem die Mitteilung \u00fcber deinen Widerruf dieses Vertrags bei uns eingegangen ist. F\u00fcr diese R\u00fcckzahlung verwenden wir dasselbe Zahlungsmittel, das du bei der urspr\u00fcnglichen Transaktion eingesetzt hast, es sei denn, mit dir wurde ausdr\u00fccklich etwas anderes vereinbart; in keinem Fall werden dir wegen dieser R\u00fcckzahlung Entgelte berechnet. Wir k\u00f6nnen die R\u00fcckzahlung verweigern, bis wir die Waren wieder zur\u00fcckerhalten haben oder bis du den Nachweis erbracht hast, dass du die Waren zur\u00fcckgesandt hast, je nachdem, welches der fr\u00fchere Zeitpunkt ist.<\/span><\/p>\n<p><span style=\"font-weight: 400;\">Du hast die Waren unverz\u00fcglich und in jedem Fall sp\u00e4testens binnen vierzehn Tagen ab dem Tag, an dem du uns \u00fcber den Widerruf dieses Vertrags unterrichtest, an uns zur\u00fcckzusenden oder zu \u00fcbergeben. Die Frist ist gewahrt, wenn du die Waren vor Ablauf der Frist von vierzehn Tagen absendest. Du tr\u00e4gst die unmittelbaren Kosten der R\u00fccksendung der Waren. Du musst f\u00fcr einen etwaigen Wertverlust der Waren nur aufkommen, wenn dieser Wertverlust auf einen zur Pr\u00fcfung der Beschaffenheit, Eigenschaften und Funktionsweise der Waren nicht notwendigen Umgang mit ihnen zur\u00fcckzuf\u00fchren ist.<\/span><\/p>\n<p><span style=\"font-size: 1rem;\">Das Widerrufsrecht besteht nicht bei <\/span><span style=\"font-size: 1rem;\">den folgenden Vertr\u00e4gen:<\/span><\/p>\n<ul>\n<li>Vertr\u00e4ge zur Lieferung von Waren, die nicht vorgefertigt sind und f\u00fcr deren Herstellung eine individuelle Auswahl oder Bestimmung durch den Verbraucher ma\u00dfgeblich ist oder die eindeutig auf die pers\u00f6nlichen Bed\u00fcrfnisse des Verbrauchers zugeschnitten sind;<\/li>\n<li>Vertr\u00e4ge zur Lieferung von Waren, die schnell verderben k\u00f6nnen oder deren Verfallsdatum schnell \u00fcberschritten w\u00fcrde.<\/li>\n<\/ul>\n<p>Das Widerrufsrecht erlischt vorzeitig bei den folgenden Vertr\u00e4gen:<\/p>\n<ul>\n<li>Vertr\u00e4ge zur Lieferung versiegelter Waren, die aus Gr\u00fcnden des Gesundheitsschutzes oder der Hygiene nicht zur R\u00fcckgabe geeignet sind, wenn ihre Versiegelung nach der Lieferung entfernt wurde;<\/li>\n<li>Vertr\u00e4ge zur Lieferung von Waren, wenn diese nach der Lieferung aufgrund ihrer Beschaffenheit untrennbar mit anderen G\u00fctern vermischt wurden.<\/li>\n<\/ul>\n<h3><b>Muster-Widerrufsformular<\/b><\/h3>\n<p><i><span style=\"font-weight: 400;\">(Wenn du den Vertrag widerrufen willst, dann f\u00fclle bitte dieses Formular aus und sende es an uns zur\u00fcck.)<\/span><\/i><\/p>\n<p><span style=\"font-weight: 400;\">\u2013 An die E-Mail Adresse: contact@hempions.com<\/span><\/p>\n<p><span style=\"font-weight: 400;\">\u2013 Hiermit widerrufe(n) ich\/wir (*) den von mir\/uns (*) abgeschlossenen Vertrag \u00fcber den Kauf der folgenden Waren (*)\/die Erbringung der folgenden Dienstleistung (*)<\/span><\/p>\n<p><span style=\"font-weight: 400;\">\u2013 Bestellt am (*)\/erhalten am (*)<\/span><\/p>\n<p><span style=\"font-weight: 400;\">\u2013 Name des\/der Verbraucher(s)<\/span><\/p>\n<p><span style=\"font-weight: 400;\">\u2013 Anschrift des\/der Verbraucher(s)<\/span><\/p>\n<p><span style=\"font-weight: 400;\">\u2013 Unterschrift des\/der Verbraucher(s) (nur bei Mitteilung auf Papier)<\/span><\/p>\n<p><span style=\"font-weight: 400;\">\u2013 Datum<\/span><\/p>\n<p><i><span style=\"font-weight: 400;\">(*) Unzutreffendes streichen.<\/span><\/i><\/p>\n<div id=\"316519___BV_modal_body_\" class=\"modal-body\">\n<p>Widerrufsbelehrung erstellt mit dem Trusted Shops Rechtstexter in Kooperation mit F\u00d6HLISCH Rechtsanw\u00e4lte.<\/p>\n<\/div>","protected":false},"excerpt":{"rendered":"<p> [&hellip;]<\/p>","protected":false},"author":1,"featured_media":0,"parent":0,"menu_order":0,"comment_status":"closed","ping_status":"closed","template":"","meta":{"CBBTypography":[],"editor_plus_copied_stylings":"{}","site-sidebar-layout":"default","site-content-layout":"default","ast-site-content-layout":"default","site-content-style":"default","site-sidebar-style":"default","ast-global-header-display":"","ast-banner-title-visibility":"","ast-main-header-display":"","ast-hfb-above-header-display":"","ast-hfb-below-header-display":"","ast-hfb-mobile-header-display":"","site-post-title":"disabled","ast-breadcrumbs-content":"disabled","ast-featured-img":"disabled","footer-sml-layout":"","ast-disable-related-posts":"","theme-transparent-header-meta":"default","adv-header-id-meta":"","stick-header-meta":"default","header-above-stick-meta":"","header-main-stick-meta":"","header-below-stick-meta":"","astra-migrate-meta-layouts":"set","ast-page-background-enabled":"default","ast-page-background-meta":{"desktop":{"background-color":"","background-image":"","background-repeat":"repeat","background-position":"center center","background-size":"auto","background-attachment":"scroll","background-type":"","background-media":"","overlay-type":"","overlay-color":"","overlay-opacity":"","overlay-gradient":""},"tablet":{"background-color":"","background-image":"","background-repeat":"repeat","background-position":"center center","background-size":"auto","background-attachment":"scroll","background-type":"","background-media":"","overlay-type":"","overlay-color":"","overlay-opacity":"","overlay-gradient":""},"mobile":{"background-color":"","background-image":"","background-repeat":"repeat","background-position":"center center","background-size":"auto","background-attachment":"scroll","background-type":"","background-media":"","overlay-type":"","overlay-color":"","overlay-opacity":"","overlay-gradient":""}},"ast-content-background-meta":{"desktop":{"background-color":"var(--ast-global-color-5)","background-image":"","background-repeat":"repeat","background-position":"center center","background-size":"auto","background-attachment":"scroll","background-type":"","background-media":"","overlay-type":"","overlay-color":"","overlay-opacity":"","overlay-gradient":""},"tablet":{"background-color":"var(--ast-global-color-5)","background-image":"","background-repeat":"repeat","background-position":"center center","background-size":"auto","background-attachment":"scroll","background-type":"","background-media":"","overlay-type":"","overlay-color":"","overlay-opacity":"","overlay-gradient":""},"mobile":{"background-color":"var(--ast-global-color-5)","background-image":"","background-repeat":"repeat","background-position":"center center","background-size":"auto","background-attachment":"scroll","background-type":"","background-media":"","overlay-type":"","overlay-color":"","overlay-opacity":"","overlay-gradient":""}},"footnotes":""},"class_list":["post-37149","page","type-page","status-publish","hentry"],"_links":{"self":[{"href":"https:\/\/staging.hempions.com\/ch\/wp-json\/wp\/v2\/pages\/37149","targetHints":{"allow":["GET"]}}],"collection":[{"href":"https:\/\/staging.hempions.com\/ch\/wp-json\/wp\/v2\/pages"}],"about":[{"href":"https:\/\/staging.hempions.com\/ch\/wp-json\/wp\/v2\/types\/page"}],"author":[{"embeddable":true,"href":"https:\/\/staging.hempions.com\/ch\/wp-json\/wp\/v2\/users\/1"}],"replies":[{"embeddable":true,"href":"https:\/\/staging.hempions.com\/ch\/wp-json\/wp\/v2\/comments?post=37149"}],"version-history":[{"count":3,"href":"https:\/\/staging.hempions.com\/ch\/wp-json\/wp\/v2\/pages\/37149\/revisions"}],"predecessor-version":[{"id":80003,"href":"https:\/\/staging.hempions.com\/ch\/wp-json\/wp\/v2\/pages\/37149\/revisions\/80003"}],"wp:attachment":[{"href":"https:\/\/staging.hempions.com\/ch\/wp-json\/wp\/v2\/media?parent=37149"}],"curies":[{"name":"wp","href":"https:\/\/api.w.org\/{rel}","templated":true}]}}