{"id":37059,"date":"2018-03-11T22:43:10","date_gmt":"2018-03-11T21:43:10","guid":{"rendered":"https:\/\/www.thehempions.com\/?page_id=37059"},"modified":"2025-10-22T12:41:51","modified_gmt":"2025-10-22T10:41:51","slug":"zahlung-und-versand","status":"publish","type":"page","link":"https:\/\/staging.hempions.com\/ch\/zahlung-und-versand\/","title":{"rendered":"Zahlung und Versand"},"content":{"rendered":"<h2 id=\"versand\"><strong>Versand<\/strong><\/h2>\n<h3>Versandkosten<\/h3>\n<table class=\"wholesale-exclude\" style=\"width: fit-content;\">\n<tbody>\n<tr>\n<th>Versandland<\/th>\n<th>bis 18 CHF<\/th>\n<th>ab 18 CHF<\/th>\n<th>Gratis ab<\/th>\n<\/tr>\n<tr class=\"noswiss-content\">\n<td>\u00d6sterreich<\/td>\n<td style=\"text-align: right;\">6,99\u20ac<\/td>\n<td style=\"text-align: right;\">4,99\u20ac<\/td>\n<td style=\"text-align: right;\"><strong>49\u20ac<\/strong><\/td>\n<\/tr>\n<tr class=\"noswiss-content\">\n<td>Deutschland<\/td>\n<td style=\"text-align: right;\">6,99\u20ac<\/td>\n<td style=\"text-align: right;\">4,99\u20ac<\/td>\n<td style=\"text-align: right;\"><strong>49\u20ac<\/strong><\/td>\n<\/tr>\n<tr>\n<td>Schweiz \/ Liechtenstein<\/td>\n<td style=\"text-align: right;\">CHF 7,95<\/td>\n<td style=\"text-align: right;\">CHF 4,95<\/td>\n<td style=\"text-align: right;\"><strong>CHF 69<\/strong><\/td>\n<\/tr>\n<tr class=\"noswiss-content\">\n<td>Belgien \/ Luxemburg \/ Niederlande \/ D\u00e4nemark \/ Ungarn \/ Tschechien \/ Slowenien \/ Slowakei \/ Italien<\/td>\n<td style=\"text-align: right;\">9,99\u20ac<\/td>\n<td style=\"text-align: right;\">9,99\u20ac<\/td>\n<td style=\"text-align: right;\"><strong>100\u20ac<\/strong><\/td>\n<\/tr>\n<tr class=\"noswiss-content\">\n<td>Frankreich \/ Polen \/ Kroatien \/ Ireland \/ Portugal \/ Finnland \/ Schweden<\/td>\n<td style=\"text-align: right;\">14,99\u20ac<\/td>\n<td style=\"text-align: right;\">14,99\u20ac<\/td>\n<td style=\"text-align: right;\"><strong>150\u20ac<\/strong><\/td>\n<\/tr>\n<tr class=\"noswiss-content\">\n<td>Rum\u00e4nien \/ Spanien<\/td>\n<td style=\"text-align: right;\">19,99\u20ac<\/td>\n<td style=\"text-align: right;\">19,99\u20ac<\/td>\n<td style=\"text-align: right;\"><strong>200\u20ac<\/strong><\/td>\n<\/tr>\n<\/tbody>\n<\/table>\n\n<ul>\n<li>Der Bestellwert wird <strong>nach Anwendung<\/strong> von Gutscheinen und Rabatten berechnet<\/li>\n<li>Die angegebenen Kosten beziehen sich auf die jeweils g\u00fcnstigete Versandmethode<\/li>\n<li class=\"noswiss-content\">Schweiz und Liechtenstein unter <strong><a style=\"font-size: 1rem;\" href=\"https:\/\/hempions.ch\" target=\"_blank\" rel=\"noopener\">hempions.ch<\/a><\/strong><\/li>\n<li class=\"noswiss-content\"><span style=\"font-size: 1rem;\">Andere Versandl\u00e4nder auf Anfage<\/span><\/li>\n<\/ul>\n<h3 style=\"margin-bottom: 0px;\">Versanddienstleister<\/h3>\n<div><img decoding=\"async\" class=\"alignnone size-full wp-image-74538\" src=\"https:\/\/hempions.com\/wp-content\/uploads\/Versand-Schweizer-Post.png\" alt=\"\" width=\"200\" title=\"\"><\/div>\n<p class=\"noswiss-content\">Nach \u00d6sterreich<br \/>\n&#8211; Versand mit der <a href=\"https:\/\/www.post.at\/\" target=\"_blank\" rel=\"noreferrer noopener\">\u00d6sterreichischen Post<\/a><\/p>\n<p class=\"noswiss-content\">Nach Deutschland<br \/>\n&#8211; Versand mit der <a href=\"https:\/\/www.post.at\/\" target=\"_blank\" rel=\"noreferrer noopener\">\u00d6sterreichischen Post<\/a> \/ <a href=\"https:\/\/www.dhl.com\/de-de\/home.html\" target=\"_blank\" rel=\"noopener\">DHL<\/a><\/p>\n<p class=\"noswiss-content\">In die Schweiz (<a href=\"https:\/\/hempions.com\/ch\" target=\"_blank\" rel=\"noopener\">hempions.ch<\/a>)<br \/>\n&#8211; Versand mit der <a href=\"https:\/\/www.post.ch\/de\" target=\"_blank\" rel=\"noopener\">Schweizer Post<\/a><\/p>\n<p class=\"noswiss-content\">Europa:<br \/>\n&#8211; Standartm\u00e4\u00dfig mit der <a href=\"https:\/\/www.post.at\/\" target=\"_blank\" rel=\"noreferrer noopener\">\u00d6sterreichischen Post<\/a><br \/>\n&#8211; Ausgew\u00e4hlte L\u00e4nder beliefern wir mit <a href=\"https:\/\/www.dpd.com\/at_privatkunden\" target=\"_blank\" rel=\"noreferrer noopener\">DPD<\/a> oder <a href=\"https:\/\/www.dhl.com\/at-de\/home.html\" target=\"_blank\" rel=\"noopener\">DHL Express<\/a><\/p>\n<div style=\"padding-bottom: 10px;\">Unser zuverl\u00e4ssiger Versand-Partner:<\/div>\n<p><a href=\"https:\/\/quivo.co\/fulfillment-anbieter\/\" target=\"_blank\" rel=\"noopener\"><img loading=\"lazy\" decoding=\"async\" class=\"alignnone wp-image-116626\" src=\"https:\/\/hempions.com\/wp-content\/uploads\/Quivo_Black_RGB-300x71.png\" alt=\"Quivo Fulfillment Anbieter\" width=\"150\" height=\"36\" title=\"\" srcset=\"https:\/\/staging.hempions.com\/wp-content\/uploads\/Quivo_Black_RGB-300x71.png 300w, https:\/\/staging.hempions.com\/wp-content\/uploads\/Quivo_Black_RGB-600x142.png 600w, https:\/\/staging.hempions.com\/wp-content\/uploads\/Quivo_Black_RGB-800x190.png 800w, https:\/\/staging.hempions.com\/wp-content\/uploads\/Quivo_Black_RGB-768x182.png 768w, https:\/\/staging.hempions.com\/wp-content\/uploads\/Quivo_Black_RGB-1536x365.png 1536w, https:\/\/staging.hempions.com\/wp-content\/uploads\/Quivo_Black_RGB-2048x486.png 2048w, https:\/\/staging.hempions.com\/wp-content\/uploads\/Quivo_Black_RGB-18x4.png 18w, https:\/\/staging.hempions.com\/wp-content\/uploads\/Quivo_Black_RGB-60x14.png 60w, https:\/\/staging.hempions.com\/wp-content\/uploads\/Quivo_Black_RGB-110x26.png 110w, https:\/\/staging.hempions.com\/wp-content\/uploads\/Quivo_Black_RGB-190x45.png 190w, https:\/\/staging.hempions.com\/wp-content\/uploads\/Quivo_Black_RGB-379x90.png 379w\" sizes=\"auto, (max-width: 150px) 100vw, 150px\" \/><\/a><\/p>\n<p class=\"swiss-content\" style=\"display: none;\">Wir versenden mit der <a href=\"https:\/\/www.post.ch\/de\" target=\"_blank\" rel=\"noreferrer noopener\">Schweizer Post<\/a>.<\/p>\n<h3>Lieferzeit<\/h3>\n<table style=\"width: fit-content;\">\n<tbody>\n<tr class=\"noswiss-content\">\n<th>Land<\/th>\n<th>Lieferzeit<\/th>\n<\/tr>\n<tr class=\"noswiss-content\">\n<td>\u00d6sterreich<\/td>\n<td>1 &#8211; 2 Werktage<\/td>\n<\/tr>\n<tr class=\"noswiss-content\">\n<td>Deutschland<\/td>\n<td>2 &#8211; 4 Werktage<\/td>\n<\/tr>\n<tr>\n<td>Schweiz \/ Liechtenstein<\/td>\n<td>2 &#8211; 4 Werktage<\/td>\n<\/tr>\n<tr class=\"noswiss-content\">\n<td>Ungarn \/ Tschechien \/ Slowenien \/ Slowakei \/ Kroatien \/ Portugal<\/td>\n<td>2 &#8211; 4 Werktage<\/td>\n<\/tr>\n<tr class=\"noswiss-content\">\n<td>Belgien \/ Luxemburg \/ Niederlande \/ D\u00e4nemark \/ Italien \/ Rum\u00e4nien<\/td>\n<td>3 &#8211; 4 Werktage<\/td>\n<\/tr>\n<tr class=\"noswiss-content\">\n<td>Frankreich \/ Schweden \/ Polen \/ Ireland \/ Spanien \/ Finnland<\/td>\n<td>4 &#8211; 5 Werktage<\/td>\n<\/tr>\n<\/tbody>\n<\/table>\n<h3>Falschlieferungen \/ Paketschaden<\/h3>\n<p><strong>Wichtig:<\/strong> falls du <strong>defekte<\/strong> oder<strong> falsche Produkte<\/strong> erhalten hast, bitten wir darum, innerhalb von <strong>f\u00fcnf Kalendertagen<\/strong> nach Erhalt des Paketes eine E-Mail mit Fotos des betroffenen Paketes bzw. Produktes an <strong><a href=\"mailto:support@hempions.ch\">support@hempions.ch<\/a><\/strong> zu senden. Dann k\u00f6nnen wir dies sofort an die zust\u00e4ndige Stelle weiterleiten und dir einen Ersatz zusenden.<\/p>\n<h2 id=\"zahlung\"><strong>Zahlung<\/strong><\/h2>\n<h3>Zahlungsarten<\/h3>\n<div class=\"payment-items-container\" style=\"justify-content: start; margin-bottom: 10px;\">\n<div class=\"payment-item swiss-content\">\n<div class=\"payment-logo twint\"><img decoding=\"async\" src=\"\/wp-content\/uploads\/Twint.svg\" alt=\"Twint\" title=\"\"><\/div>\n<\/div>\n<div class=\"payment-item cbd noswiss-content\">\n<div class=\"payment-logo paypal\"><img decoding=\"async\" src=\"\/wp-content\/uploads\/Paypal.svg\" alt=\"Paypal\" title=\"\"><\/div>\n<\/div>\n<div class=\"payment-item\">\n<div class=\"payment-logo applepay\"><img decoding=\"async\" src=\"\/wp-content\/uploads\/ApplePay.svg\" alt=\"Apple Pay\" title=\"\"><\/div>\n<\/div>\n<div class=\"payment-item\">\n<div class=\"payment-logo mastercard\"><img decoding=\"async\" src=\"\/wp-content\/uploads\/Mastercard.svg\" alt=\"Mastercard\" title=\"\"><\/div>\n<\/div>\n<div class=\"payment-item\">\n<div class=\"payment-logo visa\"><img decoding=\"async\" src=\"\/wp-content\/uploads\/Visa.svg\" alt=\"Visa\" title=\"\"><\/div>\n<\/div>\n<div class=\"payment-item\">\n<div class=\"payment-logo amex\"><img decoding=\"async\" src=\"\/wp-content\/uploads\/AmericanExpress.svg\" alt=\"American Express\" title=\"\"><\/div>\n<\/div>\n<div class=\"payment-item noswiss-content wholesale-exclude\">\n<div class=\"payment-logo klarna\"><img decoding=\"async\" src=\"\/wp-content\/uploads\/Klarnapaylater.svg\" alt=\"Klarnapaylater\" title=\"\"><\/div>\n<\/div>\n<div class=\"payment-item noswiss-content wholesale-exclude\">\n<div class=\"payment-logo rechnung\"><img decoding=\"async\" src=\"\/wp-content\/uploads\/Rechnung.svg\" alt=\"Rechnung\" title=\"\"><\/div>\n<\/div>\n<div class=\"payment-item\">\n<div class=\"payment-logo prepayment\"><img decoding=\"async\" src=\"\/wp-content\/uploads\/Vorkasse.svg\" alt=\"Vorkasse\" title=\"\"><\/div>\n<\/div>\n<\/div>\n<ul style=\"list-style: none; margin-left: 1em;\">\n<li class=\"noswiss-content\">\u2022 Paypal*<\/li>\n<li class=\"noswiss-content\">\u2022 Kreditkarte (Mastercard, Visa, American Express, Diners Club, JCB)<\/li>\n<li class=\"swiss-content\">\u2022 TWINT<\/li>\n<li>\u2022 Apple Pay<\/li>\n<li class=\"swiss-content\">\u2022 Kreditkarte (Mastercard, Visa, American Express)<\/li>\n<li class=\"noswiss-content wholesale-exclude\">\u2022 Zahlung auf Rechnung (\u00fcber Klarna)<\/li>\n<li>\u2022 Vorkasse (2% Rabatt)<\/li>\n<\/ul>\n<p><span class=\"noswiss-content\" style=\"font-size: 13px;\">* ausgenommen CBD Produkte<\/span><\/p>\n<h3>Zahlungsdienstleister<\/h3>\n<p style=\"text-align: left;\">S\u00e4mtliche Bezahlungen werden \u00fcber externe Zahlungsdienstleister abgewickelt. Es werden keinerlei Zahlungsinformationen bei uns direkt erfasst oder gespeichert. Mit der Verwendung der jeweiligen Bezahlmethode wird das Einverst\u00e4ndnis mit den Nutzungsbedingungen des dazugeh\u00f6rigen Zahlungsdienstleisters erkl\u00e4rt.<\/p>\n<h3>Gutschein-Codes<\/h3>\n<p style=\"text-align: left;\">Gutschein-Codes k\u00f6nnen auf der <a href=\"https:\/\/staging.hempions.com\/ch\/kasse\/\">Kasse-Seite<\/a> vor Abschluss der Bestellung eingel\u00f6st werden.<br \/>\nProzentuale Rabatt-Gutscheine k\u00f6nnen nicht miteinander verwendet werden, au\u00dfer explizit ausgewiesen.<br \/>\nGutschein-Codes, die in der Bestellnotiz angegeben oder nachtr\u00e4glich per Mail mitgeteilt werden, k\u00f6nnen leider nicht ber\u00fccksichtigt werden.<\/p>\n<h2 id=\"retouren\"><strong style=\"font-size: 2rem;\">Retouren &amp; R\u00fcckgabe<\/strong><\/h2>\n<p>Es ist sehr schade, dass du deine bestellten Artikel zur\u00fcckgeben m\u00f6chtest, aber das kannst du selbstverst\u00e4ndlich ohne Angabe von Gr\u00fcnden binnen 14 Tagen nach Erhalt machen. Aus hygienischen Gr\u00fcnden kannst du ausschlie\u00dflich unge\u00f6ffnete Ware an folgende Adresse zur\u00fcckschicken:<\/p>\n<p><b class=\"translation-block\" data-context=\"return-adress\">Entry GmbH, z.H. Hempions GmbH<br \/>\nIndustriestrasse 64<br \/>\n9443 Widnau<br \/>\nSchweiz<\/b><\/p>\n<p>Lege zur Identifizierung und weiteren Bearbeitung deinen Lieferschein bei und markiere die retournierten Artikel. Unsere <strong><a href=\"https:\/\/hempions.com\/widerrufsrecht\/\" target=\"_blank\" rel=\"noopener\">R\u00fcckgaberichtlinie<\/a><\/strong> besagt, dass die Kosten f\u00fcr die R\u00fccksendung von dir getragen werden und du eigenst\u00e4ndig ein Etikett f\u00fcr die Retoure kaufen musst. Bitte hebe in diesem Fall die Sendungsnummer zur Verfolgung deiner R\u00fccksendung auf. Nachdem deine R\u00fccksendung bei uns eingetroffen ist und \u00fcberpr\u00fcft wurde, \u00fcberweisen wir dir den Wert deiner Bestellung auf das urspr\u00fcngliche Zahlungsmittel zur\u00fcck.<\/p>","protected":false},"excerpt":{"rendered":"<p> [&hellip;]<\/p>","protected":false},"author":1,"featured_media":0,"parent":0,"menu_order":0,"comment_status":"closed","ping_status":"closed","template":"","meta":{"CBBTypography":[],"editor_plus_copied_stylings":"{}","site-sidebar-layout":"default","site-content-layout":"default","ast-site-content-layout":"default","site-content-style":"default","site-sidebar-style":"default","ast-global-header-display":"","ast-banner-title-visibility":"","ast-main-header-display":"","ast-hfb-above-header-display":"","ast-hfb-below-header-display":"","ast-hfb-mobile-header-display":"","site-post-title":"disabled","ast-breadcrumbs-content":"disabled","ast-featured-img":"disabled","footer-sml-layout":"","ast-disable-related-posts":"","theme-transparent-header-meta":"default","adv-header-id-meta":"","stick-header-meta":"default","header-above-stick-meta":"","header-main-stick-meta":"","header-below-stick-meta":"","astra-migrate-meta-layouts":"set","ast-page-background-enabled":"default","ast-page-background-meta":{"desktop":{"background-color":"","background-image":"","background-repeat":"repeat","background-position":"center center","background-size":"auto","background-attachment":"scroll","background-type":"","background-media":"","overlay-type":"","overlay-color":"","overlay-opacity":"","overlay-gradient":""},"tablet":{"background-color":"","background-image":"","background-repeat":"repeat","background-position":"center center","background-size":"auto","background-attachment":"scroll","background-type":"","background-media":"","overlay-type":"","overlay-color":"","overlay-opacity":"","overlay-gradient":""},"mobile":{"background-color":"","background-image":"","background-repeat":"repeat","background-position":"center center","background-size":"auto","background-attachment":"scroll","background-type":"","background-media":"","overlay-type":"","overlay-color":"","overlay-opacity":"","overlay-gradient":""}},"ast-content-background-meta":{"desktop":{"background-color":"var(--ast-global-color-5)","background-image":"","background-repeat":"repeat","background-position":"center center","background-size":"auto","background-attachment":"scroll","background-type":"","background-media":"","overlay-type":"","overlay-color":"","overlay-opacity":"","overlay-gradient":""},"tablet":{"background-color":"var(--ast-global-color-5)","background-image":"","background-repeat":"repeat","background-position":"center center","background-size":"auto","background-attachment":"scroll","background-type":"","background-media":"","overlay-type":"","overlay-color":"","overlay-opacity":"","overlay-gradient":""},"mobile":{"background-color":"var(--ast-global-color-5)","background-image":"","background-repeat":"repeat","background-position":"center center","background-size":"auto","background-attachment":"scroll","background-type":"","background-media":"","overlay-type":"","overlay-color":"","overlay-opacity":"","overlay-gradient":""}},"footnotes":""},"class_list":["post-37059","page","type-page","status-publish","hentry"],"_links":{"self":[{"href":"https:\/\/staging.hempions.com\/ch\/wp-json\/wp\/v2\/pages\/37059","targetHints":{"allow":["GET"]}}],"collection":[{"href":"https:\/\/staging.hempions.com\/ch\/wp-json\/wp\/v2\/pages"}],"about":[{"href":"https:\/\/staging.hempions.com\/ch\/wp-json\/wp\/v2\/types\/page"}],"author":[{"embeddable":true,"href":"https:\/\/staging.hempions.com\/ch\/wp-json\/wp\/v2\/users\/1"}],"replies":[{"embeddable":true,"href":"https:\/\/staging.hempions.com\/ch\/wp-json\/wp\/v2\/comments?post=37059"}],"version-history":[{"count":3,"href":"https:\/\/staging.hempions.com\/ch\/wp-json\/wp\/v2\/pages\/37059\/revisions"}],"predecessor-version":[{"id":119034,"href":"https:\/\/staging.hempions.com\/ch\/wp-json\/wp\/v2\/pages\/37059\/revisions\/119034"}],"wp:attachment":[{"href":"https:\/\/staging.hempions.com\/ch\/wp-json\/wp\/v2\/media?parent=37059"}],"curies":[{"name":"wp","href":"https:\/\/api.w.org\/{rel}","templated":true}]}}