{"id":1883,"date":"2018-02-15T20:10:20","date_gmt":"2018-02-15T19:10:20","guid":{"rendered":"http:\/\/www.thehempions.com\/mesmerize\/"},"modified":"2025-05-12T12:20:12","modified_gmt":"2025-05-12T10:20:12","slug":"team","status":"publish","type":"page","link":"https:\/\/staging.hempions.com\/ch\/team\/","title":{"rendered":"Das Hempions Team"},"content":{"rendered":"<div class=\"inherit-container-width wp-block-group eplus-wrapper is-layout-constrained wp-block-group-is-layout-constrained eplus-styles-uid-871cf9\"><div class=\"wp-block-group__inner-container\">\n<div class=\"inherit-container-width wp-block-group eplus-wrapper is-layout-constrained wp-block-group-is-layout-constrained\"><div class=\"wp-block-group__inner-container\"><h1 class=\"wp-block-heading has-text-align-center eplus-wrapper eplus-styles-uid-5b7bee\"><strong>Willkommen beim Hempions Team<\/strong><\/h1>\n\n\n<figure class=\"wp-block-image aligncenter size-full eplus-wrapper\"><img loading=\"lazy\" decoding=\"async\" width=\"607\" height=\"507\" src=\"https:\/\/hempions.com\/wp-content\/uploads\/Von-Athleten-zu-Hanf-Pioieren.png\" alt=\"\" class=\"wp-image-77959\" title=\"\" srcset=\"https:\/\/staging.hempions.com\/wp-content\/uploads\/Von-Athleten-zu-Hanf-Pioieren.png 607w, https:\/\/staging.hempions.com\/wp-content\/uploads\/Von-Athleten-zu-Hanf-Pioieren-600x501.png 600w, https:\/\/staging.hempions.com\/wp-content\/uploads\/Von-Athleten-zu-Hanf-Pioieren-300x251.png 300w, https:\/\/staging.hempions.com\/wp-content\/uploads\/Von-Athleten-zu-Hanf-Pioieren-14x12.png 14w, https:\/\/staging.hempions.com\/wp-content\/uploads\/Von-Athleten-zu-Hanf-Pioieren-60x50.png 60w, https:\/\/staging.hempions.com\/wp-content\/uploads\/Von-Athleten-zu-Hanf-Pioieren-110x92.png 110w\" sizes=\"auto, (max-width: 607px) 100vw, 607px\" \/><\/figure>\n\n\n<p class=\"has-text-align-center eplus-wrapper eplus-styles-uid-ccd73f\">Fabian &amp; Florian Braitsch &#8211; Br\u00fcder &amp; Hempions Gr\u00fcnder<\/p>\n\n<div class=\"inherit-container-width wp-block-group eplus-wrapper is-layout-constrained wp-block-group-is-layout-constrained eplus-styles-uid-17be7b\"><div class=\"wp-block-group__inner-container\"><p class=\"eplus-wrapper eplus-styles-uid-c54caa\"><em>\u201eUnsere Mission ist es, die <strong>Gesundheit<\/strong> und <strong>Leistungsf\u00e4higkeit<\/strong> der Menschen zu verbessern und dabei der <strong>Umwelt etwas Gutes<\/strong> zu tun\u201c<\/em><\/p><\/div><\/div><\/div><\/div>\n<\/div><\/div>\n\n<div class=\"inherit-container-width wp-block-group eplus-wrapper is-layout-constrained wp-block-group-is-layout-constrained eplus-styles-uid-884a97\"><div class=\"wp-block-group__inner-container\"><h2 class=\"wp-block-heading has-text-align-center eplus-wrapper eplus-styles-uid-07ce67\"><strong>Von Athleten zu Hanf Pionieren<\/strong><\/h2>\n\n<p class=\"eplus-wrapper eplus-styles-uid-fb0610\">Wir, Florian und Fabian Braitsch, sind Br\u00fcder und kommen aus den Alpen \u00d6sterreichs.<br>Seit unserer Karriere als Profisportler haben wir uns st\u00e4ndig mit Ern\u00e4hrung besch\u00e4ftigt und die Begeisterung f\u00fcr gutes Essen wurde uns in die Wiege gelegt. Seit unserer Gr\u00fcndung im Jahr 2018 arbeiten wir mit voller Leidenschaft daran, mit innovativen Lebensmitteln aus Hanfsamen einen Beitrag f\u00fcr eine ges\u00fcndere und nachhaltigere Zukunft zu leisten.<\/p>\n\n\n<div class=\"wp-block-boldblocks-grid-item-repeater cbb-block-parent is-grid cbb-g-1 md-cbb-grid-columns sm-cbb-grid-gap-column sm-cbb-grid-gap-row\">\n<div class=\"wp-block-boldblocks-grid-item cbb-block is-grid-item has-parent is-layout-flow wp-block-boldblocks-grid-item-is-layout-flow\">\n<h3 class=\"wp-block-heading has-text-align-center eplus-wrapper\"><strong>Fabian Braitsch<\/strong><\/h3>\n\n\n\n<a href=\"https:\/\/staging.hempions.com\/ch\/team\/fabian-braitsch\/\">\n\n\n<div class=\"inherit-container-width team-pic wp-block-group eplus-wrapper is-layout-constrained wp-block-group-is-layout-constrained eplus-styles-uid-f2a310\"><div class=\"wp-block-group__inner-container\"><\/div><\/div>\n\n\n<\/a>\n\n\n<ul class=\"ep-custom-list wp-block-list eplus-wrapper eplus-styles-uid-66a329\">\n<li class=\"eplus-wrapper\">\ud83c\udfc6 Europacup Gesamtsieger<\/li>\n\n\n\n<li class=\"eplus-wrapper\">\ud83c\udfc5 Universiade Goldmedaille<\/li>\n\n\n\n<li class=\"eplus-wrapper\">\ud83c\udf93 Master in Business &amp; Technology<\/li>\n<\/ul>\n\n<div class=\"wp-block-buttons eplus-wrapper is-content-justification-center is-layout-flex wp-container-core-buttons-is-layout-a89b3969 wp-block-buttons-is-layout-flex eplus-styles-uid-128602\"><div class=\"more-button wp-block-button eplus-wrapper eplus-styles-uid-a83fb1\"><a class=\"wp-block-button__link wp-element-button\" href=\"https:\/\/staging.hempions.com\/ch\/team\/fabian-braitsch\/\"><strong>Mehr zu Fabian &amp; Galerie \u00bb<\/strong><\/a><\/div><\/div><\/div>\n\n\n\n<div class=\"wp-block-boldblocks-grid-item cbb-block is-grid-item has-parent is-layout-flow wp-block-boldblocks-grid-item-is-layout-flow\">\n<h3 class=\"wp-block-heading has-text-align-center eplus-wrapper\"><strong>Florian Braitsch<\/strong><\/h3>\n\n\n\n<a href=\"https:\/\/staging.hempions.com\/ch\/team\/florian-braitsch\/\">\n\n\n<div class=\"inherit-container-width team-pic  wp-block-group eplus-wrapper is-layout-constrained wp-block-group-is-layout-constrained eplus-styles-uid-d3e27a\"><div class=\"wp-block-group__inner-container\"><\/div><\/div>\n\n\n<\/a>\n\n\n<ul class=\"ep-custom-list wp-block-list eplus-wrapper eplus-styles-uid-500355\">\n<li class=\"eplus-wrapper\">\ud83c\udfc6 Mehrfacher Kunstturn Staatsmeister<\/li>\n\n\n\n<li class=\"eplus-wrapper\">\ud83c\udde6\ud83c\uddf9 Nationalteam Turner &amp; WM Teilnehmer<\/li>\n\n\n\n<li class=\"eplus-wrapper\">\ud83c\udf93 Bachelor in Management, Communication &amp; IT<\/li>\n<\/ul>\n\n<div class=\"wp-block-buttons eplus-wrapper is-content-justification-center is-layout-flex wp-container-core-buttons-is-layout-a89b3969 wp-block-buttons-is-layout-flex eplus-styles-uid-128602\"><div class=\"more-button wp-block-button eplus-wrapper eplus-styles-uid-20ab9b\"><a class=\"wp-block-button__link wp-element-button\" href=\"https:\/\/staging.hempions.com\/ch\/team\/florian-braitsch\/\"><strong>Mehr zu Florian &amp; Galerie \u00bb<\/strong><\/a><\/div><\/div><\/div>\n<\/div>\n<\/div><\/div>","protected":false},"excerpt":{"rendered":"<p> [&hellip;]<\/p>","protected":false},"author":1,"featured_media":77959,"parent":0,"menu_order":0,"comment_status":"closed","ping_status":"closed","template":"","meta":{"CBBTypography":[],"editor_plus_copied_stylings":"{}","site-sidebar-layout":"default","site-content-layout":"page-builder","ast-site-content-layout":"full-width-container","site-content-style":"unboxed","site-sidebar-style":"unboxed","ast-global-header-display":"","ast-banner-title-visibility":"disabled","ast-main-header-display":"","ast-hfb-above-header-display":"","ast-hfb-below-header-display":"","ast-hfb-mobile-header-display":"","site-post-title":"disabled","ast-breadcrumbs-content":"disabled","ast-featured-img":"disabled","footer-sml-layout":"","ast-disable-related-posts":"","theme-transparent-header-meta":"default","adv-header-id-meta":"","stick-header-meta":"default","header-above-stick-meta":"","header-main-stick-meta":"","header-below-stick-meta":"","astra-migrate-meta-layouts":"set","ast-page-background-enabled":"default","ast-page-background-meta":{"desktop":{"background-color":"","background-image":"","background-repeat":"repeat","background-position":"center center","background-size":"auto","background-attachment":"scroll","background-type":"","background-media":"","overlay-type":"","overlay-color":"","overlay-opacity":"","overlay-gradient":""},"tablet":{"background-color":"","background-image":"","background-repeat":"repeat","background-position":"center center","background-size":"auto","background-attachment":"scroll","background-type":"","background-media":"","overlay-type":"","overlay-color":"","overlay-opacity":"","overlay-gradient":""},"mobile":{"background-color":"","background-image":"","background-repeat":"repeat","background-position":"center center","background-size":"auto","background-attachment":"scroll","background-type":"","background-media":"","overlay-type":"","overlay-color":"","overlay-opacity":"","overlay-gradient":""}},"ast-content-background-meta":{"desktop":{"background-color":"var(--ast-global-color-5)","background-image":"","background-repeat":"repeat","background-position":"center center","background-size":"auto","background-attachment":"scroll","background-type":"","background-media":"","overlay-type":"","overlay-color":"","overlay-opacity":"","overlay-gradient":""},"tablet":{"background-color":"var(--ast-global-color-5)","background-image":"","background-repeat":"repeat","background-position":"center center","background-size":"auto","background-attachment":"scroll","background-type":"","background-media":"","overlay-type":"","overlay-color":"","overlay-opacity":"","overlay-gradient":""},"mobile":{"background-color":"var(--ast-global-color-5)","background-image":"","background-repeat":"repeat","background-position":"center center","background-size":"auto","background-attachment":"scroll","background-type":"","background-media":"","overlay-type":"","overlay-color":"","overlay-opacity":"","overlay-gradient":""}},"footnotes":""},"class_list":["post-1883","page","type-page","status-publish","has-post-thumbnail","hentry"],"_links":{"self":[{"href":"https:\/\/staging.hempions.com\/ch\/wp-json\/wp\/v2\/pages\/1883","targetHints":{"allow":["GET"]}}],"collection":[{"href":"https:\/\/staging.hempions.com\/ch\/wp-json\/wp\/v2\/pages"}],"about":[{"href":"https:\/\/staging.hempions.com\/ch\/wp-json\/wp\/v2\/types\/page"}],"author":[{"embeddable":true,"href":"https:\/\/staging.hempions.com\/ch\/wp-json\/wp\/v2\/users\/1"}],"replies":[{"embeddable":true,"href":"https:\/\/staging.hempions.com\/ch\/wp-json\/wp\/v2\/comments?post=1883"}],"version-history":[{"count":2,"href":"https:\/\/staging.hempions.com\/ch\/wp-json\/wp\/v2\/pages\/1883\/revisions"}],"predecessor-version":[{"id":116479,"href":"https:\/\/staging.hempions.com\/ch\/wp-json\/wp\/v2\/pages\/1883\/revisions\/116479"}],"wp:featuredmedia":[{"embeddable":true,"href":"https:\/\/staging.hempions.com\/ch\/wp-json\/wp\/v2\/media\/77959"}],"wp:attachment":[{"href":"https:\/\/staging.hempions.com\/ch\/wp-json\/wp\/v2\/media?parent=1883"}],"curies":[{"name":"wp","href":"https:\/\/api.w.org\/{rel}","templated":true}]}}